{"id":8439,"date":"2021-03-05T15:24:23","date_gmt":"2021-09-27T11:41:37","guid":{"rendered":"https:\/\/www.tussockjumperwines.com\/our-wines\/nero-davola-bio\/"},"modified":"2022-03-18T15:34:52","modified_gmt":"2022-03-18T15:34:52","slug":"nero-davola-bio","status":"publish","type":"product","link":"https:\/\/www.tussockjumperwines.com\/fr\/nos-vins\/nero-davola-bio\/","title":{"rendered":"Nero d&rsquo;Avola Bio"},"content":{"rendered":"<p><strong>MES RACINES<\/strong>  <br \/>En Sicile, la nature est tr\u00e8s g\u00e9n\u00e9reuse. Elle offre les conditions parfaites pour la culture biologique du raisin. Mes raisins poussent sur des pentes \u00e0 flanc de colline dans la r\u00e9gion de Trapani, au nord de Marsala, \u00e0 l&rsquo;extr\u00eame ouest de l\u2019\u00eele. Le climat sicilien assure des raisins merveilleusement m\u00fbrs, qui sont cueillis au moment optimal. Puis ils sont press\u00e9s tr\u00e8s doucement. Pendant les premi\u00e8res \u00e9tapes de la fermentation, qui prend environ 15 jours \u00e0 une temp\u00e9rature contr\u00f4l\u00e9e d&rsquo;environ 28\u00b0C, le malaxage est intense, afin d\u2019extraire la juste quantit\u00e9 de couleur et de tanins doux. Une fois la fermentation termin\u00e9e, le vin est d\u00e9cuv\u00e9 et la fermentation malolactique a lieu.<\/p>\n<p><strong>QUE SIGNIFIE BIO ?<\/strong>  <br \/>Par \u00ab\u00a0agriculture biologique\u00a0\u00bb, on entend les syst\u00e8mes de production agricole qui cherchent \u00e0 fournir au consommateur des aliments frais, savoureux et authentiques tout en respectant les syst\u00e8mes naturels du cycle de vie. Parmi les pratiques biologiques typiques, on peut citer : une r\u00e9duction stricte de l\u2019usage de pesticides et d\u2019engrais chimiques, les pratiques d&rsquo;\u00e9levage adapt\u00e9es, l\u2019interdiction absolue d\u2019utiliser des organismes g\u00e9n\u00e9tiquement modifi\u00e9s, la r\u00e9duction des auxiliaires technologiques et des additifs alimentaires.<\/p>\n<p><strong>APPELLATION<\/strong><br \/>Nero d\u2019Avola &#8211; Sicilia DOC (AOP)<\/p>\n<p><strong>MON ANALYSE<\/strong>  <br \/>Alcool : 13,5% <br \/>Acidit\u00e9 totale : 3,7 g\/l <br \/>Sucre r\u00e9siduel : 9,7 g\/l<\/p>\n","protected":false},"excerpt":{"rendered":"<p><label>Caract\u00e9ristiques<\/label><\/p><ul><li>Robe rouge pourpre<\/li><li>Ar\u00f4mes de baies rouges et de prune<\/li><li>\u00c9pices<\/li><li>Palais velout\u00e9<\/li><\/ul><p><label>Meilleurs assortiments<\/label><\/p><ul><li>Viande rouge<\/li><li>P\u00e2tes<\/li><li>Pizza<\/li><\/ul>","protected":false},"featured_media":10446,"comment_status":"closed","ping_status":"closed","template":"","meta":[],"product_brand":[],"product_cat":[118],"product_tag":[],"class_list":{"0":"post-8439","1":"product","2":"type-product","3":"status-publish","4":"has-post-thumbnail","6":"product_cat-nos-vins","8":"first","9":"instock","10":"shipping-taxable","11":"product-type-simple"},"yoast_head":"<!-- This site is optimized with the Yoast SEO plugin v27.3 - https:\/\/yoast.com\/product\/yoast-seo-wordpress\/ -->\n<title>Nero d&#039;Avola Bio - Tussock Jumper Wines<\/title>\n<meta name=\"robots\" content=\"index, follow, max-snippet:-1, max-image-preview:large, max-video-preview:-1\" \/>\n<link rel=\"canonical\" href=\"https:\/\/www.tussockjumperwines.com\/nos-vins\/nero-davola-organic\/\" \/>\n<meta property=\"og:locale\" content=\"fr_FR\" \/>\n<meta property=\"og:type\" content=\"article\" \/>\n<meta property=\"og:title\" content=\"Nero d&#039;Avola Bio - Tussock Jumper Wines\" \/>\n<meta property=\"og:description\" content=\"Caract\u00e9ristiquesRobe rouge pourpreAr\u00f4mes de baies rouges et de prune\u00c9picesPalais velout\u00e9Meilleurs assortimentsViande rougeP\u00e2tesPizza\" \/>\n<meta property=\"og:url\" content=\"https:\/\/www.tussockjumperwines.com\/nos-vins\/nero-davola-organic\/\" \/>\n<meta property=\"og:site_name\" content=\"Tussock Jumper Wines\" \/>\n<meta property=\"article:modified_time\" content=\"2022-03-18T15:34:52+00:00\" \/>\n<meta property=\"og:image\" content=\"https:\/\/www.tussockjumperwines.com\/wp-content\/uploads\/2021\/03\/T-J-Nero-Davola-ORG.png\" \/>\n\t<meta property=\"og:image:width\" content=\"280\" \/>\n\t<meta property=\"og:image:height\" content=\"990\" \/>\n\t<meta property=\"og:image:type\" content=\"image\/png\" \/>\n<meta name=\"twitter:card\" content=\"summary_large_image\" \/>\n<meta name=\"twitter:label1\" content=\"Dur\u00e9e de lecture estim\u00e9e\" \/>\n\t<meta name=\"twitter:data1\" content=\"1 minute\" \/>\n<script type=\"application\/ld+json\" class=\"yoast-schema-graph\">{\"@context\":\"https:\\\/\\\/schema.org\",\"@graph\":[{\"@type\":\"WebPage\",\"@id\":\"https:\\\/\\\/www.tussockjumperwines.com\\\/nos-vins\\\/nero-davola-organic\\\/\",\"url\":\"https:\\\/\\\/www.tussockjumperwines.com\\\/nos-vins\\\/nero-davola-organic\\\/\",\"name\":\"Nero d'Avola Bio - Tussock Jumper Wines\",\"isPartOf\":{\"@id\":\"https:\\\/\\\/www.tussockjumperwines.com\\\/#website\"},\"primaryImageOfPage\":{\"@id\":\"https:\\\/\\\/www.tussockjumperwines.com\\\/nos-vins\\\/nero-davola-organic\\\/#primaryimage\"},\"image\":{\"@id\":\"https:\\\/\\\/www.tussockjumperwines.com\\\/nos-vins\\\/nero-davola-organic\\\/#primaryimage\"},\"thumbnailUrl\":\"https:\\\/\\\/www.tussockjumperwines.com\\\/wp-content\\\/uploads\\\/2021\\\/03\\\/T-J-Nero-Davola-ORG.png\",\"datePublished\":\"2021-09-27T11:41:37+00:00\",\"dateModified\":\"2022-03-18T15:34:52+00:00\",\"breadcrumb\":{\"@id\":\"https:\\\/\\\/www.tussockjumperwines.com\\\/nos-vins\\\/nero-davola-organic\\\/#breadcrumb\"},\"inLanguage\":\"fr-FR\",\"potentialAction\":[{\"@type\":\"ReadAction\",\"target\":[\"https:\\\/\\\/www.tussockjumperwines.com\\\/nos-vins\\\/nero-davola-organic\\\/\"]}]},{\"@type\":\"ImageObject\",\"inLanguage\":\"fr-FR\",\"@id\":\"https:\\\/\\\/www.tussockjumperwines.com\\\/nos-vins\\\/nero-davola-organic\\\/#primaryimage\",\"url\":\"https:\\\/\\\/www.tussockjumperwines.com\\\/wp-content\\\/uploads\\\/2021\\\/03\\\/T-J-Nero-Davola-ORG.png\",\"contentUrl\":\"https:\\\/\\\/www.tussockjumperwines.com\\\/wp-content\\\/uploads\\\/2021\\\/03\\\/T-J-Nero-Davola-ORG.png\",\"width\":280,\"height\":990},{\"@type\":\"BreadcrumbList\",\"@id\":\"https:\\\/\\\/www.tussockjumperwines.com\\\/nos-vins\\\/nero-davola-organic\\\/#breadcrumb\",\"itemListElement\":[{\"@type\":\"ListItem\",\"position\":1,\"name\":\"Home\",\"item\":\"https:\\\/\\\/www.tussockjumperwines.com\\\/fr\\\/\"},{\"@type\":\"ListItem\",\"position\":2,\"name\":\"Boutique\",\"item\":\"https:\\\/\\\/www.tussockjumperwines.com\\\/fr\\\/boutique\\\/\"},{\"@type\":\"ListItem\",\"position\":3,\"name\":\"Nero d&#8217;Avola Bio\"}]},{\"@type\":\"WebSite\",\"@id\":\"https:\\\/\\\/www.tussockjumperwines.com\\\/#website\",\"url\":\"https:\\\/\\\/www.tussockjumperwines.com\\\/\",\"name\":\"Tussock Jumper Wines\",\"description\":\"Jump around the wine world\",\"potentialAction\":[{\"@type\":\"SearchAction\",\"target\":{\"@type\":\"EntryPoint\",\"urlTemplate\":\"https:\\\/\\\/www.tussockjumperwines.com\\\/?s={search_term_string}\"},\"query-input\":{\"@type\":\"PropertyValueSpecification\",\"valueRequired\":true,\"valueName\":\"search_term_string\"}}],\"inLanguage\":\"fr-FR\"}]}<\/script>\n<!-- \/ Yoast SEO plugin. -->","yoast_head_json":{"title":"Nero d'Avola Bio - Tussock Jumper Wines","robots":{"index":"index","follow":"follow","max-snippet":"max-snippet:-1","max-image-preview":"max-image-preview:large","max-video-preview":"max-video-preview:-1"},"canonical":"https:\/\/www.tussockjumperwines.com\/nos-vins\/nero-davola-organic\/","og_locale":"fr_FR","og_type":"article","og_title":"Nero d'Avola Bio - Tussock Jumper Wines","og_description":"Caract\u00e9ristiquesRobe rouge pourpreAr\u00f4mes de baies rouges et de prune\u00c9picesPalais velout\u00e9Meilleurs assortimentsViande rougeP\u00e2tesPizza","og_url":"https:\/\/www.tussockjumperwines.com\/nos-vins\/nero-davola-organic\/","og_site_name":"Tussock Jumper Wines","article_modified_time":"2022-03-18T15:34:52+00:00","og_image":[{"width":280,"height":990,"url":"https:\/\/www.tussockjumperwines.com\/wp-content\/uploads\/2021\/03\/T-J-Nero-Davola-ORG.png","type":"image\/png"}],"twitter_card":"summary_large_image","twitter_misc":{"Dur\u00e9e de lecture estim\u00e9e":"1 minute"},"schema":{"@context":"https:\/\/schema.org","@graph":[{"@type":"WebPage","@id":"https:\/\/www.tussockjumperwines.com\/nos-vins\/nero-davola-organic\/","url":"https:\/\/www.tussockjumperwines.com\/nos-vins\/nero-davola-organic\/","name":"Nero d'Avola Bio - Tussock Jumper Wines","isPartOf":{"@id":"https:\/\/www.tussockjumperwines.com\/#website"},"primaryImageOfPage":{"@id":"https:\/\/www.tussockjumperwines.com\/nos-vins\/nero-davola-organic\/#primaryimage"},"image":{"@id":"https:\/\/www.tussockjumperwines.com\/nos-vins\/nero-davola-organic\/#primaryimage"},"thumbnailUrl":"https:\/\/www.tussockjumperwines.com\/wp-content\/uploads\/2021\/03\/T-J-Nero-Davola-ORG.png","datePublished":"2021-09-27T11:41:37+00:00","dateModified":"2022-03-18T15:34:52+00:00","breadcrumb":{"@id":"https:\/\/www.tussockjumperwines.com\/nos-vins\/nero-davola-organic\/#breadcrumb"},"inLanguage":"fr-FR","potentialAction":[{"@type":"ReadAction","target":["https:\/\/www.tussockjumperwines.com\/nos-vins\/nero-davola-organic\/"]}]},{"@type":"ImageObject","inLanguage":"fr-FR","@id":"https:\/\/www.tussockjumperwines.com\/nos-vins\/nero-davola-organic\/#primaryimage","url":"https:\/\/www.tussockjumperwines.com\/wp-content\/uploads\/2021\/03\/T-J-Nero-Davola-ORG.png","contentUrl":"https:\/\/www.tussockjumperwines.com\/wp-content\/uploads\/2021\/03\/T-J-Nero-Davola-ORG.png","width":280,"height":990},{"@type":"BreadcrumbList","@id":"https:\/\/www.tussockjumperwines.com\/nos-vins\/nero-davola-organic\/#breadcrumb","itemListElement":[{"@type":"ListItem","position":1,"name":"Home","item":"https:\/\/www.tussockjumperwines.com\/fr\/"},{"@type":"ListItem","position":2,"name":"Boutique","item":"https:\/\/www.tussockjumperwines.com\/fr\/boutique\/"},{"@type":"ListItem","position":3,"name":"Nero d&#8217;Avola Bio"}]},{"@type":"WebSite","@id":"https:\/\/www.tussockjumperwines.com\/#website","url":"https:\/\/www.tussockjumperwines.com\/","name":"Tussock Jumper Wines","description":"Jump around the wine world","potentialAction":[{"@type":"SearchAction","target":{"@type":"EntryPoint","urlTemplate":"https:\/\/www.tussockjumperwines.com\/?s={search_term_string}"},"query-input":{"@type":"PropertyValueSpecification","valueRequired":true,"valueName":"search_term_string"}}],"inLanguage":"fr-FR"}]}},"_links":{"self":[{"href":"https:\/\/www.tussockjumperwines.com\/fr\/wp-json\/wp\/v2\/product\/8439","targetHints":{"allow":["GET"]}}],"collection":[{"href":"https:\/\/www.tussockjumperwines.com\/fr\/wp-json\/wp\/v2\/product"}],"about":[{"href":"https:\/\/www.tussockjumperwines.com\/fr\/wp-json\/wp\/v2\/types\/product"}],"replies":[{"embeddable":true,"href":"https:\/\/www.tussockjumperwines.com\/fr\/wp-json\/wp\/v2\/comments?post=8439"}],"wp:featuredmedia":[{"embeddable":true,"href":"https:\/\/www.tussockjumperwines.com\/fr\/wp-json\/wp\/v2\/media\/10446"}],"wp:attachment":[{"href":"https:\/\/www.tussockjumperwines.com\/fr\/wp-json\/wp\/v2\/media?parent=8439"}],"wp:term":[{"taxonomy":"product_brand","embeddable":true,"href":"https:\/\/www.tussockjumperwines.com\/fr\/wp-json\/wp\/v2\/product_brand?post=8439"},{"taxonomy":"product_cat","embeddable":true,"href":"https:\/\/www.tussockjumperwines.com\/fr\/wp-json\/wp\/v2\/product_cat?post=8439"},{"taxonomy":"product_tag","embeddable":true,"href":"https:\/\/www.tussockjumperwines.com\/fr\/wp-json\/wp\/v2\/product_tag?post=8439"}],"curies":[{"name":"wp","href":"https:\/\/api.w.org\/{rel}","templated":true}]}}