{"id":8438,"date":"2021-03-05T13:14:29","date_gmt":"2021-09-27T11:41:37","guid":{"rendered":"https:\/\/www.tussockjumperwines.com\/our-wines\/verdejo-organic\/"},"modified":"2024-02-02T14:04:05","modified_gmt":"2024-02-02T14:04:05","slug":"verdejo-organic","status":"publish","type":"product","link":"https:\/\/www.tussockjumperwines.com\/fr\/nos-vins\/verdejo-organic\/","title":{"rendered":"Verdejo Organic"},"content":{"rendered":"<p><strong>MES RACINES<\/strong> <br \/>Dans le cadre d\u2019un retour \u00e0 une agriculture traditionnelle, je suis issu d&rsquo;une culture enti\u00e8rement naturelle sans herbicides, ni pesticides, ni insecticides. Ma m\u00e9thode de production comporte une fermentation gr\u00e2ce aux levures indig\u00e8nes. La clarification se fait au moyen de produits naturels et la mise en bouteille ne requiert qu\u2019une utilisation minime de sulfites. Gr\u00e2ce \u00e0 l&rsquo;absence de traitement chimique tout au long de mon processus de production, je suis certifi\u00e9 biologique et vegan.<\/p>\n<p><strong>QUE SIGNIFIE BIO ?<\/strong> <br \/>Par \u00ab\u00a0agriculture biologique\u00a0\u00bb, on entend les syst\u00e8mes de production agricole qui cherchent \u00e0 fournir au consommateur des aliments frais, savoureux et authentiques tout en respectant les syst\u00e8mes naturels du cycle de vie. Parmi les pratiques biologiques typiques, on peut citer : une r\u00e9duction stricte de l\u2019usage de pesticides et d\u2019engrais chimiques, les pratiques d&rsquo;\u00e9levage adapt\u00e9es, l\u2019interdiction absolue d\u2019utiliser des organismes g\u00e9n\u00e9tiquement modifi\u00e9s, la r\u00e9duction des auxiliaires technologiques et des additifs alimentaires.<\/p>\n<p><strong>APPELLATION<\/strong><br \/>Rueda DOP (AOP)<\/p>\n<p><strong>NOTE DE VIVINO<\/strong><br \/>3,2\/5<\/p>\n<p><strong>MON ANALYSE<\/strong> <br \/>Alcool: 12% <br \/>Acidit\u00e9 totale : 3,9 g\/l <br \/>Sucre r\u00e9siduel : 2,9 g\/l<\/p>\n","protected":false},"excerpt":{"rendered":"<p><label>Caract\u00e9ristiques<\/label><\/p><ul><li>Jaune dor\u00e9 avec des reflets verts<\/li><li>Fruit\u00e9 aux ar\u00f4mes d\u2019agrumes<\/li><li>Frais et l\u00e9ger<\/li><\/ul><p><label>Meilleurs assortiments<\/label><\/p><ul><li>Poissons<\/li><li>Fruits de mer<\/li><li>Fromage<\/li><\/ul>","protected":false},"featured_media":10898,"comment_status":"closed","ping_status":"closed","template":"","meta":[],"product_brand":[],"product_cat":[118],"product_tag":[],"class_list":{"0":"post-8438","1":"product","2":"type-product","3":"status-publish","4":"has-post-thumbnail","6":"product_cat-nos-vins","8":"first","9":"instock","10":"shipping-taxable","11":"product-type-simple"},"yoast_head":"<!-- This site is optimized with the Yoast SEO plugin v27.3 - https:\/\/yoast.com\/product\/yoast-seo-wordpress\/ -->\n<title>Verdejo Organic - Tussock Jumper Wines<\/title>\n<meta name=\"robots\" content=\"index, follow, max-snippet:-1, max-image-preview:large, max-video-preview:-1\" \/>\n<link rel=\"canonical\" href=\"https:\/\/www.tussockjumperwines.com\/nos-vins\/verdejo-organic\/\" \/>\n<meta property=\"og:locale\" content=\"fr_FR\" \/>\n<meta property=\"og:type\" content=\"article\" \/>\n<meta property=\"og:title\" content=\"Verdejo Organic - Tussock Jumper Wines\" \/>\n<meta property=\"og:description\" content=\"Caract\u00e9ristiquesJaune dor\u00e9 avec des reflets vertsFruit\u00e9 aux ar\u00f4mes d\u2019agrumesFrais et l\u00e9gerMeilleurs assortimentsPoissonsFruits de merFromage\" \/>\n<meta property=\"og:url\" content=\"https:\/\/www.tussockjumperwines.com\/nos-vins\/verdejo-organic\/\" \/>\n<meta property=\"og:site_name\" content=\"Tussock Jumper Wines\" \/>\n<meta property=\"article:modified_time\" content=\"2024-02-02T14:04:05+00:00\" \/>\n<meta property=\"og:image\" content=\"https:\/\/www.tussockjumperwines.com\/wp-content\/uploads\/2021\/03\/T-J-Verdejo-ORG-1.png\" \/>\n\t<meta property=\"og:image:width\" content=\"280\" \/>\n\t<meta property=\"og:image:height\" content=\"990\" \/>\n\t<meta property=\"og:image:type\" content=\"image\/png\" \/>\n<meta name=\"twitter:card\" content=\"summary_large_image\" \/>\n<meta name=\"twitter:label1\" content=\"Dur\u00e9e de lecture estim\u00e9e\" \/>\n\t<meta name=\"twitter:data1\" content=\"2 minutes\" \/>\n<script type=\"application\/ld+json\" class=\"yoast-schema-graph\">{\"@context\":\"https:\\\/\\\/schema.org\",\"@graph\":[{\"@type\":\"WebPage\",\"@id\":\"https:\\\/\\\/www.tussockjumperwines.com\\\/nos-vins\\\/verdejo-organic\\\/\",\"url\":\"https:\\\/\\\/www.tussockjumperwines.com\\\/nos-vins\\\/verdejo-organic\\\/\",\"name\":\"Verdejo Organic - Tussock Jumper Wines\",\"isPartOf\":{\"@id\":\"https:\\\/\\\/www.tussockjumperwines.com\\\/#website\"},\"primaryImageOfPage\":{\"@id\":\"https:\\\/\\\/www.tussockjumperwines.com\\\/nos-vins\\\/verdejo-organic\\\/#primaryimage\"},\"image\":{\"@id\":\"https:\\\/\\\/www.tussockjumperwines.com\\\/nos-vins\\\/verdejo-organic\\\/#primaryimage\"},\"thumbnailUrl\":\"https:\\\/\\\/www.tussockjumperwines.com\\\/wp-content\\\/uploads\\\/2021\\\/03\\\/T-J-Verdejo-ORG-1.png\",\"datePublished\":\"2021-09-27T11:41:37+00:00\",\"dateModified\":\"2024-02-02T14:04:05+00:00\",\"breadcrumb\":{\"@id\":\"https:\\\/\\\/www.tussockjumperwines.com\\\/nos-vins\\\/verdejo-organic\\\/#breadcrumb\"},\"inLanguage\":\"fr-FR\",\"potentialAction\":[{\"@type\":\"ReadAction\",\"target\":[\"https:\\\/\\\/www.tussockjumperwines.com\\\/nos-vins\\\/verdejo-organic\\\/\"]}]},{\"@type\":\"ImageObject\",\"inLanguage\":\"fr-FR\",\"@id\":\"https:\\\/\\\/www.tussockjumperwines.com\\\/nos-vins\\\/verdejo-organic\\\/#primaryimage\",\"url\":\"https:\\\/\\\/www.tussockjumperwines.com\\\/wp-content\\\/uploads\\\/2021\\\/03\\\/T-J-Verdejo-ORG-1.png\",\"contentUrl\":\"https:\\\/\\\/www.tussockjumperwines.com\\\/wp-content\\\/uploads\\\/2021\\\/03\\\/T-J-Verdejo-ORG-1.png\",\"width\":280,\"height\":990},{\"@type\":\"BreadcrumbList\",\"@id\":\"https:\\\/\\\/www.tussockjumperwines.com\\\/nos-vins\\\/verdejo-organic\\\/#breadcrumb\",\"itemListElement\":[{\"@type\":\"ListItem\",\"position\":1,\"name\":\"Home\",\"item\":\"https:\\\/\\\/www.tussockjumperwines.com\\\/fr\\\/\"},{\"@type\":\"ListItem\",\"position\":2,\"name\":\"Boutique\",\"item\":\"https:\\\/\\\/www.tussockjumperwines.com\\\/fr\\\/boutique\\\/\"},{\"@type\":\"ListItem\",\"position\":3,\"name\":\"Verdejo Organic\"}]},{\"@type\":\"WebSite\",\"@id\":\"https:\\\/\\\/www.tussockjumperwines.com\\\/#website\",\"url\":\"https:\\\/\\\/www.tussockjumperwines.com\\\/\",\"name\":\"Tussock Jumper Wines\",\"description\":\"Jump around the wine world\",\"potentialAction\":[{\"@type\":\"SearchAction\",\"target\":{\"@type\":\"EntryPoint\",\"urlTemplate\":\"https:\\\/\\\/www.tussockjumperwines.com\\\/?s={search_term_string}\"},\"query-input\":{\"@type\":\"PropertyValueSpecification\",\"valueRequired\":true,\"valueName\":\"search_term_string\"}}],\"inLanguage\":\"fr-FR\"}]}<\/script>\n<!-- \/ Yoast SEO plugin. -->","yoast_head_json":{"title":"Verdejo Organic - Tussock Jumper Wines","robots":{"index":"index","follow":"follow","max-snippet":"max-snippet:-1","max-image-preview":"max-image-preview:large","max-video-preview":"max-video-preview:-1"},"canonical":"https:\/\/www.tussockjumperwines.com\/nos-vins\/verdejo-organic\/","og_locale":"fr_FR","og_type":"article","og_title":"Verdejo Organic - Tussock Jumper Wines","og_description":"Caract\u00e9ristiquesJaune dor\u00e9 avec des reflets vertsFruit\u00e9 aux ar\u00f4mes d\u2019agrumesFrais et l\u00e9gerMeilleurs assortimentsPoissonsFruits de merFromage","og_url":"https:\/\/www.tussockjumperwines.com\/nos-vins\/verdejo-organic\/","og_site_name":"Tussock Jumper Wines","article_modified_time":"2024-02-02T14:04:05+00:00","og_image":[{"width":280,"height":990,"url":"https:\/\/www.tussockjumperwines.com\/wp-content\/uploads\/2021\/03\/T-J-Verdejo-ORG-1.png","type":"image\/png"}],"twitter_card":"summary_large_image","twitter_misc":{"Dur\u00e9e de lecture estim\u00e9e":"2 minutes"},"schema":{"@context":"https:\/\/schema.org","@graph":[{"@type":"WebPage","@id":"https:\/\/www.tussockjumperwines.com\/nos-vins\/verdejo-organic\/","url":"https:\/\/www.tussockjumperwines.com\/nos-vins\/verdejo-organic\/","name":"Verdejo Organic - Tussock Jumper Wines","isPartOf":{"@id":"https:\/\/www.tussockjumperwines.com\/#website"},"primaryImageOfPage":{"@id":"https:\/\/www.tussockjumperwines.com\/nos-vins\/verdejo-organic\/#primaryimage"},"image":{"@id":"https:\/\/www.tussockjumperwines.com\/nos-vins\/verdejo-organic\/#primaryimage"},"thumbnailUrl":"https:\/\/www.tussockjumperwines.com\/wp-content\/uploads\/2021\/03\/T-J-Verdejo-ORG-1.png","datePublished":"2021-09-27T11:41:37+00:00","dateModified":"2024-02-02T14:04:05+00:00","breadcrumb":{"@id":"https:\/\/www.tussockjumperwines.com\/nos-vins\/verdejo-organic\/#breadcrumb"},"inLanguage":"fr-FR","potentialAction":[{"@type":"ReadAction","target":["https:\/\/www.tussockjumperwines.com\/nos-vins\/verdejo-organic\/"]}]},{"@type":"ImageObject","inLanguage":"fr-FR","@id":"https:\/\/www.tussockjumperwines.com\/nos-vins\/verdejo-organic\/#primaryimage","url":"https:\/\/www.tussockjumperwines.com\/wp-content\/uploads\/2021\/03\/T-J-Verdejo-ORG-1.png","contentUrl":"https:\/\/www.tussockjumperwines.com\/wp-content\/uploads\/2021\/03\/T-J-Verdejo-ORG-1.png","width":280,"height":990},{"@type":"BreadcrumbList","@id":"https:\/\/www.tussockjumperwines.com\/nos-vins\/verdejo-organic\/#breadcrumb","itemListElement":[{"@type":"ListItem","position":1,"name":"Home","item":"https:\/\/www.tussockjumperwines.com\/fr\/"},{"@type":"ListItem","position":2,"name":"Boutique","item":"https:\/\/www.tussockjumperwines.com\/fr\/boutique\/"},{"@type":"ListItem","position":3,"name":"Verdejo Organic"}]},{"@type":"WebSite","@id":"https:\/\/www.tussockjumperwines.com\/#website","url":"https:\/\/www.tussockjumperwines.com\/","name":"Tussock Jumper Wines","description":"Jump around the wine world","potentialAction":[{"@type":"SearchAction","target":{"@type":"EntryPoint","urlTemplate":"https:\/\/www.tussockjumperwines.com\/?s={search_term_string}"},"query-input":{"@type":"PropertyValueSpecification","valueRequired":true,"valueName":"search_term_string"}}],"inLanguage":"fr-FR"}]}},"_links":{"self":[{"href":"https:\/\/www.tussockjumperwines.com\/fr\/wp-json\/wp\/v2\/product\/8438","targetHints":{"allow":["GET"]}}],"collection":[{"href":"https:\/\/www.tussockjumperwines.com\/fr\/wp-json\/wp\/v2\/product"}],"about":[{"href":"https:\/\/www.tussockjumperwines.com\/fr\/wp-json\/wp\/v2\/types\/product"}],"replies":[{"embeddable":true,"href":"https:\/\/www.tussockjumperwines.com\/fr\/wp-json\/wp\/v2\/comments?post=8438"}],"wp:featuredmedia":[{"embeddable":true,"href":"https:\/\/www.tussockjumperwines.com\/fr\/wp-json\/wp\/v2\/media\/10898"}],"wp:attachment":[{"href":"https:\/\/www.tussockjumperwines.com\/fr\/wp-json\/wp\/v2\/media?parent=8438"}],"wp:term":[{"taxonomy":"product_brand","embeddable":true,"href":"https:\/\/www.tussockjumperwines.com\/fr\/wp-json\/wp\/v2\/product_brand?post=8438"},{"taxonomy":"product_cat","embeddable":true,"href":"https:\/\/www.tussockjumperwines.com\/fr\/wp-json\/wp\/v2\/product_cat?post=8438"},{"taxonomy":"product_tag","embeddable":true,"href":"https:\/\/www.tussockjumperwines.com\/fr\/wp-json\/wp\/v2\/product_tag?post=8438"}],"curies":[{"name":"wp","href":"https:\/\/api.w.org\/{rel}","templated":true}]}}