{"id":8302,"date":"2017-02-15T14:30:25","date_gmt":"2021-09-27T11:41:25","guid":{"rendered":"https:\/\/www.tussockjumperwines.com\/our-wines\/monastrell-organic\/"},"modified":"2021-11-05T16:23:28","modified_gmt":"2021-11-05T16:23:28","slug":"monastrell-organic","status":"publish","type":"product","link":"https:\/\/www.tussockjumperwines.com\/fr\/nos-vins\/monastrell-organic\/","title":{"rendered":"Monastrell Organic"},"content":{"rendered":"<p><strong>MES RACINES<\/strong>  <br \/>J&rsquo;ai grandi dans le sud-est de l&rsquo;Espagne, dans des vignobles certifi\u00e9s d&rsquo;agriculture biologique. Nos vignes ont en moyenne 25 ans. Le processus viticole commence d\u00e9but octobre. La s\u00e9paration des raisins r\u00e9colt\u00e9s \u00e9cologiquement et conventionnellement est garantie non seulement par les installations, mais aussi par des r\u00e8gles strictes de tra\u00e7abilit\u00e9. Je vieillis pendant plusieurs mois dans des f\u00fbts de ch\u00eane am\u00e9ricain avant ma mise en bouteille <\/p>\n<p><strong>QUE SIGNIFIE BIO ?<\/strong>  <br \/>Par \u00ab\u00a0agriculture biologique\u00a0\u00bb, on entend les syst\u00e8mes de production agricole qui cherchent \u00e0 fournir au consommateur des aliments frais, savoureux et authentiques tout en respectant les syst\u00e8mes naturels du cycle de vie. Parmi les pratiques biologiques typiques, on peut citer : une r\u00e9duction stricte de l\u2019usage de pesticides et d\u2019engrais chimiques, les pratiques d&rsquo;\u00e9levage adapt\u00e9es, l\u2019interdiction absolue d\u2019utiliser des organismes g\u00e9n\u00e9tiquement modifi\u00e9s, la r\u00e9duction des auxiliaires technologiques et des additifs alimentaires.<\/p>\n<p><strong>APPELLATION<\/strong><br \/>DOP Jumilla (AOP)<\/p>\n<p><strong>MES DIPL\u00d4MES<\/strong><br \/>M\u00e9daille d&rsquo;or Gilbert &#038; Gaillard 2019<br \/>M\u00e9daille d&rsquo;or China Wine &#038; Spirits Awards 2018<br \/>M\u00e9daille d&rsquo;or Mundus Vini Biofach 2014<\/p>\n<p><strong>NOTE DE VIVINO<\/strong><br \/>3,9\/5<\/p>\n<p><strong>MON ANALYSE<\/strong>  <br \/>Alcool: 14% <br \/>Acidit\u00e9 totale : 3,4 g\/l <br \/>Sucre r\u00e9siduel : 4,6 g\/l<\/p>\n","protected":false},"excerpt":{"rendered":"<p><label>Caract\u00e9ristiques<\/label><\/p><ul><li>Robe couleur de cerise noire<\/li><li>Parfum d&rsquo;\u00e9pices et de myrtille<\/li><li>Texture onctueuse, tanins moelleux<\/li><li>Acidit\u00e9 bien \u00e9quilibr\u00e9e<\/li><\/ul><p><label>Meilleurs assortiments<\/label><\/p><ul><li>Viande blanche<\/li><li>Poisson<\/li><li>Salade m\u00e9diterran\u00e9enne<\/li><li>P\u00e2tes<\/li><li>Fromage<\/li><\/ul>","protected":false},"featured_media":2152,"comment_status":"closed","ping_status":"closed","template":"","meta":[],"product_brand":[],"product_cat":[118],"product_tag":[],"class_list":{"0":"post-8302","1":"product","2":"type-product","3":"status-publish","4":"has-post-thumbnail","6":"product_cat-nos-vins","8":"first","9":"instock","10":"shipping-taxable","11":"product-type-simple"},"yoast_head":"<!-- This site is optimized with the Yoast SEO plugin v27.3 - https:\/\/yoast.com\/product\/yoast-seo-wordpress\/ -->\n<title>Monastrell Organic - Tussock Jumper Wines<\/title>\n<meta name=\"robots\" content=\"index, follow, max-snippet:-1, max-image-preview:large, max-video-preview:-1\" \/>\n<link rel=\"canonical\" href=\"https:\/\/www.tussockjumperwines.com\/?post_type=product&p=634\" \/>\n<meta property=\"og:locale\" content=\"fr_FR\" \/>\n<meta property=\"og:type\" content=\"article\" \/>\n<meta property=\"og:title\" content=\"Monastrell Organic - Tussock Jumper Wines\" \/>\n<meta property=\"og:description\" content=\"Caract\u00e9ristiquesRobe couleur de cerise noireParfum d&#039;\u00e9pices et de myrtilleTexture onctueuse, tanins moelleuxAcidit\u00e9 bien \u00e9quilibr\u00e9eMeilleurs assortimentsViande blanchePoissonSalade m\u00e9diterran\u00e9enneP\u00e2tesFromage\" \/>\n<meta property=\"og:url\" content=\"https:\/\/www.tussockjumperwines.com\/?post_type=product&amp;p=634\" \/>\n<meta property=\"og:site_name\" content=\"Tussock Jumper Wines\" \/>\n<meta property=\"article:modified_time\" content=\"2021-11-05T16:23:28+00:00\" \/>\n<meta property=\"og:image\" content=\"https:\/\/www.tussockjumperwines.com\/wp-content\/uploads\/2017\/02\/T-J-Monastrell-Spain-00-Red.png\" \/>\n\t<meta property=\"og:image:width\" content=\"280\" \/>\n\t<meta property=\"og:image:height\" content=\"990\" \/>\n\t<meta property=\"og:image:type\" content=\"image\/png\" \/>\n<meta name=\"twitter:card\" content=\"summary_large_image\" \/>\n<meta name=\"twitter:label1\" content=\"Dur\u00e9e de lecture estim\u00e9e\" \/>\n\t<meta name=\"twitter:data1\" content=\"1 minute\" \/>\n<script type=\"application\/ld+json\" class=\"yoast-schema-graph\">{\"@context\":\"https:\\\/\\\/schema.org\",\"@graph\":[{\"@type\":\"WebPage\",\"@id\":\"https:\\\/\\\/www.tussockjumperwines.com\\\/?post_type=product&p=634\",\"url\":\"https:\\\/\\\/www.tussockjumperwines.com\\\/?post_type=product&p=634\",\"name\":\"Monastrell Organic - Tussock Jumper Wines\",\"isPartOf\":{\"@id\":\"https:\\\/\\\/www.tussockjumperwines.com\\\/#website\"},\"primaryImageOfPage\":{\"@id\":\"https:\\\/\\\/www.tussockjumperwines.com\\\/?post_type=product&p=634#primaryimage\"},\"image\":{\"@id\":\"https:\\\/\\\/www.tussockjumperwines.com\\\/?post_type=product&p=634#primaryimage\"},\"thumbnailUrl\":\"https:\\\/\\\/www.tussockjumperwines.com\\\/wp-content\\\/uploads\\\/2017\\\/02\\\/T-J-Monastrell-Spain-00-Red.png\",\"datePublished\":\"2021-09-27T11:41:25+00:00\",\"dateModified\":\"2021-11-05T16:23:28+00:00\",\"breadcrumb\":{\"@id\":\"https:\\\/\\\/www.tussockjumperwines.com\\\/?post_type=product&p=634#breadcrumb\"},\"inLanguage\":\"fr-FR\",\"potentialAction\":[{\"@type\":\"ReadAction\",\"target\":[\"https:\\\/\\\/www.tussockjumperwines.com\\\/?post_type=product&p=634\"]}]},{\"@type\":\"ImageObject\",\"inLanguage\":\"fr-FR\",\"@id\":\"https:\\\/\\\/www.tussockjumperwines.com\\\/?post_type=product&p=634#primaryimage\",\"url\":\"https:\\\/\\\/www.tussockjumperwines.com\\\/wp-content\\\/uploads\\\/2017\\\/02\\\/T-J-Monastrell-Spain-00-Red.png\",\"contentUrl\":\"https:\\\/\\\/www.tussockjumperwines.com\\\/wp-content\\\/uploads\\\/2017\\\/02\\\/T-J-Monastrell-Spain-00-Red.png\",\"width\":280,\"height\":990},{\"@type\":\"BreadcrumbList\",\"@id\":\"https:\\\/\\\/www.tussockjumperwines.com\\\/?post_type=product&p=634#breadcrumb\",\"itemListElement\":[{\"@type\":\"ListItem\",\"position\":1,\"name\":\"Home\",\"item\":\"https:\\\/\\\/www.tussockjumperwines.com\\\/fr\\\/\"},{\"@type\":\"ListItem\",\"position\":2,\"name\":\"Boutique\",\"item\":\"https:\\\/\\\/www.tussockjumperwines.com\\\/fr\\\/boutique\\\/\"},{\"@type\":\"ListItem\",\"position\":3,\"name\":\"Monastrell Organic\"}]},{\"@type\":\"WebSite\",\"@id\":\"https:\\\/\\\/www.tussockjumperwines.com\\\/#website\",\"url\":\"https:\\\/\\\/www.tussockjumperwines.com\\\/\",\"name\":\"Tussock Jumper Wines\",\"description\":\"Jump around the wine world\",\"potentialAction\":[{\"@type\":\"SearchAction\",\"target\":{\"@type\":\"EntryPoint\",\"urlTemplate\":\"https:\\\/\\\/www.tussockjumperwines.com\\\/?s={search_term_string}\"},\"query-input\":{\"@type\":\"PropertyValueSpecification\",\"valueRequired\":true,\"valueName\":\"search_term_string\"}}],\"inLanguage\":\"fr-FR\"}]}<\/script>\n<!-- \/ Yoast SEO plugin. -->","yoast_head_json":{"title":"Monastrell Organic - Tussock Jumper Wines","robots":{"index":"index","follow":"follow","max-snippet":"max-snippet:-1","max-image-preview":"max-image-preview:large","max-video-preview":"max-video-preview:-1"},"canonical":"https:\/\/www.tussockjumperwines.com\/?post_type=product&p=634","og_locale":"fr_FR","og_type":"article","og_title":"Monastrell Organic - Tussock Jumper Wines","og_description":"Caract\u00e9ristiquesRobe couleur de cerise noireParfum d'\u00e9pices et de myrtilleTexture onctueuse, tanins moelleuxAcidit\u00e9 bien \u00e9quilibr\u00e9eMeilleurs assortimentsViande blanchePoissonSalade m\u00e9diterran\u00e9enneP\u00e2tesFromage","og_url":"https:\/\/www.tussockjumperwines.com\/?post_type=product&p=634","og_site_name":"Tussock Jumper Wines","article_modified_time":"2021-11-05T16:23:28+00:00","og_image":[{"width":280,"height":990,"url":"https:\/\/www.tussockjumperwines.com\/wp-content\/uploads\/2017\/02\/T-J-Monastrell-Spain-00-Red.png","type":"image\/png"}],"twitter_card":"summary_large_image","twitter_misc":{"Dur\u00e9e de lecture estim\u00e9e":"1 minute"},"schema":{"@context":"https:\/\/schema.org","@graph":[{"@type":"WebPage","@id":"https:\/\/www.tussockjumperwines.com\/?post_type=product&p=634","url":"https:\/\/www.tussockjumperwines.com\/?post_type=product&p=634","name":"Monastrell Organic - Tussock Jumper Wines","isPartOf":{"@id":"https:\/\/www.tussockjumperwines.com\/#website"},"primaryImageOfPage":{"@id":"https:\/\/www.tussockjumperwines.com\/?post_type=product&p=634#primaryimage"},"image":{"@id":"https:\/\/www.tussockjumperwines.com\/?post_type=product&p=634#primaryimage"},"thumbnailUrl":"https:\/\/www.tussockjumperwines.com\/wp-content\/uploads\/2017\/02\/T-J-Monastrell-Spain-00-Red.png","datePublished":"2021-09-27T11:41:25+00:00","dateModified":"2021-11-05T16:23:28+00:00","breadcrumb":{"@id":"https:\/\/www.tussockjumperwines.com\/?post_type=product&p=634#breadcrumb"},"inLanguage":"fr-FR","potentialAction":[{"@type":"ReadAction","target":["https:\/\/www.tussockjumperwines.com\/?post_type=product&p=634"]}]},{"@type":"ImageObject","inLanguage":"fr-FR","@id":"https:\/\/www.tussockjumperwines.com\/?post_type=product&p=634#primaryimage","url":"https:\/\/www.tussockjumperwines.com\/wp-content\/uploads\/2017\/02\/T-J-Monastrell-Spain-00-Red.png","contentUrl":"https:\/\/www.tussockjumperwines.com\/wp-content\/uploads\/2017\/02\/T-J-Monastrell-Spain-00-Red.png","width":280,"height":990},{"@type":"BreadcrumbList","@id":"https:\/\/www.tussockjumperwines.com\/?post_type=product&p=634#breadcrumb","itemListElement":[{"@type":"ListItem","position":1,"name":"Home","item":"https:\/\/www.tussockjumperwines.com\/fr\/"},{"@type":"ListItem","position":2,"name":"Boutique","item":"https:\/\/www.tussockjumperwines.com\/fr\/boutique\/"},{"@type":"ListItem","position":3,"name":"Monastrell Organic"}]},{"@type":"WebSite","@id":"https:\/\/www.tussockjumperwines.com\/#website","url":"https:\/\/www.tussockjumperwines.com\/","name":"Tussock Jumper Wines","description":"Jump around the wine world","potentialAction":[{"@type":"SearchAction","target":{"@type":"EntryPoint","urlTemplate":"https:\/\/www.tussockjumperwines.com\/?s={search_term_string}"},"query-input":{"@type":"PropertyValueSpecification","valueRequired":true,"valueName":"search_term_string"}}],"inLanguage":"fr-FR"}]}},"_links":{"self":[{"href":"https:\/\/www.tussockjumperwines.com\/fr\/wp-json\/wp\/v2\/product\/8302","targetHints":{"allow":["GET"]}}],"collection":[{"href":"https:\/\/www.tussockjumperwines.com\/fr\/wp-json\/wp\/v2\/product"}],"about":[{"href":"https:\/\/www.tussockjumperwines.com\/fr\/wp-json\/wp\/v2\/types\/product"}],"replies":[{"embeddable":true,"href":"https:\/\/www.tussockjumperwines.com\/fr\/wp-json\/wp\/v2\/comments?post=8302"}],"wp:featuredmedia":[{"embeddable":true,"href":"https:\/\/www.tussockjumperwines.com\/fr\/wp-json\/wp\/v2\/media\/2152"}],"wp:attachment":[{"href":"https:\/\/www.tussockjumperwines.com\/fr\/wp-json\/wp\/v2\/media?parent=8302"}],"wp:term":[{"taxonomy":"product_brand","embeddable":true,"href":"https:\/\/www.tussockjumperwines.com\/fr\/wp-json\/wp\/v2\/product_brand?post=8302"},{"taxonomy":"product_cat","embeddable":true,"href":"https:\/\/www.tussockjumperwines.com\/fr\/wp-json\/wp\/v2\/product_cat?post=8302"},{"taxonomy":"product_tag","embeddable":true,"href":"https:\/\/www.tussockjumperwines.com\/fr\/wp-json\/wp\/v2\/product_tag?post=8302"}],"curies":[{"name":"wp","href":"https:\/\/api.w.org\/{rel}","templated":true}]}}