{"id":8280,"date":"2017-02-08T16:05:34","date_gmt":"2017-02-08T16:05:34","guid":{"rendered":"https:\/\/www.tussockjumperwines.com\/our-wines\/pinot-grigio\/"},"modified":"2024-02-02T14:54:31","modified_gmt":"2024-02-02T14:54:31","slug":"pinot-grigio","status":"publish","type":"product","link":"https:\/\/www.tussockjumperwines.com\/fr\/nos-vins\/pinot-grigio\/","title":{"rendered":"Pinot Grigio"},"content":{"rendered":"<p><strong>MES RACINES<\/strong> <br \/>Mes sols sont alluviaux. Ils se composent de marne riche en calcium et de gr\u00e8s flysch dans les r\u00e9gions de collines ; et d\u2019argile, de sable et de gravier dans les r\u00e9gions de vall\u00e9es. Mes raisins sont r\u00e9colt\u00e9s \u00e0 des niveaux de maturit\u00e9 optimaux. Un pressage doux am\u00e9liore l&rsquo;extraction de leur saveur, tout en extrayant le minimum de couleur des peaux.<\/p>\n<p><strong>APPELLATION<\/strong> <br \/>DOC Delle Venezie<\/p>\n<p><strong>MES DIPL\u00d4MES<\/strong><br \/>M\u00e9daille d&rsquo;argent China Wine &amp; Spirit Awards 2023<\/p>\n<p><strong>INDICE VIVINO<\/strong><br \/>3,6\/5<\/p>\n<p><strong>MON ANALYSE<\/strong> <br \/>Alcool : 12,0 % Acidit\u00e9 totale : 3,8 g\/l Sucre r\u00e9siduel : 6,3 g\/l<\/p>\n","protected":false},"excerpt":{"rendered":"<p><label>Caract\u00e9ristiques<\/label><\/p><ul><li>Robe claire, jaune paille<\/li><li>ar\u00f4mes de pomme et d\u2019ananas<\/li><li>Vin l\u00e9g\u00e8rement cors\u00e9<\/li><li>Doux et agr\u00e9able en bouche avec une finale longue<\/li><\/ul><p><label>Meilleurs assortiments<\/label><\/p><ul><li>ap\u00e9ritifs l\u00e9gers<\/li><li>Poissons et fruits de mer<\/li><\/ul>","protected":false},"featured_media":11070,"comment_status":"closed","ping_status":"closed","template":"","meta":[],"product_brand":[],"product_cat":[118],"product_tag":[],"class_list":{"0":"post-8280","1":"product","2":"type-product","3":"status-publish","4":"has-post-thumbnail","6":"product_cat-nos-vins","8":"first","9":"instock","10":"shipping-taxable","11":"product-type-simple"},"yoast_head":"<!-- This site is optimized with the Yoast SEO plugin v27.3 - https:\/\/yoast.com\/product\/yoast-seo-wordpress\/ -->\n<title>Pinot Grigio - Tussock Jumper Wines<\/title>\n<meta name=\"robots\" content=\"index, follow, max-snippet:-1, max-image-preview:large, max-video-preview:-1\" \/>\n<link rel=\"canonical\" href=\"https:\/\/www.tussockjumperwines.com\/nos-vins\/pinot-grigio\/\" \/>\n<meta property=\"og:locale\" content=\"fr_FR\" \/>\n<meta property=\"og:type\" content=\"article\" \/>\n<meta property=\"og:title\" content=\"Pinot Grigio - Tussock Jumper Wines\" \/>\n<meta property=\"og:description\" content=\"Caract\u00e9ristiquesRobe claire, jaune paillear\u00f4mes de pomme et d\u2019ananasVin l\u00e9g\u00e8rement cors\u00e9Doux et agr\u00e9able en bouche avec une finale longueMeilleurs assortimentsap\u00e9ritifs l\u00e9gersPoissons et fruits de mer\" \/>\n<meta property=\"og:url\" content=\"https:\/\/www.tussockjumperwines.com\/nos-vins\/pinot-grigio\/\" \/>\n<meta property=\"og:site_name\" content=\"Tussock Jumper Wines\" \/>\n<meta property=\"article:modified_time\" content=\"2024-02-02T14:54:31+00:00\" \/>\n<meta property=\"og:image\" content=\"https:\/\/www.tussockjumperwines.com\/wp-content\/uploads\/2017\/02\/T-J-Pinot-Grigio-Italy-scaled.jpg\" \/>\n\t<meta property=\"og:image:width\" content=\"1030\" \/>\n\t<meta property=\"og:image:height\" content=\"2560\" \/>\n\t<meta property=\"og:image:type\" content=\"image\/jpeg\" \/>\n<meta name=\"twitter:card\" content=\"summary_large_image\" \/>\n<meta name=\"twitter:label1\" content=\"Dur\u00e9e de lecture estim\u00e9e\" \/>\n\t<meta name=\"twitter:data1\" content=\"1 minute\" \/>\n<script type=\"application\/ld+json\" class=\"yoast-schema-graph\">{\"@context\":\"https:\\\/\\\/schema.org\",\"@graph\":[{\"@type\":\"WebPage\",\"@id\":\"https:\\\/\\\/www.tussockjumperwines.com\\\/nos-vins\\\/pinot-grigio\\\/\",\"url\":\"https:\\\/\\\/www.tussockjumperwines.com\\\/nos-vins\\\/pinot-grigio\\\/\",\"name\":\"Pinot Grigio - Tussock Jumper Wines\",\"isPartOf\":{\"@id\":\"https:\\\/\\\/www.tussockjumperwines.com\\\/#website\"},\"primaryImageOfPage\":{\"@id\":\"https:\\\/\\\/www.tussockjumperwines.com\\\/nos-vins\\\/pinot-grigio\\\/#primaryimage\"},\"image\":{\"@id\":\"https:\\\/\\\/www.tussockjumperwines.com\\\/nos-vins\\\/pinot-grigio\\\/#primaryimage\"},\"thumbnailUrl\":\"https:\\\/\\\/www.tussockjumperwines.com\\\/wp-content\\\/uploads\\\/2017\\\/02\\\/T-J-Pinot-Grigio-Italy-scaled.jpg\",\"datePublished\":\"2017-02-08T16:05:34+00:00\",\"dateModified\":\"2024-02-02T14:54:31+00:00\",\"breadcrumb\":{\"@id\":\"https:\\\/\\\/www.tussockjumperwines.com\\\/nos-vins\\\/pinot-grigio\\\/#breadcrumb\"},\"inLanguage\":\"fr-FR\",\"potentialAction\":[{\"@type\":\"ReadAction\",\"target\":[\"https:\\\/\\\/www.tussockjumperwines.com\\\/nos-vins\\\/pinot-grigio\\\/\"]}]},{\"@type\":\"ImageObject\",\"inLanguage\":\"fr-FR\",\"@id\":\"https:\\\/\\\/www.tussockjumperwines.com\\\/nos-vins\\\/pinot-grigio\\\/#primaryimage\",\"url\":\"https:\\\/\\\/www.tussockjumperwines.com\\\/wp-content\\\/uploads\\\/2017\\\/02\\\/T-J-Pinot-Grigio-Italy-scaled.jpg\",\"contentUrl\":\"https:\\\/\\\/www.tussockjumperwines.com\\\/wp-content\\\/uploads\\\/2017\\\/02\\\/T-J-Pinot-Grigio-Italy-scaled.jpg\",\"width\":1030,\"height\":2560},{\"@type\":\"BreadcrumbList\",\"@id\":\"https:\\\/\\\/www.tussockjumperwines.com\\\/nos-vins\\\/pinot-grigio\\\/#breadcrumb\",\"itemListElement\":[{\"@type\":\"ListItem\",\"position\":1,\"name\":\"Home\",\"item\":\"https:\\\/\\\/www.tussockjumperwines.com\\\/fr\\\/\"},{\"@type\":\"ListItem\",\"position\":2,\"name\":\"Boutique\",\"item\":\"https:\\\/\\\/www.tussockjumperwines.com\\\/fr\\\/boutique\\\/\"},{\"@type\":\"ListItem\",\"position\":3,\"name\":\"Pinot Grigio\"}]},{\"@type\":\"WebSite\",\"@id\":\"https:\\\/\\\/www.tussockjumperwines.com\\\/#website\",\"url\":\"https:\\\/\\\/www.tussockjumperwines.com\\\/\",\"name\":\"Tussock Jumper Wines\",\"description\":\"Jump around the wine world\",\"potentialAction\":[{\"@type\":\"SearchAction\",\"target\":{\"@type\":\"EntryPoint\",\"urlTemplate\":\"https:\\\/\\\/www.tussockjumperwines.com\\\/?s={search_term_string}\"},\"query-input\":{\"@type\":\"PropertyValueSpecification\",\"valueRequired\":true,\"valueName\":\"search_term_string\"}}],\"inLanguage\":\"fr-FR\"}]}<\/script>\n<!-- \/ Yoast SEO plugin. -->","yoast_head_json":{"title":"Pinot Grigio - Tussock Jumper Wines","robots":{"index":"index","follow":"follow","max-snippet":"max-snippet:-1","max-image-preview":"max-image-preview:large","max-video-preview":"max-video-preview:-1"},"canonical":"https:\/\/www.tussockjumperwines.com\/nos-vins\/pinot-grigio\/","og_locale":"fr_FR","og_type":"article","og_title":"Pinot Grigio - Tussock Jumper Wines","og_description":"Caract\u00e9ristiquesRobe claire, jaune paillear\u00f4mes de pomme et d\u2019ananasVin l\u00e9g\u00e8rement cors\u00e9Doux et agr\u00e9able en bouche avec une finale longueMeilleurs assortimentsap\u00e9ritifs l\u00e9gersPoissons et fruits de mer","og_url":"https:\/\/www.tussockjumperwines.com\/nos-vins\/pinot-grigio\/","og_site_name":"Tussock Jumper Wines","article_modified_time":"2024-02-02T14:54:31+00:00","og_image":[{"width":1030,"height":2560,"url":"https:\/\/www.tussockjumperwines.com\/wp-content\/uploads\/2017\/02\/T-J-Pinot-Grigio-Italy-scaled.jpg","type":"image\/jpeg"}],"twitter_card":"summary_large_image","twitter_misc":{"Dur\u00e9e de lecture estim\u00e9e":"1 minute"},"schema":{"@context":"https:\/\/schema.org","@graph":[{"@type":"WebPage","@id":"https:\/\/www.tussockjumperwines.com\/nos-vins\/pinot-grigio\/","url":"https:\/\/www.tussockjumperwines.com\/nos-vins\/pinot-grigio\/","name":"Pinot Grigio - Tussock Jumper Wines","isPartOf":{"@id":"https:\/\/www.tussockjumperwines.com\/#website"},"primaryImageOfPage":{"@id":"https:\/\/www.tussockjumperwines.com\/nos-vins\/pinot-grigio\/#primaryimage"},"image":{"@id":"https:\/\/www.tussockjumperwines.com\/nos-vins\/pinot-grigio\/#primaryimage"},"thumbnailUrl":"https:\/\/www.tussockjumperwines.com\/wp-content\/uploads\/2017\/02\/T-J-Pinot-Grigio-Italy-scaled.jpg","datePublished":"2017-02-08T16:05:34+00:00","dateModified":"2024-02-02T14:54:31+00:00","breadcrumb":{"@id":"https:\/\/www.tussockjumperwines.com\/nos-vins\/pinot-grigio\/#breadcrumb"},"inLanguage":"fr-FR","potentialAction":[{"@type":"ReadAction","target":["https:\/\/www.tussockjumperwines.com\/nos-vins\/pinot-grigio\/"]}]},{"@type":"ImageObject","inLanguage":"fr-FR","@id":"https:\/\/www.tussockjumperwines.com\/nos-vins\/pinot-grigio\/#primaryimage","url":"https:\/\/www.tussockjumperwines.com\/wp-content\/uploads\/2017\/02\/T-J-Pinot-Grigio-Italy-scaled.jpg","contentUrl":"https:\/\/www.tussockjumperwines.com\/wp-content\/uploads\/2017\/02\/T-J-Pinot-Grigio-Italy-scaled.jpg","width":1030,"height":2560},{"@type":"BreadcrumbList","@id":"https:\/\/www.tussockjumperwines.com\/nos-vins\/pinot-grigio\/#breadcrumb","itemListElement":[{"@type":"ListItem","position":1,"name":"Home","item":"https:\/\/www.tussockjumperwines.com\/fr\/"},{"@type":"ListItem","position":2,"name":"Boutique","item":"https:\/\/www.tussockjumperwines.com\/fr\/boutique\/"},{"@type":"ListItem","position":3,"name":"Pinot Grigio"}]},{"@type":"WebSite","@id":"https:\/\/www.tussockjumperwines.com\/#website","url":"https:\/\/www.tussockjumperwines.com\/","name":"Tussock Jumper Wines","description":"Jump around the wine world","potentialAction":[{"@type":"SearchAction","target":{"@type":"EntryPoint","urlTemplate":"https:\/\/www.tussockjumperwines.com\/?s={search_term_string}"},"query-input":{"@type":"PropertyValueSpecification","valueRequired":true,"valueName":"search_term_string"}}],"inLanguage":"fr-FR"}]}},"_links":{"self":[{"href":"https:\/\/www.tussockjumperwines.com\/fr\/wp-json\/wp\/v2\/product\/8280","targetHints":{"allow":["GET"]}}],"collection":[{"href":"https:\/\/www.tussockjumperwines.com\/fr\/wp-json\/wp\/v2\/product"}],"about":[{"href":"https:\/\/www.tussockjumperwines.com\/fr\/wp-json\/wp\/v2\/types\/product"}],"replies":[{"embeddable":true,"href":"https:\/\/www.tussockjumperwines.com\/fr\/wp-json\/wp\/v2\/comments?post=8280"}],"wp:featuredmedia":[{"embeddable":true,"href":"https:\/\/www.tussockjumperwines.com\/fr\/wp-json\/wp\/v2\/media\/11070"}],"wp:attachment":[{"href":"https:\/\/www.tussockjumperwines.com\/fr\/wp-json\/wp\/v2\/media?parent=8280"}],"wp:term":[{"taxonomy":"product_brand","embeddable":true,"href":"https:\/\/www.tussockjumperwines.com\/fr\/wp-json\/wp\/v2\/product_brand?post=8280"},{"taxonomy":"product_cat","embeddable":true,"href":"https:\/\/www.tussockjumperwines.com\/fr\/wp-json\/wp\/v2\/product_cat?post=8280"},{"taxonomy":"product_tag","embeddable":true,"href":"https:\/\/www.tussockjumperwines.com\/fr\/wp-json\/wp\/v2\/product_tag?post=8280"}],"curies":[{"name":"wp","href":"https:\/\/api.w.org\/{rel}","templated":true}]}}