{"id":8277,"date":"2017-02-08T15:55:01","date_gmt":"2021-09-27T11:41:22","guid":{"rendered":"https:\/\/www.tussockjumperwines.com\/our-wines\/chenin-blanc\/"},"modified":"2024-02-02T10:32:02","modified_gmt":"2024-02-02T10:32:02","slug":"chenin-blanc","status":"publish","type":"product","link":"https:\/\/www.tussockjumperwines.com\/fr\/nos-vins\/chenin-blanc\/","title":{"rendered":"Chenin blanc"},"content":{"rendered":"<p><strong>MES RACINES<\/strong> <br \/>Je viens des r\u00e9gions d&rsquo;Helderberg et Paarl et des vignobles paliss\u00e9s des hautes pentes des monts du Toitskloof, \u00e0 qui je dois ma fra\u00eecheur et mon acidit\u00e9 naturelle, tandis que les raisins de Helderberg et de Paarl m\u2019apportent structure et longueur en bouche.<\/p>\n<p><strong>APPELLATION<\/strong> <br \/>Cap-Occidental Afrique du Sud<\/p>\n<p><strong>MES DIPL\u00d4MES<\/strong> <br \/>Wine Spectator ( USA ) : 89 points<br \/>Wine Enthusiast ( USA ) : 88 points<\/p>\n<p><strong>NOTE DE VIVINO<\/strong><br \/>3,7\/5<\/p>\n<p><strong>MON ANALYSE<\/strong> <br \/>Alcool: 13.5% <br \/>Acidit\u00e9 totale : 3,8 g\/l <br \/>Sucre r\u00e9siduel : 1,6 g\/l<\/p>\n","protected":false},"excerpt":{"rendered":"<p><label>Caract\u00e9ristiques<\/label><\/p><ul><li>Au nez, saveurs de goyaves tropicales<\/li><li>Ar\u00f4mes de p\u00eache m\u00fbre et d\u2019ananas qui vont jusqu\u2019au palais<\/li><li>Excellent exemple de Chenin Blanc riche et m\u00fbr<\/li><li>Des saveurs fra\u00eeches et florales et un arri\u00e8re-go\u00fbt long, vif et sec<\/li><\/ul><p><label>Meilleurs assortiments<\/label><\/p><ul><li>Cuisine italienne : risotto cr\u00e9meux aux crevettes ou p\u00e9toncles<\/li><li>P\u00e2tes ou salade<\/li><\/ul>","protected":false},"featured_media":2168,"comment_status":"closed","ping_status":"closed","template":"","meta":[],"product_brand":[],"product_cat":[118],"product_tag":[],"class_list":{"0":"post-8277","1":"product","2":"type-product","3":"status-publish","4":"has-post-thumbnail","6":"product_cat-nos-vins","8":"first","9":"instock","10":"shipping-taxable","11":"product-type-simple"},"yoast_head":"<!-- This site is optimized with the Yoast SEO plugin v27.3 - https:\/\/yoast.com\/product\/yoast-seo-wordpress\/ -->\n<title>Chenin blanc - Tussock Jumper Wines<\/title>\n<meta name=\"robots\" content=\"index, follow, max-snippet:-1, max-image-preview:large, max-video-preview:-1\" \/>\n<link rel=\"canonical\" href=\"https:\/\/www.tussockjumperwines.com\/nos-vins\/chenin-blanc\/\" \/>\n<meta property=\"og:locale\" content=\"fr_FR\" \/>\n<meta property=\"og:type\" content=\"article\" \/>\n<meta property=\"og:title\" content=\"Chenin blanc - Tussock Jumper Wines\" \/>\n<meta property=\"og:description\" content=\"Caract\u00e9ristiquesAu nez, saveurs de goyaves tropicalesAr\u00f4mes de p\u00eache m\u00fbre et d\u2019ananas qui vont jusqu\u2019au palaisExcellent exemple de Chenin Blanc riche et m\u00fbrDes saveurs fra\u00eeches et florales et un arri\u00e8re-go\u00fbt long, vif et secMeilleurs assortimentsCuisine italienne : risotto cr\u00e9meux aux crevettes ou p\u00e9tonclesP\u00e2tes ou salade\" \/>\n<meta property=\"og:url\" content=\"https:\/\/www.tussockjumperwines.com\/nos-vins\/chenin-blanc\/\" \/>\n<meta property=\"og:site_name\" content=\"Tussock Jumper Wines\" \/>\n<meta property=\"article:modified_time\" content=\"2024-02-02T10:32:02+00:00\" \/>\n<meta property=\"og:image\" content=\"https:\/\/www.tussockjumperwines.com\/wp-content\/uploads\/2017\/02\/T-J-Chenin-Blanc-South-Africa-00-White.png\" \/>\n\t<meta property=\"og:image:width\" content=\"280\" \/>\n\t<meta property=\"og:image:height\" content=\"990\" \/>\n\t<meta property=\"og:image:type\" content=\"image\/png\" \/>\n<meta name=\"twitter:card\" content=\"summary_large_image\" \/>\n<meta name=\"twitter:label1\" content=\"Dur\u00e9e de lecture estim\u00e9e\" \/>\n\t<meta name=\"twitter:data1\" content=\"1 minute\" \/>\n<script type=\"application\/ld+json\" class=\"yoast-schema-graph\">{\"@context\":\"https:\\\/\\\/schema.org\",\"@graph\":[{\"@type\":\"WebPage\",\"@id\":\"https:\\\/\\\/www.tussockjumperwines.com\\\/nos-vins\\\/chenin-blanc\\\/\",\"url\":\"https:\\\/\\\/www.tussockjumperwines.com\\\/nos-vins\\\/chenin-blanc\\\/\",\"name\":\"Chenin blanc - Tussock Jumper Wines\",\"isPartOf\":{\"@id\":\"https:\\\/\\\/www.tussockjumperwines.com\\\/#website\"},\"primaryImageOfPage\":{\"@id\":\"https:\\\/\\\/www.tussockjumperwines.com\\\/nos-vins\\\/chenin-blanc\\\/#primaryimage\"},\"image\":{\"@id\":\"https:\\\/\\\/www.tussockjumperwines.com\\\/nos-vins\\\/chenin-blanc\\\/#primaryimage\"},\"thumbnailUrl\":\"https:\\\/\\\/www.tussockjumperwines.com\\\/wp-content\\\/uploads\\\/2017\\\/02\\\/T-J-Chenin-Blanc-South-Africa-00-White.png\",\"datePublished\":\"2021-09-27T11:41:22+00:00\",\"dateModified\":\"2024-02-02T10:32:02+00:00\",\"breadcrumb\":{\"@id\":\"https:\\\/\\\/www.tussockjumperwines.com\\\/nos-vins\\\/chenin-blanc\\\/#breadcrumb\"},\"inLanguage\":\"fr-FR\",\"potentialAction\":[{\"@type\":\"ReadAction\",\"target\":[\"https:\\\/\\\/www.tussockjumperwines.com\\\/nos-vins\\\/chenin-blanc\\\/\"]}]},{\"@type\":\"ImageObject\",\"inLanguage\":\"fr-FR\",\"@id\":\"https:\\\/\\\/www.tussockjumperwines.com\\\/nos-vins\\\/chenin-blanc\\\/#primaryimage\",\"url\":\"https:\\\/\\\/www.tussockjumperwines.com\\\/wp-content\\\/uploads\\\/2017\\\/02\\\/T-J-Chenin-Blanc-South-Africa-00-White.png\",\"contentUrl\":\"https:\\\/\\\/www.tussockjumperwines.com\\\/wp-content\\\/uploads\\\/2017\\\/02\\\/T-J-Chenin-Blanc-South-Africa-00-White.png\",\"width\":280,\"height\":990},{\"@type\":\"BreadcrumbList\",\"@id\":\"https:\\\/\\\/www.tussockjumperwines.com\\\/nos-vins\\\/chenin-blanc\\\/#breadcrumb\",\"itemListElement\":[{\"@type\":\"ListItem\",\"position\":1,\"name\":\"Home\",\"item\":\"https:\\\/\\\/www.tussockjumperwines.com\\\/fr\\\/\"},{\"@type\":\"ListItem\",\"position\":2,\"name\":\"Boutique\",\"item\":\"https:\\\/\\\/www.tussockjumperwines.com\\\/fr\\\/boutique\\\/\"},{\"@type\":\"ListItem\",\"position\":3,\"name\":\"Chenin blanc\"}]},{\"@type\":\"WebSite\",\"@id\":\"https:\\\/\\\/www.tussockjumperwines.com\\\/#website\",\"url\":\"https:\\\/\\\/www.tussockjumperwines.com\\\/\",\"name\":\"Tussock Jumper Wines\",\"description\":\"Jump around the wine world\",\"potentialAction\":[{\"@type\":\"SearchAction\",\"target\":{\"@type\":\"EntryPoint\",\"urlTemplate\":\"https:\\\/\\\/www.tussockjumperwines.com\\\/?s={search_term_string}\"},\"query-input\":{\"@type\":\"PropertyValueSpecification\",\"valueRequired\":true,\"valueName\":\"search_term_string\"}}],\"inLanguage\":\"fr-FR\"}]}<\/script>\n<!-- \/ Yoast SEO plugin. -->","yoast_head_json":{"title":"Chenin blanc - Tussock Jumper Wines","robots":{"index":"index","follow":"follow","max-snippet":"max-snippet:-1","max-image-preview":"max-image-preview:large","max-video-preview":"max-video-preview:-1"},"canonical":"https:\/\/www.tussockjumperwines.com\/nos-vins\/chenin-blanc\/","og_locale":"fr_FR","og_type":"article","og_title":"Chenin blanc - Tussock Jumper Wines","og_description":"Caract\u00e9ristiquesAu nez, saveurs de goyaves tropicalesAr\u00f4mes de p\u00eache m\u00fbre et d\u2019ananas qui vont jusqu\u2019au palaisExcellent exemple de Chenin Blanc riche et m\u00fbrDes saveurs fra\u00eeches et florales et un arri\u00e8re-go\u00fbt long, vif et secMeilleurs assortimentsCuisine italienne : risotto cr\u00e9meux aux crevettes ou p\u00e9tonclesP\u00e2tes ou salade","og_url":"https:\/\/www.tussockjumperwines.com\/nos-vins\/chenin-blanc\/","og_site_name":"Tussock Jumper Wines","article_modified_time":"2024-02-02T10:32:02+00:00","og_image":[{"width":280,"height":990,"url":"https:\/\/www.tussockjumperwines.com\/wp-content\/uploads\/2017\/02\/T-J-Chenin-Blanc-South-Africa-00-White.png","type":"image\/png"}],"twitter_card":"summary_large_image","twitter_misc":{"Dur\u00e9e de lecture estim\u00e9e":"1 minute"},"schema":{"@context":"https:\/\/schema.org","@graph":[{"@type":"WebPage","@id":"https:\/\/www.tussockjumperwines.com\/nos-vins\/chenin-blanc\/","url":"https:\/\/www.tussockjumperwines.com\/nos-vins\/chenin-blanc\/","name":"Chenin blanc - Tussock Jumper Wines","isPartOf":{"@id":"https:\/\/www.tussockjumperwines.com\/#website"},"primaryImageOfPage":{"@id":"https:\/\/www.tussockjumperwines.com\/nos-vins\/chenin-blanc\/#primaryimage"},"image":{"@id":"https:\/\/www.tussockjumperwines.com\/nos-vins\/chenin-blanc\/#primaryimage"},"thumbnailUrl":"https:\/\/www.tussockjumperwines.com\/wp-content\/uploads\/2017\/02\/T-J-Chenin-Blanc-South-Africa-00-White.png","datePublished":"2021-09-27T11:41:22+00:00","dateModified":"2024-02-02T10:32:02+00:00","breadcrumb":{"@id":"https:\/\/www.tussockjumperwines.com\/nos-vins\/chenin-blanc\/#breadcrumb"},"inLanguage":"fr-FR","potentialAction":[{"@type":"ReadAction","target":["https:\/\/www.tussockjumperwines.com\/nos-vins\/chenin-blanc\/"]}]},{"@type":"ImageObject","inLanguage":"fr-FR","@id":"https:\/\/www.tussockjumperwines.com\/nos-vins\/chenin-blanc\/#primaryimage","url":"https:\/\/www.tussockjumperwines.com\/wp-content\/uploads\/2017\/02\/T-J-Chenin-Blanc-South-Africa-00-White.png","contentUrl":"https:\/\/www.tussockjumperwines.com\/wp-content\/uploads\/2017\/02\/T-J-Chenin-Blanc-South-Africa-00-White.png","width":280,"height":990},{"@type":"BreadcrumbList","@id":"https:\/\/www.tussockjumperwines.com\/nos-vins\/chenin-blanc\/#breadcrumb","itemListElement":[{"@type":"ListItem","position":1,"name":"Home","item":"https:\/\/www.tussockjumperwines.com\/fr\/"},{"@type":"ListItem","position":2,"name":"Boutique","item":"https:\/\/www.tussockjumperwines.com\/fr\/boutique\/"},{"@type":"ListItem","position":3,"name":"Chenin blanc"}]},{"@type":"WebSite","@id":"https:\/\/www.tussockjumperwines.com\/#website","url":"https:\/\/www.tussockjumperwines.com\/","name":"Tussock Jumper Wines","description":"Jump around the wine world","potentialAction":[{"@type":"SearchAction","target":{"@type":"EntryPoint","urlTemplate":"https:\/\/www.tussockjumperwines.com\/?s={search_term_string}"},"query-input":{"@type":"PropertyValueSpecification","valueRequired":true,"valueName":"search_term_string"}}],"inLanguage":"fr-FR"}]}},"_links":{"self":[{"href":"https:\/\/www.tussockjumperwines.com\/fr\/wp-json\/wp\/v2\/product\/8277","targetHints":{"allow":["GET"]}}],"collection":[{"href":"https:\/\/www.tussockjumperwines.com\/fr\/wp-json\/wp\/v2\/product"}],"about":[{"href":"https:\/\/www.tussockjumperwines.com\/fr\/wp-json\/wp\/v2\/types\/product"}],"replies":[{"embeddable":true,"href":"https:\/\/www.tussockjumperwines.com\/fr\/wp-json\/wp\/v2\/comments?post=8277"}],"wp:featuredmedia":[{"embeddable":true,"href":"https:\/\/www.tussockjumperwines.com\/fr\/wp-json\/wp\/v2\/media\/2168"}],"wp:attachment":[{"href":"https:\/\/www.tussockjumperwines.com\/fr\/wp-json\/wp\/v2\/media?parent=8277"}],"wp:term":[{"taxonomy":"product_brand","embeddable":true,"href":"https:\/\/www.tussockjumperwines.com\/fr\/wp-json\/wp\/v2\/product_brand?post=8277"},{"taxonomy":"product_cat","embeddable":true,"href":"https:\/\/www.tussockjumperwines.com\/fr\/wp-json\/wp\/v2\/product_cat?post=8277"},{"taxonomy":"product_tag","embeddable":true,"href":"https:\/\/www.tussockjumperwines.com\/fr\/wp-json\/wp\/v2\/product_tag?post=8277"}],"curies":[{"name":"wp","href":"https:\/\/api.w.org\/{rel}","templated":true}]}}