{"id":8271,"date":"2017-02-08T15:43:21","date_gmt":"2017-02-08T15:43:21","guid":{"rendered":"https:\/\/www.tussockjumperwines.com\/our-wines\/riesling\/"},"modified":"2025-06-30T10:26:54","modified_gmt":"2025-06-30T10:26:54","slug":"riesling","status":"publish","type":"product","link":"https:\/\/www.tussockjumperwines.com\/fr\/nos-vins\/riesling\/","title":{"rendered":"Riesling"},"content":{"rendered":"<p><strong>MES RACINES<\/strong> <br \/>J&rsquo;ai grandi dans des vignobles qui bordent le l\u00e9gendaire Rhin, dans la r\u00e9gion de Nierstein, dont le climat est le plus chaud et le plus sec d&rsquo;Allemagne. Les pr\u00e9cipitations y sont faibles, les \u00e9t\u00e9s chauds et les hivers doux. Mon sol se r\u00e9chauffe facilement et se distingue par une haute teneur en min\u00e9raux, qui donne aux vins profondeur et corps. Apr\u00e8s une tr\u00e8s longue phase de maturation, seuls les raisins tr\u00e8s sains et enti\u00e8rement m\u00fbrs sont s\u00e9lectionn\u00e9s et doucement press\u00e9s. Puis commence une fermentation lente, \u00e0 temp\u00e9rature contr\u00f4l\u00e9e, dans des r\u00e9servoirs en acier inoxydable, afin de pr\u00e9server le fruit\u00e9. Apr\u00e8s la fermentation, les levures sont conserv\u00e9es dans les cuves pendant trois mois (\u00ab\u00a0sur-lie\u00a0\u00bb) pour un go\u00fbt plus complexe.<\/p>\n<p><strong>APPELLATION<\/strong> <br \/>Rheinhessen Allemagne<\/p>\n<p><strong>MES DIPL\u00d4MES<br \/><\/strong>Wine Enthusiast (USA) |BEST BUY|: 87 points<br \/>Double M\u00e9daille d&rsquo;or China Wine &amp; Spirits Awards 2022<br \/><strong><br \/><\/strong><\/p>\n<p><strong>NOTE DE VIVINO<\/strong><br \/>3,9\/5<\/p>\n<p><strong>MON ANALYSE<\/strong> <br \/>Alcool: 10,5% <br \/>Acidit\u00e9 totale : 5,1 g\/l <br \/>Sucre r\u00e9siduel : 23 g\/l<\/p>\n","protected":false},"excerpt":{"rendered":"<p><strong><label>Caract\u00e9ristiques<\/label><\/strong><\/p><ul><li>Ar\u00f4mes d\u00e9licats de citron et de melon<\/li><li>Frais et l\u00e9ger en bouche<\/li><li>Excellent \u00e9quilibre de fruits intenses<\/li><li>Acidit\u00e9 typique \u00e9pic\u00e9e du riesling avec une finale l\u00e9g\u00e8re<\/li><\/ul><p><strong><label>Meilleurs assortiments<\/label><\/strong><\/p><ul><li>Poisson grill\u00e9<\/li><li>Volaille<\/li><\/ul>","protected":false},"featured_media":2176,"comment_status":"closed","ping_status":"closed","template":"","meta":[],"product_brand":[],"product_cat":[118],"product_tag":[],"class_list":{"0":"post-8271","1":"product","2":"type-product","3":"status-publish","4":"has-post-thumbnail","6":"product_cat-nos-vins","8":"first","9":"instock","10":"shipping-taxable","11":"product-type-simple"},"yoast_head":"<!-- This site is optimized with the Yoast SEO plugin v27.3 - https:\/\/yoast.com\/product\/yoast-seo-wordpress\/ -->\n<title>Riesling - Tussock Jumper Wines<\/title>\n<meta name=\"robots\" content=\"index, follow, max-snippet:-1, max-image-preview:large, max-video-preview:-1\" \/>\n<link rel=\"canonical\" href=\"https:\/\/www.tussockjumperwines.com\/fr\/nos-vins\/riesling\/\" \/>\n<meta property=\"og:locale\" content=\"fr_FR\" \/>\n<meta property=\"og:type\" content=\"article\" \/>\n<meta property=\"og:title\" content=\"Riesling - Tussock Jumper Wines\" \/>\n<meta property=\"og:description\" content=\"Caract\u00e9ristiquesAr\u00f4mes d\u00e9licats de citron et de melonFrais et l\u00e9ger en boucheExcellent \u00e9quilibre de fruits intensesAcidit\u00e9 typique \u00e9pic\u00e9e du riesling avec une finale l\u00e9g\u00e8reMeilleurs assortimentsPoisson grill\u00e9Volaille\" \/>\n<meta property=\"og:url\" content=\"https:\/\/www.tussockjumperwines.com\/fr\/nos-vins\/riesling\/\" \/>\n<meta property=\"og:site_name\" content=\"Tussock Jumper Wines\" \/>\n<meta property=\"article:modified_time\" content=\"2025-06-30T10:26:54+00:00\" \/>\n<meta property=\"og:image\" content=\"https:\/\/www.tussockjumperwines.com\/wp-content\/uploads\/2017\/02\/T-J-Riesling-Germany-00-White.png\" \/>\n\t<meta property=\"og:image:width\" content=\"280\" \/>\n\t<meta property=\"og:image:height\" content=\"990\" \/>\n\t<meta property=\"og:image:type\" content=\"image\/png\" \/>\n<meta name=\"twitter:card\" content=\"summary_large_image\" \/>\n<meta name=\"twitter:label1\" content=\"Dur\u00e9e de lecture estim\u00e9e\" \/>\n\t<meta name=\"twitter:data1\" content=\"1 minute\" \/>\n<script type=\"application\/ld+json\" class=\"yoast-schema-graph\">{\"@context\":\"https:\\\/\\\/schema.org\",\"@graph\":[{\"@type\":\"WebPage\",\"@id\":\"https:\\\/\\\/www.tussockjumperwines.com\\\/fr\\\/nos-vins\\\/riesling\\\/\",\"url\":\"https:\\\/\\\/www.tussockjumperwines.com\\\/fr\\\/nos-vins\\\/riesling\\\/\",\"name\":\"Riesling - Tussock Jumper Wines\",\"isPartOf\":{\"@id\":\"https:\\\/\\\/www.tussockjumperwines.com\\\/#website\"},\"primaryImageOfPage\":{\"@id\":\"https:\\\/\\\/www.tussockjumperwines.com\\\/fr\\\/nos-vins\\\/riesling\\\/#primaryimage\"},\"image\":{\"@id\":\"https:\\\/\\\/www.tussockjumperwines.com\\\/fr\\\/nos-vins\\\/riesling\\\/#primaryimage\"},\"thumbnailUrl\":\"https:\\\/\\\/www.tussockjumperwines.com\\\/wp-content\\\/uploads\\\/2017\\\/02\\\/T-J-Riesling-Germany-00-White.png\",\"datePublished\":\"2017-02-08T15:43:21+00:00\",\"dateModified\":\"2025-06-30T10:26:54+00:00\",\"breadcrumb\":{\"@id\":\"https:\\\/\\\/www.tussockjumperwines.com\\\/fr\\\/nos-vins\\\/riesling\\\/#breadcrumb\"},\"inLanguage\":\"fr-FR\",\"potentialAction\":[{\"@type\":\"ReadAction\",\"target\":[\"https:\\\/\\\/www.tussockjumperwines.com\\\/fr\\\/nos-vins\\\/riesling\\\/\"]}]},{\"@type\":\"ImageObject\",\"inLanguage\":\"fr-FR\",\"@id\":\"https:\\\/\\\/www.tussockjumperwines.com\\\/fr\\\/nos-vins\\\/riesling\\\/#primaryimage\",\"url\":\"https:\\\/\\\/www.tussockjumperwines.com\\\/wp-content\\\/uploads\\\/2017\\\/02\\\/T-J-Riesling-Germany-00-White.png\",\"contentUrl\":\"https:\\\/\\\/www.tussockjumperwines.com\\\/wp-content\\\/uploads\\\/2017\\\/02\\\/T-J-Riesling-Germany-00-White.png\",\"width\":280,\"height\":990},{\"@type\":\"BreadcrumbList\",\"@id\":\"https:\\\/\\\/www.tussockjumperwines.com\\\/fr\\\/nos-vins\\\/riesling\\\/#breadcrumb\",\"itemListElement\":[{\"@type\":\"ListItem\",\"position\":1,\"name\":\"Home\",\"item\":\"https:\\\/\\\/www.tussockjumperwines.com\\\/fr\\\/\"},{\"@type\":\"ListItem\",\"position\":2,\"name\":\"Boutique\",\"item\":\"https:\\\/\\\/www.tussockjumperwines.com\\\/fr\\\/boutique\\\/\"},{\"@type\":\"ListItem\",\"position\":3,\"name\":\"Riesling\"}]},{\"@type\":\"WebSite\",\"@id\":\"https:\\\/\\\/www.tussockjumperwines.com\\\/#website\",\"url\":\"https:\\\/\\\/www.tussockjumperwines.com\\\/\",\"name\":\"Tussock Jumper Wines\",\"description\":\"Jump around the wine world\",\"potentialAction\":[{\"@type\":\"SearchAction\",\"target\":{\"@type\":\"EntryPoint\",\"urlTemplate\":\"https:\\\/\\\/www.tussockjumperwines.com\\\/?s={search_term_string}\"},\"query-input\":{\"@type\":\"PropertyValueSpecification\",\"valueRequired\":true,\"valueName\":\"search_term_string\"}}],\"inLanguage\":\"fr-FR\"}]}<\/script>\n<!-- \/ Yoast SEO plugin. -->","yoast_head_json":{"title":"Riesling - Tussock Jumper Wines","robots":{"index":"index","follow":"follow","max-snippet":"max-snippet:-1","max-image-preview":"max-image-preview:large","max-video-preview":"max-video-preview:-1"},"canonical":"https:\/\/www.tussockjumperwines.com\/fr\/nos-vins\/riesling\/","og_locale":"fr_FR","og_type":"article","og_title":"Riesling - Tussock Jumper Wines","og_description":"Caract\u00e9ristiquesAr\u00f4mes d\u00e9licats de citron et de melonFrais et l\u00e9ger en boucheExcellent \u00e9quilibre de fruits intensesAcidit\u00e9 typique \u00e9pic\u00e9e du riesling avec une finale l\u00e9g\u00e8reMeilleurs assortimentsPoisson grill\u00e9Volaille","og_url":"https:\/\/www.tussockjumperwines.com\/fr\/nos-vins\/riesling\/","og_site_name":"Tussock Jumper Wines","article_modified_time":"2025-06-30T10:26:54+00:00","og_image":[{"width":280,"height":990,"url":"https:\/\/www.tussockjumperwines.com\/wp-content\/uploads\/2017\/02\/T-J-Riesling-Germany-00-White.png","type":"image\/png"}],"twitter_card":"summary_large_image","twitter_misc":{"Dur\u00e9e de lecture estim\u00e9e":"1 minute"},"schema":{"@context":"https:\/\/schema.org","@graph":[{"@type":"WebPage","@id":"https:\/\/www.tussockjumperwines.com\/fr\/nos-vins\/riesling\/","url":"https:\/\/www.tussockjumperwines.com\/fr\/nos-vins\/riesling\/","name":"Riesling - Tussock Jumper Wines","isPartOf":{"@id":"https:\/\/www.tussockjumperwines.com\/#website"},"primaryImageOfPage":{"@id":"https:\/\/www.tussockjumperwines.com\/fr\/nos-vins\/riesling\/#primaryimage"},"image":{"@id":"https:\/\/www.tussockjumperwines.com\/fr\/nos-vins\/riesling\/#primaryimage"},"thumbnailUrl":"https:\/\/www.tussockjumperwines.com\/wp-content\/uploads\/2017\/02\/T-J-Riesling-Germany-00-White.png","datePublished":"2017-02-08T15:43:21+00:00","dateModified":"2025-06-30T10:26:54+00:00","breadcrumb":{"@id":"https:\/\/www.tussockjumperwines.com\/fr\/nos-vins\/riesling\/#breadcrumb"},"inLanguage":"fr-FR","potentialAction":[{"@type":"ReadAction","target":["https:\/\/www.tussockjumperwines.com\/fr\/nos-vins\/riesling\/"]}]},{"@type":"ImageObject","inLanguage":"fr-FR","@id":"https:\/\/www.tussockjumperwines.com\/fr\/nos-vins\/riesling\/#primaryimage","url":"https:\/\/www.tussockjumperwines.com\/wp-content\/uploads\/2017\/02\/T-J-Riesling-Germany-00-White.png","contentUrl":"https:\/\/www.tussockjumperwines.com\/wp-content\/uploads\/2017\/02\/T-J-Riesling-Germany-00-White.png","width":280,"height":990},{"@type":"BreadcrumbList","@id":"https:\/\/www.tussockjumperwines.com\/fr\/nos-vins\/riesling\/#breadcrumb","itemListElement":[{"@type":"ListItem","position":1,"name":"Home","item":"https:\/\/www.tussockjumperwines.com\/fr\/"},{"@type":"ListItem","position":2,"name":"Boutique","item":"https:\/\/www.tussockjumperwines.com\/fr\/boutique\/"},{"@type":"ListItem","position":3,"name":"Riesling"}]},{"@type":"WebSite","@id":"https:\/\/www.tussockjumperwines.com\/#website","url":"https:\/\/www.tussockjumperwines.com\/","name":"Tussock Jumper Wines","description":"Jump around the wine world","potentialAction":[{"@type":"SearchAction","target":{"@type":"EntryPoint","urlTemplate":"https:\/\/www.tussockjumperwines.com\/?s={search_term_string}"},"query-input":{"@type":"PropertyValueSpecification","valueRequired":true,"valueName":"search_term_string"}}],"inLanguage":"fr-FR"}]}},"_links":{"self":[{"href":"https:\/\/www.tussockjumperwines.com\/fr\/wp-json\/wp\/v2\/product\/8271","targetHints":{"allow":["GET"]}}],"collection":[{"href":"https:\/\/www.tussockjumperwines.com\/fr\/wp-json\/wp\/v2\/product"}],"about":[{"href":"https:\/\/www.tussockjumperwines.com\/fr\/wp-json\/wp\/v2\/types\/product"}],"replies":[{"embeddable":true,"href":"https:\/\/www.tussockjumperwines.com\/fr\/wp-json\/wp\/v2\/comments?post=8271"}],"wp:featuredmedia":[{"embeddable":true,"href":"https:\/\/www.tussockjumperwines.com\/fr\/wp-json\/wp\/v2\/media\/2176"}],"wp:attachment":[{"href":"https:\/\/www.tussockjumperwines.com\/fr\/wp-json\/wp\/v2\/media?parent=8271"}],"wp:term":[{"taxonomy":"product_brand","embeddable":true,"href":"https:\/\/www.tussockjumperwines.com\/fr\/wp-json\/wp\/v2\/product_brand?post=8271"},{"taxonomy":"product_cat","embeddable":true,"href":"https:\/\/www.tussockjumperwines.com\/fr\/wp-json\/wp\/v2\/product_cat?post=8271"},{"taxonomy":"product_tag","embeddable":true,"href":"https:\/\/www.tussockjumperwines.com\/fr\/wp-json\/wp\/v2\/product_tag?post=8271"}],"curies":[{"name":"wp","href":"https:\/\/api.w.org\/{rel}","templated":true}]}}