{"id":8259,"date":"2017-02-08T15:00:16","date_gmt":"2021-09-27T11:41:20","guid":{"rendered":"https:\/\/www.tussockjumperwines.com\/our-wines\/red-blend\/"},"modified":"2023-06-09T14:39:12","modified_gmt":"2023-06-09T14:39:12","slug":"red-blend","status":"publish","type":"product","link":"https:\/\/www.tussockjumperwines.com\/fr\/nos-vins\/red-blend\/","title":{"rendered":"Red Blend"},"content":{"rendered":"<p><strong>MES RACINES<br \/><\/strong> Je prends naissance dans des sols d\u2019argile, de schiste (35%) et de marne argileuse s\u00e9dimentaire riche en magn\u00e9sium. Gr\u00e2ce \u00e0 une cueillette de nuit, mes raisins gardent tout leur ar\u00f4me. La moiti\u00e9 du vin r\u00e9colt\u00e9 passe 6 mois dans des f\u00fbts de ch\u00eane fran\u00e7ais et am\u00e9ricain avant la mise en bouteille.<\/p>\n<p><strong>APPELLATION<\/strong>  <br \/>Vinho R\u00e9gion Alentejano<\/p>\n<p><strong>MON DIPL\u00d4ME<\/strong>  <br \/>M\u00e9daille d&rsquo;or China Wine &#038; Spirit Awards 2023<\/p>\n<p><strong>NOTE DE VIVINO<\/strong><br \/>3,9\/5<\/p>\n<p><strong>MON ANALYSE<\/strong>  <br \/>Alcool: 13,5% <br \/>Acidit\u00e9 totale : 7,6 g\/l <br \/>Sucre r\u00e9siduel : 6 g\/l<\/p>\n","protected":false},"excerpt":{"rendered":"<p><label>Caract\u00e9ristiques<\/label><\/p><ul><li>Ar\u00f4me de fruits des bois<\/li><li>Fleurs blanches au go\u00fbt de chocolat et de noix de coco<\/li><li>Palais bien \u00e9quilibr\u00e9<\/li><li>Saveur ronde et riche de fruits et d&rsquo;\u00e9pices<\/li><\/ul><p><label>Meilleurs assortiments<\/label><\/p><ul><li>Viande<\/li><li>Fromage doux<\/li><li>P\u00e2tes<\/li><\/ul>","protected":false},"featured_media":7986,"comment_status":"closed","ping_status":"closed","template":"","meta":[],"product_brand":[],"product_cat":[118],"product_tag":[],"class_list":{"0":"post-8259","1":"product","2":"type-product","3":"status-publish","4":"has-post-thumbnail","6":"product_cat-nos-vins","8":"first","9":"instock","10":"shipping-taxable","11":"product-type-simple"},"yoast_head":"<!-- This site is optimized with the Yoast SEO plugin v27.3 - https:\/\/yoast.com\/product\/yoast-seo-wordpress\/ -->\n<title>Red Blend - Tussock Jumper Wines<\/title>\n<meta name=\"robots\" content=\"index, follow, max-snippet:-1, max-image-preview:large, max-video-preview:-1\" \/>\n<link rel=\"canonical\" href=\"https:\/\/www.tussockjumperwines.com\/fr\/nos-vins\/red-blend\/\" \/>\n<meta property=\"og:locale\" content=\"fr_FR\" \/>\n<meta property=\"og:type\" content=\"article\" \/>\n<meta property=\"og:title\" content=\"Red Blend - Tussock Jumper Wines\" \/>\n<meta property=\"og:description\" content=\"Caract\u00e9ristiquesAr\u00f4me de fruits des boisFleurs blanches au go\u00fbt de chocolat et de noix de cocoPalais bien \u00e9quilibr\u00e9Saveur ronde et riche de fruits et d&#039;\u00e9picesMeilleurs assortimentsViandeFromage douxP\u00e2tes\" \/>\n<meta property=\"og:url\" content=\"https:\/\/www.tussockjumperwines.com\/fr\/nos-vins\/red-blend\/\" \/>\n<meta property=\"og:site_name\" content=\"Tussock Jumper Wines\" \/>\n<meta property=\"article:modified_time\" content=\"2023-06-09T14:39:12+00:00\" \/>\n<meta property=\"og:image\" content=\"https:\/\/www.tussockjumperwines.com\/wp-content\/uploads\/2017\/02\/T-J-Red-Blend-Portugal-00-Red.png\" \/>\n\t<meta property=\"og:image:width\" content=\"280\" \/>\n\t<meta property=\"og:image:height\" content=\"990\" \/>\n\t<meta property=\"og:image:type\" content=\"image\/png\" \/>\n<meta name=\"twitter:card\" content=\"summary_large_image\" \/>\n<meta name=\"twitter:label1\" content=\"Dur\u00e9e de lecture estim\u00e9e\" \/>\n\t<meta name=\"twitter:data1\" content=\"1 minute\" \/>\n<script type=\"application\/ld+json\" class=\"yoast-schema-graph\">{\"@context\":\"https:\\\/\\\/schema.org\",\"@graph\":[{\"@type\":\"WebPage\",\"@id\":\"https:\\\/\\\/www.tussockjumperwines.com\\\/fr\\\/nos-vins\\\/red-blend\\\/\",\"url\":\"https:\\\/\\\/www.tussockjumperwines.com\\\/fr\\\/nos-vins\\\/red-blend\\\/\",\"name\":\"Red Blend - Tussock Jumper Wines\",\"isPartOf\":{\"@id\":\"https:\\\/\\\/www.tussockjumperwines.com\\\/#website\"},\"primaryImageOfPage\":{\"@id\":\"https:\\\/\\\/www.tussockjumperwines.com\\\/fr\\\/nos-vins\\\/red-blend\\\/#primaryimage\"},\"image\":{\"@id\":\"https:\\\/\\\/www.tussockjumperwines.com\\\/fr\\\/nos-vins\\\/red-blend\\\/#primaryimage\"},\"thumbnailUrl\":\"https:\\\/\\\/www.tussockjumperwines.com\\\/wp-content\\\/uploads\\\/2017\\\/02\\\/T-J-Red-Blend-Portugal-00-Red.png\",\"datePublished\":\"2021-09-27T11:41:20+00:00\",\"dateModified\":\"2023-06-09T14:39:12+00:00\",\"breadcrumb\":{\"@id\":\"https:\\\/\\\/www.tussockjumperwines.com\\\/fr\\\/nos-vins\\\/red-blend\\\/#breadcrumb\"},\"inLanguage\":\"fr-FR\",\"potentialAction\":[{\"@type\":\"ReadAction\",\"target\":[\"https:\\\/\\\/www.tussockjumperwines.com\\\/fr\\\/nos-vins\\\/red-blend\\\/\"]}]},{\"@type\":\"ImageObject\",\"inLanguage\":\"fr-FR\",\"@id\":\"https:\\\/\\\/www.tussockjumperwines.com\\\/fr\\\/nos-vins\\\/red-blend\\\/#primaryimage\",\"url\":\"https:\\\/\\\/www.tussockjumperwines.com\\\/wp-content\\\/uploads\\\/2017\\\/02\\\/T-J-Red-Blend-Portugal-00-Red.png\",\"contentUrl\":\"https:\\\/\\\/www.tussockjumperwines.com\\\/wp-content\\\/uploads\\\/2017\\\/02\\\/T-J-Red-Blend-Portugal-00-Red.png\",\"width\":280,\"height\":990},{\"@type\":\"BreadcrumbList\",\"@id\":\"https:\\\/\\\/www.tussockjumperwines.com\\\/fr\\\/nos-vins\\\/red-blend\\\/#breadcrumb\",\"itemListElement\":[{\"@type\":\"ListItem\",\"position\":1,\"name\":\"Home\",\"item\":\"https:\\\/\\\/www.tussockjumperwines.com\\\/fr\\\/\"},{\"@type\":\"ListItem\",\"position\":2,\"name\":\"Boutique\",\"item\":\"https:\\\/\\\/www.tussockjumperwines.com\\\/fr\\\/boutique\\\/\"},{\"@type\":\"ListItem\",\"position\":3,\"name\":\"Red Blend\"}]},{\"@type\":\"WebSite\",\"@id\":\"https:\\\/\\\/www.tussockjumperwines.com\\\/#website\",\"url\":\"https:\\\/\\\/www.tussockjumperwines.com\\\/\",\"name\":\"Tussock Jumper Wines\",\"description\":\"Jump around the wine world\",\"potentialAction\":[{\"@type\":\"SearchAction\",\"target\":{\"@type\":\"EntryPoint\",\"urlTemplate\":\"https:\\\/\\\/www.tussockjumperwines.com\\\/?s={search_term_string}\"},\"query-input\":{\"@type\":\"PropertyValueSpecification\",\"valueRequired\":true,\"valueName\":\"search_term_string\"}}],\"inLanguage\":\"fr-FR\"}]}<\/script>\n<!-- \/ Yoast SEO plugin. -->","yoast_head_json":{"title":"Red Blend - Tussock Jumper Wines","robots":{"index":"index","follow":"follow","max-snippet":"max-snippet:-1","max-image-preview":"max-image-preview:large","max-video-preview":"max-video-preview:-1"},"canonical":"https:\/\/www.tussockjumperwines.com\/fr\/nos-vins\/red-blend\/","og_locale":"fr_FR","og_type":"article","og_title":"Red Blend - Tussock Jumper Wines","og_description":"Caract\u00e9ristiquesAr\u00f4me de fruits des boisFleurs blanches au go\u00fbt de chocolat et de noix de cocoPalais bien \u00e9quilibr\u00e9Saveur ronde et riche de fruits et d'\u00e9picesMeilleurs assortimentsViandeFromage douxP\u00e2tes","og_url":"https:\/\/www.tussockjumperwines.com\/fr\/nos-vins\/red-blend\/","og_site_name":"Tussock Jumper Wines","article_modified_time":"2023-06-09T14:39:12+00:00","og_image":[{"width":280,"height":990,"url":"https:\/\/www.tussockjumperwines.com\/wp-content\/uploads\/2017\/02\/T-J-Red-Blend-Portugal-00-Red.png","type":"image\/png"}],"twitter_card":"summary_large_image","twitter_misc":{"Dur\u00e9e de lecture estim\u00e9e":"1 minute"},"schema":{"@context":"https:\/\/schema.org","@graph":[{"@type":"WebPage","@id":"https:\/\/www.tussockjumperwines.com\/fr\/nos-vins\/red-blend\/","url":"https:\/\/www.tussockjumperwines.com\/fr\/nos-vins\/red-blend\/","name":"Red Blend - Tussock Jumper Wines","isPartOf":{"@id":"https:\/\/www.tussockjumperwines.com\/#website"},"primaryImageOfPage":{"@id":"https:\/\/www.tussockjumperwines.com\/fr\/nos-vins\/red-blend\/#primaryimage"},"image":{"@id":"https:\/\/www.tussockjumperwines.com\/fr\/nos-vins\/red-blend\/#primaryimage"},"thumbnailUrl":"https:\/\/www.tussockjumperwines.com\/wp-content\/uploads\/2017\/02\/T-J-Red-Blend-Portugal-00-Red.png","datePublished":"2021-09-27T11:41:20+00:00","dateModified":"2023-06-09T14:39:12+00:00","breadcrumb":{"@id":"https:\/\/www.tussockjumperwines.com\/fr\/nos-vins\/red-blend\/#breadcrumb"},"inLanguage":"fr-FR","potentialAction":[{"@type":"ReadAction","target":["https:\/\/www.tussockjumperwines.com\/fr\/nos-vins\/red-blend\/"]}]},{"@type":"ImageObject","inLanguage":"fr-FR","@id":"https:\/\/www.tussockjumperwines.com\/fr\/nos-vins\/red-blend\/#primaryimage","url":"https:\/\/www.tussockjumperwines.com\/wp-content\/uploads\/2017\/02\/T-J-Red-Blend-Portugal-00-Red.png","contentUrl":"https:\/\/www.tussockjumperwines.com\/wp-content\/uploads\/2017\/02\/T-J-Red-Blend-Portugal-00-Red.png","width":280,"height":990},{"@type":"BreadcrumbList","@id":"https:\/\/www.tussockjumperwines.com\/fr\/nos-vins\/red-blend\/#breadcrumb","itemListElement":[{"@type":"ListItem","position":1,"name":"Home","item":"https:\/\/www.tussockjumperwines.com\/fr\/"},{"@type":"ListItem","position":2,"name":"Boutique","item":"https:\/\/www.tussockjumperwines.com\/fr\/boutique\/"},{"@type":"ListItem","position":3,"name":"Red Blend"}]},{"@type":"WebSite","@id":"https:\/\/www.tussockjumperwines.com\/#website","url":"https:\/\/www.tussockjumperwines.com\/","name":"Tussock Jumper Wines","description":"Jump around the wine world","potentialAction":[{"@type":"SearchAction","target":{"@type":"EntryPoint","urlTemplate":"https:\/\/www.tussockjumperwines.com\/?s={search_term_string}"},"query-input":{"@type":"PropertyValueSpecification","valueRequired":true,"valueName":"search_term_string"}}],"inLanguage":"fr-FR"}]}},"_links":{"self":[{"href":"https:\/\/www.tussockjumperwines.com\/fr\/wp-json\/wp\/v2\/product\/8259","targetHints":{"allow":["GET"]}}],"collection":[{"href":"https:\/\/www.tussockjumperwines.com\/fr\/wp-json\/wp\/v2\/product"}],"about":[{"href":"https:\/\/www.tussockjumperwines.com\/fr\/wp-json\/wp\/v2\/types\/product"}],"replies":[{"embeddable":true,"href":"https:\/\/www.tussockjumperwines.com\/fr\/wp-json\/wp\/v2\/comments?post=8259"}],"wp:featuredmedia":[{"embeddable":true,"href":"https:\/\/www.tussockjumperwines.com\/fr\/wp-json\/wp\/v2\/media\/7986"}],"wp:attachment":[{"href":"https:\/\/www.tussockjumperwines.com\/fr\/wp-json\/wp\/v2\/media?parent=8259"}],"wp:term":[{"taxonomy":"product_brand","embeddable":true,"href":"https:\/\/www.tussockjumperwines.com\/fr\/wp-json\/wp\/v2\/product_brand?post=8259"},{"taxonomy":"product_cat","embeddable":true,"href":"https:\/\/www.tussockjumperwines.com\/fr\/wp-json\/wp\/v2\/product_cat?post=8259"},{"taxonomy":"product_tag","embeddable":true,"href":"https:\/\/www.tussockjumperwines.com\/fr\/wp-json\/wp\/v2\/product_tag?post=8259"}],"curies":[{"name":"wp","href":"https:\/\/api.w.org\/{rel}","templated":true}]}}