{"id":8244,"date":"2017-02-08T13:54:16","date_gmt":"2021-09-27T11:41:18","guid":{"rendered":"https:\/\/www.tussockjumperwines.com\/our-wines\/prosecco\/"},"modified":"2022-03-18T14:48:39","modified_gmt":"2022-03-18T14:48:39","slug":"prosecco","status":"publish","type":"product","link":"https:\/\/www.tussockjumperwines.com\/fr\/nos-vins\/prosecco\/","title":{"rendered":"Prosecco"},"content":{"rendered":"<p><strong>MES RACINES<\/strong> <br \/>Originaire de Glera, je suis un c\u00e9page de la r\u00e9gion de Tr\u00e9vise. Le sol et les conditions climatiques y sont optimaux pour cr\u00e9er ce vin unique. La prise de mousse s\u2019obtient selon la m\u00e9thode Charmat, en autoclave d&rsquo;acier, en respectant scrupuleusement les r\u00e8gles, ce qui donne un vin vif extra sec.<\/p>\n<p><strong>APPELLATION<\/strong> <br \/>Tr\u00e9vise DOC<\/p>\n<p><strong>NOTE VIVINO<\/strong><br \/>3,9\/5<\/p>\n<p><strong>MON ANALYSE<\/strong> <br \/>Alcool : 11 % <br \/>Acidit\u00e9 totale : 3,6 g\/l <br \/>Sucre r\u00e9siduel : 18 g\/l<\/p>\n","protected":false},"excerpt":{"rendered":"<p><label>Caract\u00e9ristiques<\/label><\/p><ul><li>Robe jaune paille brillante aux reflets verts<\/li><li>Saveurs fruit\u00e9es<\/li><li>Harmonieux au palais<\/li><\/ul><p><label>Meilleurs assortiments<\/label><\/p><ul><li>Ap\u00e9ritif<\/li><li>Viande blanche<\/li><li>Poissons<\/li><\/ul>","protected":false},"featured_media":2212,"comment_status":"closed","ping_status":"closed","template":"","meta":[],"product_brand":[],"product_cat":[118],"product_tag":[],"class_list":{"0":"post-8244","1":"product","2":"type-product","3":"status-publish","4":"has-post-thumbnail","6":"product_cat-nos-vins","8":"first","9":"instock","10":"shipping-taxable","11":"product-type-simple"},"yoast_head":"<!-- This site is optimized with the Yoast SEO plugin v27.3 - https:\/\/yoast.com\/product\/yoast-seo-wordpress\/ -->\n<title>Prosecco - Tussock Jumper Wines<\/title>\n<meta name=\"robots\" content=\"index, follow, max-snippet:-1, max-image-preview:large, max-video-preview:-1\" \/>\n<link rel=\"canonical\" href=\"https:\/\/www.tussockjumperwines.com\/fr\/nos-vins\/prosecco\/\" \/>\n<meta property=\"og:locale\" content=\"fr_FR\" \/>\n<meta property=\"og:type\" content=\"article\" \/>\n<meta property=\"og:title\" content=\"Prosecco - Tussock Jumper Wines\" \/>\n<meta property=\"og:description\" content=\"Caract\u00e9ristiquesRobe jaune paille brillante aux reflets vertsSaveurs fruit\u00e9esHarmonieux au palaisMeilleurs assortimentsAp\u00e9ritifViande blanchePoissons\" \/>\n<meta property=\"og:url\" content=\"https:\/\/www.tussockjumperwines.com\/fr\/nos-vins\/prosecco\/\" \/>\n<meta property=\"og:site_name\" content=\"Tussock Jumper Wines\" \/>\n<meta property=\"article:modified_time\" content=\"2022-03-18T14:48:39+00:00\" \/>\n<meta property=\"og:image\" content=\"https:\/\/www.tussockjumperwines.com\/wp-content\/uploads\/2017\/02\/T-J-Prosecco-Italia-White.png\" \/>\n\t<meta property=\"og:image:width\" content=\"280\" \/>\n\t<meta property=\"og:image:height\" content=\"990\" \/>\n\t<meta property=\"og:image:type\" content=\"image\/png\" \/>\n<meta name=\"twitter:card\" content=\"summary_large_image\" \/>\n<script type=\"application\/ld+json\" class=\"yoast-schema-graph\">{\"@context\":\"https:\\\/\\\/schema.org\",\"@graph\":[{\"@type\":\"WebPage\",\"@id\":\"https:\\\/\\\/www.tussockjumperwines.com\\\/fr\\\/nos-vins\\\/prosecco\\\/\",\"url\":\"https:\\\/\\\/www.tussockjumperwines.com\\\/fr\\\/nos-vins\\\/prosecco\\\/\",\"name\":\"Prosecco - Tussock Jumper Wines\",\"isPartOf\":{\"@id\":\"https:\\\/\\\/www.tussockjumperwines.com\\\/#website\"},\"primaryImageOfPage\":{\"@id\":\"https:\\\/\\\/www.tussockjumperwines.com\\\/fr\\\/nos-vins\\\/prosecco\\\/#primaryimage\"},\"image\":{\"@id\":\"https:\\\/\\\/www.tussockjumperwines.com\\\/fr\\\/nos-vins\\\/prosecco\\\/#primaryimage\"},\"thumbnailUrl\":\"https:\\\/\\\/www.tussockjumperwines.com\\\/wp-content\\\/uploads\\\/2017\\\/02\\\/T-J-Prosecco-Italia-White.png\",\"datePublished\":\"2021-09-27T11:41:18+00:00\",\"dateModified\":\"2022-03-18T14:48:39+00:00\",\"breadcrumb\":{\"@id\":\"https:\\\/\\\/www.tussockjumperwines.com\\\/fr\\\/nos-vins\\\/prosecco\\\/#breadcrumb\"},\"inLanguage\":\"fr-FR\",\"potentialAction\":[{\"@type\":\"ReadAction\",\"target\":[\"https:\\\/\\\/www.tussockjumperwines.com\\\/fr\\\/nos-vins\\\/prosecco\\\/\"]}]},{\"@type\":\"ImageObject\",\"inLanguage\":\"fr-FR\",\"@id\":\"https:\\\/\\\/www.tussockjumperwines.com\\\/fr\\\/nos-vins\\\/prosecco\\\/#primaryimage\",\"url\":\"https:\\\/\\\/www.tussockjumperwines.com\\\/wp-content\\\/uploads\\\/2017\\\/02\\\/T-J-Prosecco-Italia-White.png\",\"contentUrl\":\"https:\\\/\\\/www.tussockjumperwines.com\\\/wp-content\\\/uploads\\\/2017\\\/02\\\/T-J-Prosecco-Italia-White.png\",\"width\":280,\"height\":990},{\"@type\":\"BreadcrumbList\",\"@id\":\"https:\\\/\\\/www.tussockjumperwines.com\\\/fr\\\/nos-vins\\\/prosecco\\\/#breadcrumb\",\"itemListElement\":[{\"@type\":\"ListItem\",\"position\":1,\"name\":\"Home\",\"item\":\"https:\\\/\\\/www.tussockjumperwines.com\\\/fr\\\/\"},{\"@type\":\"ListItem\",\"position\":2,\"name\":\"Boutique\",\"item\":\"https:\\\/\\\/www.tussockjumperwines.com\\\/fr\\\/boutique\\\/\"},{\"@type\":\"ListItem\",\"position\":3,\"name\":\"Prosecco\"}]},{\"@type\":\"WebSite\",\"@id\":\"https:\\\/\\\/www.tussockjumperwines.com\\\/#website\",\"url\":\"https:\\\/\\\/www.tussockjumperwines.com\\\/\",\"name\":\"Tussock Jumper Wines\",\"description\":\"Jump around the wine world\",\"potentialAction\":[{\"@type\":\"SearchAction\",\"target\":{\"@type\":\"EntryPoint\",\"urlTemplate\":\"https:\\\/\\\/www.tussockjumperwines.com\\\/?s={search_term_string}\"},\"query-input\":{\"@type\":\"PropertyValueSpecification\",\"valueRequired\":true,\"valueName\":\"search_term_string\"}}],\"inLanguage\":\"fr-FR\"}]}<\/script>\n<!-- \/ Yoast SEO plugin. -->","yoast_head_json":{"title":"Prosecco - Tussock Jumper Wines","robots":{"index":"index","follow":"follow","max-snippet":"max-snippet:-1","max-image-preview":"max-image-preview:large","max-video-preview":"max-video-preview:-1"},"canonical":"https:\/\/www.tussockjumperwines.com\/fr\/nos-vins\/prosecco\/","og_locale":"fr_FR","og_type":"article","og_title":"Prosecco - Tussock Jumper Wines","og_description":"Caract\u00e9ristiquesRobe jaune paille brillante aux reflets vertsSaveurs fruit\u00e9esHarmonieux au palaisMeilleurs assortimentsAp\u00e9ritifViande blanchePoissons","og_url":"https:\/\/www.tussockjumperwines.com\/fr\/nos-vins\/prosecco\/","og_site_name":"Tussock Jumper Wines","article_modified_time":"2022-03-18T14:48:39+00:00","og_image":[{"width":280,"height":990,"url":"https:\/\/www.tussockjumperwines.com\/wp-content\/uploads\/2017\/02\/T-J-Prosecco-Italia-White.png","type":"image\/png"}],"twitter_card":"summary_large_image","schema":{"@context":"https:\/\/schema.org","@graph":[{"@type":"WebPage","@id":"https:\/\/www.tussockjumperwines.com\/fr\/nos-vins\/prosecco\/","url":"https:\/\/www.tussockjumperwines.com\/fr\/nos-vins\/prosecco\/","name":"Prosecco - Tussock Jumper Wines","isPartOf":{"@id":"https:\/\/www.tussockjumperwines.com\/#website"},"primaryImageOfPage":{"@id":"https:\/\/www.tussockjumperwines.com\/fr\/nos-vins\/prosecco\/#primaryimage"},"image":{"@id":"https:\/\/www.tussockjumperwines.com\/fr\/nos-vins\/prosecco\/#primaryimage"},"thumbnailUrl":"https:\/\/www.tussockjumperwines.com\/wp-content\/uploads\/2017\/02\/T-J-Prosecco-Italia-White.png","datePublished":"2021-09-27T11:41:18+00:00","dateModified":"2022-03-18T14:48:39+00:00","breadcrumb":{"@id":"https:\/\/www.tussockjumperwines.com\/fr\/nos-vins\/prosecco\/#breadcrumb"},"inLanguage":"fr-FR","potentialAction":[{"@type":"ReadAction","target":["https:\/\/www.tussockjumperwines.com\/fr\/nos-vins\/prosecco\/"]}]},{"@type":"ImageObject","inLanguage":"fr-FR","@id":"https:\/\/www.tussockjumperwines.com\/fr\/nos-vins\/prosecco\/#primaryimage","url":"https:\/\/www.tussockjumperwines.com\/wp-content\/uploads\/2017\/02\/T-J-Prosecco-Italia-White.png","contentUrl":"https:\/\/www.tussockjumperwines.com\/wp-content\/uploads\/2017\/02\/T-J-Prosecco-Italia-White.png","width":280,"height":990},{"@type":"BreadcrumbList","@id":"https:\/\/www.tussockjumperwines.com\/fr\/nos-vins\/prosecco\/#breadcrumb","itemListElement":[{"@type":"ListItem","position":1,"name":"Home","item":"https:\/\/www.tussockjumperwines.com\/fr\/"},{"@type":"ListItem","position":2,"name":"Boutique","item":"https:\/\/www.tussockjumperwines.com\/fr\/boutique\/"},{"@type":"ListItem","position":3,"name":"Prosecco"}]},{"@type":"WebSite","@id":"https:\/\/www.tussockjumperwines.com\/#website","url":"https:\/\/www.tussockjumperwines.com\/","name":"Tussock Jumper Wines","description":"Jump around the wine world","potentialAction":[{"@type":"SearchAction","target":{"@type":"EntryPoint","urlTemplate":"https:\/\/www.tussockjumperwines.com\/?s={search_term_string}"},"query-input":{"@type":"PropertyValueSpecification","valueRequired":true,"valueName":"search_term_string"}}],"inLanguage":"fr-FR"}]}},"_links":{"self":[{"href":"https:\/\/www.tussockjumperwines.com\/fr\/wp-json\/wp\/v2\/product\/8244","targetHints":{"allow":["GET"]}}],"collection":[{"href":"https:\/\/www.tussockjumperwines.com\/fr\/wp-json\/wp\/v2\/product"}],"about":[{"href":"https:\/\/www.tussockjumperwines.com\/fr\/wp-json\/wp\/v2\/types\/product"}],"replies":[{"embeddable":true,"href":"https:\/\/www.tussockjumperwines.com\/fr\/wp-json\/wp\/v2\/comments?post=8244"}],"wp:featuredmedia":[{"embeddable":true,"href":"https:\/\/www.tussockjumperwines.com\/fr\/wp-json\/wp\/v2\/media\/2212"}],"wp:attachment":[{"href":"https:\/\/www.tussockjumperwines.com\/fr\/wp-json\/wp\/v2\/media?parent=8244"}],"wp:term":[{"taxonomy":"product_brand","embeddable":true,"href":"https:\/\/www.tussockjumperwines.com\/fr\/wp-json\/wp\/v2\/product_brand?post=8244"},{"taxonomy":"product_cat","embeddable":true,"href":"https:\/\/www.tussockjumperwines.com\/fr\/wp-json\/wp\/v2\/product_cat?post=8244"},{"taxonomy":"product_tag","embeddable":true,"href":"https:\/\/www.tussockjumperwines.com\/fr\/wp-json\/wp\/v2\/product_tag?post=8244"}],"curies":[{"name":"wp","href":"https:\/\/api.w.org\/{rel}","templated":true}]}}