{"id":8241,"date":"2017-02-08T13:47:02","date_gmt":"2021-09-27T11:41:18","guid":{"rendered":"https:\/\/www.tussockjumperwines.com\/our-wines\/grenache\/"},"modified":"2024-05-17T09:52:36","modified_gmt":"2024-05-17T09:52:36","slug":"grenache","status":"publish","type":"product","link":"https:\/\/www.tussockjumperwines.com\/fr\/nos-vins\/grenache\/","title":{"rendered":"Grenache"},"content":{"rendered":"<p><strong>MES RACINES<\/strong>  <br \/>Ce ros\u00e9 vibrant est \u00e9labor\u00e9 \u00e0 100% \u00e0 partir de raisins grenache cultiv\u00e9s selon des m\u00e9thodes d&rsquo;agriculture biologique et durable certifi\u00e9es. Provenant des vignobles ensoleill\u00e9s et chaleureux de la r\u00e9gion du Languedoc-Roussillon, le vin arbore une robe rose p\u00e2le brillante aux reflets scintillants. Au nez, de d\u00e9licats ar\u00f4mes de baies rouges, d&rsquo;\u00e9corces d&rsquo;agrumes et de notes florales cr\u00e9ent un bouquet frais et invitant.<\/p>\n<p><strong>APPELLATION<\/strong>  <br \/>Vin de France<\/p>\n<p><strong>MON ANALYSE<\/strong>  <br \/>Alcool: 12,5%<br \/>Acidit\u00e9 totale : en cours <br \/>Sucre r\u00e9siduel : en cours<\/p>\n","protected":false},"excerpt":{"rendered":"<p><label>Caract\u00e9ristiques<\/label><\/p><ul><li>Robe rose clair<\/li><li>Bien \u00e9quilibr\u00e9, frais et rond<\/li><li>Riche en ar\u00f4mes fruit\u00e9s<\/li><li>Finale cors\u00e9e<\/li><\/ul><p><label>Meilleurs assortiments<\/label><\/p><ul><li>Ap\u00e9ritif<\/li><li>Barbecues<\/li><li>Salades<\/li><li>Pizza<\/li><\/ul>","protected":false},"featured_media":10918,"comment_status":"closed","ping_status":"closed","template":"","meta":[],"product_brand":[],"product_cat":[118],"product_tag":[],"class_list":{"0":"post-8241","1":"product","2":"type-product","3":"status-publish","4":"has-post-thumbnail","6":"product_cat-nos-vins","8":"first","9":"instock","10":"shipping-taxable","11":"product-type-simple"},"yoast_head":"<!-- This site is optimized with the Yoast SEO plugin v27.4 - https:\/\/yoast.com\/product\/yoast-seo-wordpress\/ -->\n<title>Grenache - Tussock Jumper Wines<\/title>\n<meta name=\"robots\" content=\"index, follow, max-snippet:-1, max-image-preview:large, max-video-preview:-1\" \/>\n<link rel=\"canonical\" href=\"https:\/\/www.tussockjumperwines.com\/fr\/nos-vins\/grenache\/\" \/>\n<meta property=\"og:locale\" content=\"fr_FR\" \/>\n<meta property=\"og:type\" content=\"article\" \/>\n<meta property=\"og:title\" content=\"Grenache - Tussock Jumper Wines\" \/>\n<meta property=\"og:description\" content=\"Caract\u00e9ristiquesRobe rose clairBien \u00e9quilibr\u00e9, frais et rondRiche en ar\u00f4mes fruit\u00e9sFinale cors\u00e9eMeilleurs assortimentsAp\u00e9ritifBarbecuesSaladesPizza\" \/>\n<meta property=\"og:url\" content=\"https:\/\/www.tussockjumperwines.com\/fr\/nos-vins\/grenache\/\" \/>\n<meta property=\"og:site_name\" content=\"Tussock Jumper Wines\" \/>\n<meta property=\"article:modified_time\" content=\"2024-05-17T09:52:36+00:00\" \/>\n<meta property=\"og:image\" content=\"https:\/\/www.tussockjumperwines.com\/wp-content\/uploads\/2017\/02\/T-J-Grenache-Rose-ORG.png\" \/>\n\t<meta property=\"og:image:width\" content=\"280\" \/>\n\t<meta property=\"og:image:height\" content=\"990\" \/>\n\t<meta property=\"og:image:type\" content=\"image\/png\" \/>\n<meta name=\"twitter:card\" content=\"summary_large_image\" \/>\n<meta name=\"twitter:label1\" content=\"Dur\u00e9e de lecture estim\u00e9e\" \/>\n\t<meta name=\"twitter:data1\" content=\"1 minute\" \/>\n<script type=\"application\/ld+json\" class=\"yoast-schema-graph\">{\"@context\":\"https:\\\/\\\/schema.org\",\"@graph\":[{\"@type\":\"WebPage\",\"@id\":\"https:\\\/\\\/www.tussockjumperwines.com\\\/fr\\\/nos-vins\\\/grenache\\\/\",\"url\":\"https:\\\/\\\/www.tussockjumperwines.com\\\/fr\\\/nos-vins\\\/grenache\\\/\",\"name\":\"Grenache - Tussock Jumper Wines\",\"isPartOf\":{\"@id\":\"https:\\\/\\\/www.tussockjumperwines.com\\\/#website\"},\"primaryImageOfPage\":{\"@id\":\"https:\\\/\\\/www.tussockjumperwines.com\\\/fr\\\/nos-vins\\\/grenache\\\/#primaryimage\"},\"image\":{\"@id\":\"https:\\\/\\\/www.tussockjumperwines.com\\\/fr\\\/nos-vins\\\/grenache\\\/#primaryimage\"},\"thumbnailUrl\":\"https:\\\/\\\/www.tussockjumperwines.com\\\/wp-content\\\/uploads\\\/2017\\\/02\\\/T-J-Grenache-Rose-ORG.png\",\"datePublished\":\"2021-09-27T11:41:18+00:00\",\"dateModified\":\"2024-05-17T09:52:36+00:00\",\"breadcrumb\":{\"@id\":\"https:\\\/\\\/www.tussockjumperwines.com\\\/fr\\\/nos-vins\\\/grenache\\\/#breadcrumb\"},\"inLanguage\":\"fr-FR\",\"potentialAction\":[{\"@type\":\"ReadAction\",\"target\":[\"https:\\\/\\\/www.tussockjumperwines.com\\\/fr\\\/nos-vins\\\/grenache\\\/\"]}]},{\"@type\":\"ImageObject\",\"inLanguage\":\"fr-FR\",\"@id\":\"https:\\\/\\\/www.tussockjumperwines.com\\\/fr\\\/nos-vins\\\/grenache\\\/#primaryimage\",\"url\":\"https:\\\/\\\/www.tussockjumperwines.com\\\/wp-content\\\/uploads\\\/2017\\\/02\\\/T-J-Grenache-Rose-ORG.png\",\"contentUrl\":\"https:\\\/\\\/www.tussockjumperwines.com\\\/wp-content\\\/uploads\\\/2017\\\/02\\\/T-J-Grenache-Rose-ORG.png\",\"width\":280,\"height\":990},{\"@type\":\"BreadcrumbList\",\"@id\":\"https:\\\/\\\/www.tussockjumperwines.com\\\/fr\\\/nos-vins\\\/grenache\\\/#breadcrumb\",\"itemListElement\":[{\"@type\":\"ListItem\",\"position\":1,\"name\":\"Home\",\"item\":\"https:\\\/\\\/www.tussockjumperwines.com\\\/fr\\\/\"},{\"@type\":\"ListItem\",\"position\":2,\"name\":\"Boutique\",\"item\":\"https:\\\/\\\/www.tussockjumperwines.com\\\/fr\\\/boutique\\\/\"},{\"@type\":\"ListItem\",\"position\":3,\"name\":\"Grenache\"}]},{\"@type\":\"WebSite\",\"@id\":\"https:\\\/\\\/www.tussockjumperwines.com\\\/#website\",\"url\":\"https:\\\/\\\/www.tussockjumperwines.com\\\/\",\"name\":\"Tussock Jumper Wines\",\"description\":\"Jump around the wine world\",\"potentialAction\":[{\"@type\":\"SearchAction\",\"target\":{\"@type\":\"EntryPoint\",\"urlTemplate\":\"https:\\\/\\\/www.tussockjumperwines.com\\\/?s={search_term_string}\"},\"query-input\":{\"@type\":\"PropertyValueSpecification\",\"valueRequired\":true,\"valueName\":\"search_term_string\"}}],\"inLanguage\":\"fr-FR\"}]}<\/script>\n<!-- \/ Yoast SEO plugin. -->","yoast_head_json":{"title":"Grenache - Tussock Jumper Wines","robots":{"index":"index","follow":"follow","max-snippet":"max-snippet:-1","max-image-preview":"max-image-preview:large","max-video-preview":"max-video-preview:-1"},"canonical":"https:\/\/www.tussockjumperwines.com\/fr\/nos-vins\/grenache\/","og_locale":"fr_FR","og_type":"article","og_title":"Grenache - Tussock Jumper Wines","og_description":"Caract\u00e9ristiquesRobe rose clairBien \u00e9quilibr\u00e9, frais et rondRiche en ar\u00f4mes fruit\u00e9sFinale cors\u00e9eMeilleurs assortimentsAp\u00e9ritifBarbecuesSaladesPizza","og_url":"https:\/\/www.tussockjumperwines.com\/fr\/nos-vins\/grenache\/","og_site_name":"Tussock Jumper Wines","article_modified_time":"2024-05-17T09:52:36+00:00","og_image":[{"width":280,"height":990,"url":"https:\/\/www.tussockjumperwines.com\/wp-content\/uploads\/2017\/02\/T-J-Grenache-Rose-ORG.png","type":"image\/png"}],"twitter_card":"summary_large_image","twitter_misc":{"Dur\u00e9e de lecture estim\u00e9e":"1 minute"},"schema":{"@context":"https:\/\/schema.org","@graph":[{"@type":"WebPage","@id":"https:\/\/www.tussockjumperwines.com\/fr\/nos-vins\/grenache\/","url":"https:\/\/www.tussockjumperwines.com\/fr\/nos-vins\/grenache\/","name":"Grenache - Tussock Jumper Wines","isPartOf":{"@id":"https:\/\/www.tussockjumperwines.com\/#website"},"primaryImageOfPage":{"@id":"https:\/\/www.tussockjumperwines.com\/fr\/nos-vins\/grenache\/#primaryimage"},"image":{"@id":"https:\/\/www.tussockjumperwines.com\/fr\/nos-vins\/grenache\/#primaryimage"},"thumbnailUrl":"https:\/\/www.tussockjumperwines.com\/wp-content\/uploads\/2017\/02\/T-J-Grenache-Rose-ORG.png","datePublished":"2021-09-27T11:41:18+00:00","dateModified":"2024-05-17T09:52:36+00:00","breadcrumb":{"@id":"https:\/\/www.tussockjumperwines.com\/fr\/nos-vins\/grenache\/#breadcrumb"},"inLanguage":"fr-FR","potentialAction":[{"@type":"ReadAction","target":["https:\/\/www.tussockjumperwines.com\/fr\/nos-vins\/grenache\/"]}]},{"@type":"ImageObject","inLanguage":"fr-FR","@id":"https:\/\/www.tussockjumperwines.com\/fr\/nos-vins\/grenache\/#primaryimage","url":"https:\/\/www.tussockjumperwines.com\/wp-content\/uploads\/2017\/02\/T-J-Grenache-Rose-ORG.png","contentUrl":"https:\/\/www.tussockjumperwines.com\/wp-content\/uploads\/2017\/02\/T-J-Grenache-Rose-ORG.png","width":280,"height":990},{"@type":"BreadcrumbList","@id":"https:\/\/www.tussockjumperwines.com\/fr\/nos-vins\/grenache\/#breadcrumb","itemListElement":[{"@type":"ListItem","position":1,"name":"Home","item":"https:\/\/www.tussockjumperwines.com\/fr\/"},{"@type":"ListItem","position":2,"name":"Boutique","item":"https:\/\/www.tussockjumperwines.com\/fr\/boutique\/"},{"@type":"ListItem","position":3,"name":"Grenache"}]},{"@type":"WebSite","@id":"https:\/\/www.tussockjumperwines.com\/#website","url":"https:\/\/www.tussockjumperwines.com\/","name":"Tussock Jumper Wines","description":"Jump around the wine world","potentialAction":[{"@type":"SearchAction","target":{"@type":"EntryPoint","urlTemplate":"https:\/\/www.tussockjumperwines.com\/?s={search_term_string}"},"query-input":{"@type":"PropertyValueSpecification","valueRequired":true,"valueName":"search_term_string"}}],"inLanguage":"fr-FR"}]}},"_links":{"self":[{"href":"https:\/\/www.tussockjumperwines.com\/fr\/wp-json\/wp\/v2\/product\/8241","targetHints":{"allow":["GET"]}}],"collection":[{"href":"https:\/\/www.tussockjumperwines.com\/fr\/wp-json\/wp\/v2\/product"}],"about":[{"href":"https:\/\/www.tussockjumperwines.com\/fr\/wp-json\/wp\/v2\/types\/product"}],"replies":[{"embeddable":true,"href":"https:\/\/www.tussockjumperwines.com\/fr\/wp-json\/wp\/v2\/comments?post=8241"}],"wp:featuredmedia":[{"embeddable":true,"href":"https:\/\/www.tussockjumperwines.com\/fr\/wp-json\/wp\/v2\/media\/10918"}],"wp:attachment":[{"href":"https:\/\/www.tussockjumperwines.com\/fr\/wp-json\/wp\/v2\/media?parent=8241"}],"wp:term":[{"taxonomy":"product_brand","embeddable":true,"href":"https:\/\/www.tussockjumperwines.com\/fr\/wp-json\/wp\/v2\/product_brand?post=8241"},{"taxonomy":"product_cat","embeddable":true,"href":"https:\/\/www.tussockjumperwines.com\/fr\/wp-json\/wp\/v2\/product_cat?post=8241"},{"taxonomy":"product_tag","embeddable":true,"href":"https:\/\/www.tussockjumperwines.com\/fr\/wp-json\/wp\/v2\/product_tag?post=8241"}],"curies":[{"name":"wp","href":"https:\/\/api.w.org\/{rel}","templated":true}]}}