{"id":8238,"date":"2017-02-08T13:18:44","date_gmt":"2021-09-27T11:41:18","guid":{"rendered":"https:\/\/www.tussockjumperwines.com\/our-wines\/cabernet-sauvignon\/"},"modified":"2022-03-18T10:31:32","modified_gmt":"2022-03-18T10:31:32","slug":"cabernet-sauvignon","status":"publish","type":"product","link":"https:\/\/www.tussockjumperwines.com\/fr\/nos-vins\/cabernet-sauvignon\/","title":{"rendered":"Cabernet sauvignon"},"content":{"rendered":"<p><strong>MES RACINES<\/strong>  <br \/>Ma r\u00e9colte commence d\u00e9but mars. Les raisins sont broy\u00e9s aussit\u00f4t, pour pr\u00e9server les ar\u00f4mes optimaux. Une mac\u00e9ration pr\u00e9-fermentation est r\u00e9alis\u00e9e \u00e0 12\u00b0C pendant 48 heures. Puis la fermentation a lieu entre 23\u00b0C et 26\u00b0C, pendant 9 jours, avec l&rsquo;ajout de levures s\u00e9lectionn\u00e9es. Un tiers de ce m\u00e9lange se repose dans des f\u00fbts de ch\u00eane vieilli pendant 3 mois, la moiti\u00e9 en ch\u00eane fran\u00e7ais et la moiti\u00e9 en ch\u00eane am\u00e9ricain.<\/p>\n<p><strong>APPELLATION<\/strong>  <br \/>Vall\u00e9e de Tulum San Juan<\/p>\n<p><strong>MES DIPL\u00d4MES<\/strong><br \/>M\u00e9daille d&rsquo;or China Wine &#038; Spirit Awards 2020<br \/>M\u00e9daille d&rsquo;or China Wine &#038; Spirits Awards 2019<\/p>\n<p><strong>NOTE DE VIVINO<\/strong><br \/>3,6\/5<\/p>\n<p><strong>MON ANALYSE<\/strong>  <br \/>Alcool: 13% <br \/>Acidit\u00e9 totale : 3,7 g\/l <br \/>Sucre r\u00e9siduel : 5 g\/l<\/p>\n","protected":false},"excerpt":{"rendered":"<p><label>Caract\u00e9ristiques<\/label><\/p><ul><li>Robe rouge intense<\/li><li>Ar\u00f4mes frais et fruit\u00e9s aux notes \u00e9pic\u00e9es qui apportent de la complexit\u00e9<\/li><li>Sucr\u00e9 et doux avec des tanins l\u00e9gers et ronds<\/li><li>D\u00e9licat et facile \u00e0 boire<\/li><\/ul><p><label>Meilleurs assortiments<\/label><\/p><ul><li>Viandes grill\u00e9es, r\u00f4ties ou brais\u00e9es<\/li><li>Pizza<\/li><li>Tex-mex<\/li><\/ul>","protected":false},"featured_media":2220,"comment_status":"closed","ping_status":"closed","template":"","meta":[],"product_brand":[],"product_cat":[118],"product_tag":[],"class_list":{"0":"post-8238","1":"product","2":"type-product","3":"status-publish","4":"has-post-thumbnail","6":"product_cat-nos-vins","8":"first","9":"instock","10":"shipping-taxable","11":"product-type-simple"},"yoast_head":"<!-- This site is optimized with the Yoast SEO plugin v27.4 - https:\/\/yoast.com\/product\/yoast-seo-wordpress\/ -->\n<title>Cabernet sauvignon - Tussock Jumper Wines<\/title>\n<meta name=\"robots\" content=\"index, follow, max-snippet:-1, max-image-preview:large, max-video-preview:-1\" \/>\n<link rel=\"canonical\" href=\"https:\/\/www.tussockjumperwines.com\/fr\/nos-vins\/cabernet-sauvignon\/\" \/>\n<meta property=\"og:locale\" content=\"fr_FR\" \/>\n<meta property=\"og:type\" content=\"article\" \/>\n<meta property=\"og:title\" content=\"Cabernet sauvignon - Tussock Jumper Wines\" \/>\n<meta property=\"og:description\" content=\"Caract\u00e9ristiquesRobe rouge intenseAr\u00f4mes frais et fruit\u00e9s aux notes \u00e9pic\u00e9es qui apportent de la complexit\u00e9Sucr\u00e9 et doux avec des tanins l\u00e9gers et rondsD\u00e9licat et facile \u00e0 boireMeilleurs assortimentsViandes grill\u00e9es, r\u00f4ties ou brais\u00e9esPizzaTex-mex\" \/>\n<meta property=\"og:url\" content=\"https:\/\/www.tussockjumperwines.com\/fr\/nos-vins\/cabernet-sauvignon\/\" \/>\n<meta property=\"og:site_name\" content=\"Tussock Jumper Wines\" \/>\n<meta property=\"article:modified_time\" content=\"2022-03-18T10:31:32+00:00\" \/>\n<meta property=\"og:image\" content=\"https:\/\/www.tussockjumperwines.com\/wp-content\/uploads\/2017\/02\/T-J-Cabernet-Sauvignon-Argentina-00-Red.png\" \/>\n\t<meta property=\"og:image:width\" content=\"280\" \/>\n\t<meta property=\"og:image:height\" content=\"990\" \/>\n\t<meta property=\"og:image:type\" content=\"image\/png\" \/>\n<meta name=\"twitter:card\" content=\"summary_large_image\" \/>\n<meta name=\"twitter:label1\" content=\"Dur\u00e9e de lecture estim\u00e9e\" \/>\n\t<meta name=\"twitter:data1\" content=\"1 minute\" \/>\n<script type=\"application\/ld+json\" class=\"yoast-schema-graph\">{\"@context\":\"https:\\\/\\\/schema.org\",\"@graph\":[{\"@type\":\"WebPage\",\"@id\":\"https:\\\/\\\/www.tussockjumperwines.com\\\/fr\\\/nos-vins\\\/cabernet-sauvignon\\\/\",\"url\":\"https:\\\/\\\/www.tussockjumperwines.com\\\/fr\\\/nos-vins\\\/cabernet-sauvignon\\\/\",\"name\":\"Cabernet sauvignon - Tussock Jumper Wines\",\"isPartOf\":{\"@id\":\"https:\\\/\\\/www.tussockjumperwines.com\\\/#website\"},\"primaryImageOfPage\":{\"@id\":\"https:\\\/\\\/www.tussockjumperwines.com\\\/fr\\\/nos-vins\\\/cabernet-sauvignon\\\/#primaryimage\"},\"image\":{\"@id\":\"https:\\\/\\\/www.tussockjumperwines.com\\\/fr\\\/nos-vins\\\/cabernet-sauvignon\\\/#primaryimage\"},\"thumbnailUrl\":\"https:\\\/\\\/www.tussockjumperwines.com\\\/wp-content\\\/uploads\\\/2017\\\/02\\\/T-J-Cabernet-Sauvignon-Argentina-00-Red.png\",\"datePublished\":\"2021-09-27T11:41:18+00:00\",\"dateModified\":\"2022-03-18T10:31:32+00:00\",\"breadcrumb\":{\"@id\":\"https:\\\/\\\/www.tussockjumperwines.com\\\/fr\\\/nos-vins\\\/cabernet-sauvignon\\\/#breadcrumb\"},\"inLanguage\":\"fr-FR\",\"potentialAction\":[{\"@type\":\"ReadAction\",\"target\":[\"https:\\\/\\\/www.tussockjumperwines.com\\\/fr\\\/nos-vins\\\/cabernet-sauvignon\\\/\"]}]},{\"@type\":\"ImageObject\",\"inLanguage\":\"fr-FR\",\"@id\":\"https:\\\/\\\/www.tussockjumperwines.com\\\/fr\\\/nos-vins\\\/cabernet-sauvignon\\\/#primaryimage\",\"url\":\"https:\\\/\\\/www.tussockjumperwines.com\\\/wp-content\\\/uploads\\\/2017\\\/02\\\/T-J-Cabernet-Sauvignon-Argentina-00-Red.png\",\"contentUrl\":\"https:\\\/\\\/www.tussockjumperwines.com\\\/wp-content\\\/uploads\\\/2017\\\/02\\\/T-J-Cabernet-Sauvignon-Argentina-00-Red.png\",\"width\":280,\"height\":990},{\"@type\":\"BreadcrumbList\",\"@id\":\"https:\\\/\\\/www.tussockjumperwines.com\\\/fr\\\/nos-vins\\\/cabernet-sauvignon\\\/#breadcrumb\",\"itemListElement\":[{\"@type\":\"ListItem\",\"position\":1,\"name\":\"Home\",\"item\":\"https:\\\/\\\/www.tussockjumperwines.com\\\/fr\\\/\"},{\"@type\":\"ListItem\",\"position\":2,\"name\":\"Boutique\",\"item\":\"https:\\\/\\\/www.tussockjumperwines.com\\\/fr\\\/boutique\\\/\"},{\"@type\":\"ListItem\",\"position\":3,\"name\":\"Cabernet sauvignon\"}]},{\"@type\":\"WebSite\",\"@id\":\"https:\\\/\\\/www.tussockjumperwines.com\\\/#website\",\"url\":\"https:\\\/\\\/www.tussockjumperwines.com\\\/\",\"name\":\"Tussock Jumper Wines\",\"description\":\"Jump around the wine world\",\"potentialAction\":[{\"@type\":\"SearchAction\",\"target\":{\"@type\":\"EntryPoint\",\"urlTemplate\":\"https:\\\/\\\/www.tussockjumperwines.com\\\/?s={search_term_string}\"},\"query-input\":{\"@type\":\"PropertyValueSpecification\",\"valueRequired\":true,\"valueName\":\"search_term_string\"}}],\"inLanguage\":\"fr-FR\"}]}<\/script>\n<!-- \/ Yoast SEO plugin. -->","yoast_head_json":{"title":"Cabernet sauvignon - Tussock Jumper Wines","robots":{"index":"index","follow":"follow","max-snippet":"max-snippet:-1","max-image-preview":"max-image-preview:large","max-video-preview":"max-video-preview:-1"},"canonical":"https:\/\/www.tussockjumperwines.com\/fr\/nos-vins\/cabernet-sauvignon\/","og_locale":"fr_FR","og_type":"article","og_title":"Cabernet sauvignon - Tussock Jumper Wines","og_description":"Caract\u00e9ristiquesRobe rouge intenseAr\u00f4mes frais et fruit\u00e9s aux notes \u00e9pic\u00e9es qui apportent de la complexit\u00e9Sucr\u00e9 et doux avec des tanins l\u00e9gers et rondsD\u00e9licat et facile \u00e0 boireMeilleurs assortimentsViandes grill\u00e9es, r\u00f4ties ou brais\u00e9esPizzaTex-mex","og_url":"https:\/\/www.tussockjumperwines.com\/fr\/nos-vins\/cabernet-sauvignon\/","og_site_name":"Tussock Jumper Wines","article_modified_time":"2022-03-18T10:31:32+00:00","og_image":[{"width":280,"height":990,"url":"https:\/\/www.tussockjumperwines.com\/wp-content\/uploads\/2017\/02\/T-J-Cabernet-Sauvignon-Argentina-00-Red.png","type":"image\/png"}],"twitter_card":"summary_large_image","twitter_misc":{"Dur\u00e9e de lecture estim\u00e9e":"1 minute"},"schema":{"@context":"https:\/\/schema.org","@graph":[{"@type":"WebPage","@id":"https:\/\/www.tussockjumperwines.com\/fr\/nos-vins\/cabernet-sauvignon\/","url":"https:\/\/www.tussockjumperwines.com\/fr\/nos-vins\/cabernet-sauvignon\/","name":"Cabernet sauvignon - Tussock Jumper Wines","isPartOf":{"@id":"https:\/\/www.tussockjumperwines.com\/#website"},"primaryImageOfPage":{"@id":"https:\/\/www.tussockjumperwines.com\/fr\/nos-vins\/cabernet-sauvignon\/#primaryimage"},"image":{"@id":"https:\/\/www.tussockjumperwines.com\/fr\/nos-vins\/cabernet-sauvignon\/#primaryimage"},"thumbnailUrl":"https:\/\/www.tussockjumperwines.com\/wp-content\/uploads\/2017\/02\/T-J-Cabernet-Sauvignon-Argentina-00-Red.png","datePublished":"2021-09-27T11:41:18+00:00","dateModified":"2022-03-18T10:31:32+00:00","breadcrumb":{"@id":"https:\/\/www.tussockjumperwines.com\/fr\/nos-vins\/cabernet-sauvignon\/#breadcrumb"},"inLanguage":"fr-FR","potentialAction":[{"@type":"ReadAction","target":["https:\/\/www.tussockjumperwines.com\/fr\/nos-vins\/cabernet-sauvignon\/"]}]},{"@type":"ImageObject","inLanguage":"fr-FR","@id":"https:\/\/www.tussockjumperwines.com\/fr\/nos-vins\/cabernet-sauvignon\/#primaryimage","url":"https:\/\/www.tussockjumperwines.com\/wp-content\/uploads\/2017\/02\/T-J-Cabernet-Sauvignon-Argentina-00-Red.png","contentUrl":"https:\/\/www.tussockjumperwines.com\/wp-content\/uploads\/2017\/02\/T-J-Cabernet-Sauvignon-Argentina-00-Red.png","width":280,"height":990},{"@type":"BreadcrumbList","@id":"https:\/\/www.tussockjumperwines.com\/fr\/nos-vins\/cabernet-sauvignon\/#breadcrumb","itemListElement":[{"@type":"ListItem","position":1,"name":"Home","item":"https:\/\/www.tussockjumperwines.com\/fr\/"},{"@type":"ListItem","position":2,"name":"Boutique","item":"https:\/\/www.tussockjumperwines.com\/fr\/boutique\/"},{"@type":"ListItem","position":3,"name":"Cabernet sauvignon"}]},{"@type":"WebSite","@id":"https:\/\/www.tussockjumperwines.com\/#website","url":"https:\/\/www.tussockjumperwines.com\/","name":"Tussock Jumper Wines","description":"Jump around the wine world","potentialAction":[{"@type":"SearchAction","target":{"@type":"EntryPoint","urlTemplate":"https:\/\/www.tussockjumperwines.com\/?s={search_term_string}"},"query-input":{"@type":"PropertyValueSpecification","valueRequired":true,"valueName":"search_term_string"}}],"inLanguage":"fr-FR"}]}},"_links":{"self":[{"href":"https:\/\/www.tussockjumperwines.com\/fr\/wp-json\/wp\/v2\/product\/8238","targetHints":{"allow":["GET"]}}],"collection":[{"href":"https:\/\/www.tussockjumperwines.com\/fr\/wp-json\/wp\/v2\/product"}],"about":[{"href":"https:\/\/www.tussockjumperwines.com\/fr\/wp-json\/wp\/v2\/types\/product"}],"replies":[{"embeddable":true,"href":"https:\/\/www.tussockjumperwines.com\/fr\/wp-json\/wp\/v2\/comments?post=8238"}],"wp:featuredmedia":[{"embeddable":true,"href":"https:\/\/www.tussockjumperwines.com\/fr\/wp-json\/wp\/v2\/media\/2220"}],"wp:attachment":[{"href":"https:\/\/www.tussockjumperwines.com\/fr\/wp-json\/wp\/v2\/media?parent=8238"}],"wp:term":[{"taxonomy":"product_brand","embeddable":true,"href":"https:\/\/www.tussockjumperwines.com\/fr\/wp-json\/wp\/v2\/product_brand?post=8238"},{"taxonomy":"product_cat","embeddable":true,"href":"https:\/\/www.tussockjumperwines.com\/fr\/wp-json\/wp\/v2\/product_cat?post=8238"},{"taxonomy":"product_tag","embeddable":true,"href":"https:\/\/www.tussockjumperwines.com\/fr\/wp-json\/wp\/v2\/product_tag?post=8238"}],"curies":[{"name":"wp","href":"https:\/\/api.w.org\/{rel}","templated":true}]}}