{"id":8235,"date":"2017-01-31T20:52:59","date_gmt":"2021-09-27T11:41:17","guid":{"rendered":"https:\/\/www.tussockjumperwines.com\/our-wines\/carmenere\/"},"modified":"2023-06-09T12:47:05","modified_gmt":"2023-06-09T12:47:05","slug":"carmenere","status":"publish","type":"product","link":"https:\/\/www.tussockjumperwines.com\/fr\/nos-vins\/carmenere\/","title":{"rendered":"Carmenere"},"content":{"rendered":"<p><strong>MES RACINES<\/strong>  <br \/>J&rsquo;ai grandi \u00e0 l\u2019ombre de la Cordill\u00e8re des Andes, o\u00f9 l\u2019influence des montagnes rend les nuits fra\u00eeches et cr\u00e9e des \u00e9carts de temp\u00e9rature pouvant aller jusqu\u2019\u00e0 20\u00b0C entre le jour et la nuit. Ces conditions sont id\u00e9ales pour la concentration de fruit dans le raisin. Mes grappes sont cueillies \u00e0 la main dans de petites cagettes, et pr\u00e9s\u00e9lectionn\u00e9es dans le vignoble en fonction du classement qualitatif et de la maturit\u00e9. P\u00e9riode de r\u00e9colte : avril.<\/p>\n<p><strong>APPELLATION<\/strong>  <br \/>Vin du Chili &#8211; D.O. Central Valley<\/p>\n<p><strong>MES DIPL\u00d4MES<\/strong>  <br \/>M\u00e9daille d&rsquo;or Gilbert &#038; Gaillard 2019<br \/>Wine Spectator (USA): 85 points <br \/>M\u00e9daille d&rsquo;argent Prodexpo Moscou 2014 <br \/>M\u00e9daille d&rsquo;argent Prix Sakura &#8211; Tokyo 2014<br \/>M\u00e9daille d&rsquo;or China Wine &#038; Spirit Awards 2023<\/p>\n<p><strong>MON ANALYSE<\/strong>  <br \/>Alcool: 14,0% <br \/>Acidit\u00e9 totale : 2,9 g\/l <br \/>Sucre r\u00e9siduel : 3,1 g\/L<\/p>\n","protected":false},"excerpt":{"rendered":"<p><label>Caract\u00e9ristiques<\/label><\/p><ul><li>Robe rouge rubis<\/li><li>Saveurs de fruits noirs et rouges avec une pointe de tabac<\/li><\/ul><p><label>ROND AVEC TANINS SOUPLES<\/label> Bien \u00e9quilibr\u00e9 <label>MEILLEURS ASSORTIMENTS<\/label><\/p><ul><li>Cuisine m\u00e9diterran\u00e9enne \u00e9pic\u00e9e<\/li><li>Volaille grill\u00e9e<\/li><\/ul>","protected":false},"featured_media":2224,"comment_status":"closed","ping_status":"closed","template":"","meta":[],"product_brand":[],"product_cat":[118],"product_tag":[],"class_list":{"0":"post-8235","1":"product","2":"type-product","3":"status-publish","4":"has-post-thumbnail","6":"product_cat-nos-vins","8":"first","9":"instock","10":"shipping-taxable","11":"product-type-simple"},"yoast_head":"<!-- This site is optimized with the Yoast SEO plugin v27.4 - https:\/\/yoast.com\/product\/yoast-seo-wordpress\/ -->\n<title>Carmenere - Tussock Jumper Wines<\/title>\n<meta name=\"robots\" content=\"index, follow, max-snippet:-1, max-image-preview:large, max-video-preview:-1\" \/>\n<link rel=\"canonical\" href=\"https:\/\/www.tussockjumperwines.com\/nos-vins\/carmenere\/\" \/>\n<meta property=\"og:locale\" content=\"fr_FR\" \/>\n<meta property=\"og:type\" content=\"article\" \/>\n<meta property=\"og:title\" content=\"Carmenere - Tussock Jumper Wines\" \/>\n<meta property=\"og:description\" content=\"Caract\u00e9ristiquesRobe rouge rubisSaveurs de fruits noirs et rouges avec une pointe de tabacROND AVEC TANINS SOUPLES Bien \u00e9quilibr\u00e9 MEILLEURS ASSORTIMENTSCuisine m\u00e9diterran\u00e9enne \u00e9pic\u00e9eVolaille grill\u00e9e\" \/>\n<meta property=\"og:url\" content=\"https:\/\/www.tussockjumperwines.com\/nos-vins\/carmenere\/\" \/>\n<meta property=\"og:site_name\" content=\"Tussock Jumper Wines\" \/>\n<meta property=\"article:modified_time\" content=\"2023-06-09T12:47:05+00:00\" \/>\n<meta property=\"og:image\" content=\"https:\/\/www.tussockjumperwines.com\/wp-content\/uploads\/2017\/01\/T-J-Carmenere-Chile-00-Red.png\" \/>\n\t<meta property=\"og:image:width\" content=\"280\" \/>\n\t<meta property=\"og:image:height\" content=\"990\" \/>\n\t<meta property=\"og:image:type\" content=\"image\/png\" \/>\n<meta name=\"twitter:card\" content=\"summary_large_image\" \/>\n<meta name=\"twitter:label1\" content=\"Dur\u00e9e de lecture estim\u00e9e\" \/>\n\t<meta name=\"twitter:data1\" content=\"1 minute\" \/>\n<script type=\"application\/ld+json\" class=\"yoast-schema-graph\">{\"@context\":\"https:\\\/\\\/schema.org\",\"@graph\":[{\"@type\":\"WebPage\",\"@id\":\"https:\\\/\\\/www.tussockjumperwines.com\\\/nos-vins\\\/carmenere\\\/\",\"url\":\"https:\\\/\\\/www.tussockjumperwines.com\\\/nos-vins\\\/carmenere\\\/\",\"name\":\"Carmenere - Tussock Jumper Wines\",\"isPartOf\":{\"@id\":\"https:\\\/\\\/www.tussockjumperwines.com\\\/#website\"},\"primaryImageOfPage\":{\"@id\":\"https:\\\/\\\/www.tussockjumperwines.com\\\/nos-vins\\\/carmenere\\\/#primaryimage\"},\"image\":{\"@id\":\"https:\\\/\\\/www.tussockjumperwines.com\\\/nos-vins\\\/carmenere\\\/#primaryimage\"},\"thumbnailUrl\":\"https:\\\/\\\/www.tussockjumperwines.com\\\/wp-content\\\/uploads\\\/2017\\\/01\\\/T-J-Carmenere-Chile-00-Red.png\",\"datePublished\":\"2021-09-27T11:41:17+00:00\",\"dateModified\":\"2023-06-09T12:47:05+00:00\",\"breadcrumb\":{\"@id\":\"https:\\\/\\\/www.tussockjumperwines.com\\\/nos-vins\\\/carmenere\\\/#breadcrumb\"},\"inLanguage\":\"fr-FR\",\"potentialAction\":[{\"@type\":\"ReadAction\",\"target\":[\"https:\\\/\\\/www.tussockjumperwines.com\\\/nos-vins\\\/carmenere\\\/\"]}]},{\"@type\":\"ImageObject\",\"inLanguage\":\"fr-FR\",\"@id\":\"https:\\\/\\\/www.tussockjumperwines.com\\\/nos-vins\\\/carmenere\\\/#primaryimage\",\"url\":\"https:\\\/\\\/www.tussockjumperwines.com\\\/wp-content\\\/uploads\\\/2017\\\/01\\\/T-J-Carmenere-Chile-00-Red.png\",\"contentUrl\":\"https:\\\/\\\/www.tussockjumperwines.com\\\/wp-content\\\/uploads\\\/2017\\\/01\\\/T-J-Carmenere-Chile-00-Red.png\",\"width\":280,\"height\":990},{\"@type\":\"BreadcrumbList\",\"@id\":\"https:\\\/\\\/www.tussockjumperwines.com\\\/nos-vins\\\/carmenere\\\/#breadcrumb\",\"itemListElement\":[{\"@type\":\"ListItem\",\"position\":1,\"name\":\"Home\",\"item\":\"https:\\\/\\\/www.tussockjumperwines.com\\\/fr\\\/\"},{\"@type\":\"ListItem\",\"position\":2,\"name\":\"Boutique\",\"item\":\"https:\\\/\\\/www.tussockjumperwines.com\\\/fr\\\/boutique\\\/\"},{\"@type\":\"ListItem\",\"position\":3,\"name\":\"Carmenere\"}]},{\"@type\":\"WebSite\",\"@id\":\"https:\\\/\\\/www.tussockjumperwines.com\\\/#website\",\"url\":\"https:\\\/\\\/www.tussockjumperwines.com\\\/\",\"name\":\"Tussock Jumper Wines\",\"description\":\"Jump around the wine world\",\"potentialAction\":[{\"@type\":\"SearchAction\",\"target\":{\"@type\":\"EntryPoint\",\"urlTemplate\":\"https:\\\/\\\/www.tussockjumperwines.com\\\/?s={search_term_string}\"},\"query-input\":{\"@type\":\"PropertyValueSpecification\",\"valueRequired\":true,\"valueName\":\"search_term_string\"}}],\"inLanguage\":\"fr-FR\"}]}<\/script>\n<!-- \/ Yoast SEO plugin. -->","yoast_head_json":{"title":"Carmenere - Tussock Jumper Wines","robots":{"index":"index","follow":"follow","max-snippet":"max-snippet:-1","max-image-preview":"max-image-preview:large","max-video-preview":"max-video-preview:-1"},"canonical":"https:\/\/www.tussockjumperwines.com\/nos-vins\/carmenere\/","og_locale":"fr_FR","og_type":"article","og_title":"Carmenere - Tussock Jumper Wines","og_description":"Caract\u00e9ristiquesRobe rouge rubisSaveurs de fruits noirs et rouges avec une pointe de tabacROND AVEC TANINS SOUPLES Bien \u00e9quilibr\u00e9 MEILLEURS ASSORTIMENTSCuisine m\u00e9diterran\u00e9enne \u00e9pic\u00e9eVolaille grill\u00e9e","og_url":"https:\/\/www.tussockjumperwines.com\/nos-vins\/carmenere\/","og_site_name":"Tussock Jumper Wines","article_modified_time":"2023-06-09T12:47:05+00:00","og_image":[{"width":280,"height":990,"url":"https:\/\/www.tussockjumperwines.com\/wp-content\/uploads\/2017\/01\/T-J-Carmenere-Chile-00-Red.png","type":"image\/png"}],"twitter_card":"summary_large_image","twitter_misc":{"Dur\u00e9e de lecture estim\u00e9e":"1 minute"},"schema":{"@context":"https:\/\/schema.org","@graph":[{"@type":"WebPage","@id":"https:\/\/www.tussockjumperwines.com\/nos-vins\/carmenere\/","url":"https:\/\/www.tussockjumperwines.com\/nos-vins\/carmenere\/","name":"Carmenere - Tussock Jumper Wines","isPartOf":{"@id":"https:\/\/www.tussockjumperwines.com\/#website"},"primaryImageOfPage":{"@id":"https:\/\/www.tussockjumperwines.com\/nos-vins\/carmenere\/#primaryimage"},"image":{"@id":"https:\/\/www.tussockjumperwines.com\/nos-vins\/carmenere\/#primaryimage"},"thumbnailUrl":"https:\/\/www.tussockjumperwines.com\/wp-content\/uploads\/2017\/01\/T-J-Carmenere-Chile-00-Red.png","datePublished":"2021-09-27T11:41:17+00:00","dateModified":"2023-06-09T12:47:05+00:00","breadcrumb":{"@id":"https:\/\/www.tussockjumperwines.com\/nos-vins\/carmenere\/#breadcrumb"},"inLanguage":"fr-FR","potentialAction":[{"@type":"ReadAction","target":["https:\/\/www.tussockjumperwines.com\/nos-vins\/carmenere\/"]}]},{"@type":"ImageObject","inLanguage":"fr-FR","@id":"https:\/\/www.tussockjumperwines.com\/nos-vins\/carmenere\/#primaryimage","url":"https:\/\/www.tussockjumperwines.com\/wp-content\/uploads\/2017\/01\/T-J-Carmenere-Chile-00-Red.png","contentUrl":"https:\/\/www.tussockjumperwines.com\/wp-content\/uploads\/2017\/01\/T-J-Carmenere-Chile-00-Red.png","width":280,"height":990},{"@type":"BreadcrumbList","@id":"https:\/\/www.tussockjumperwines.com\/nos-vins\/carmenere\/#breadcrumb","itemListElement":[{"@type":"ListItem","position":1,"name":"Home","item":"https:\/\/www.tussockjumperwines.com\/fr\/"},{"@type":"ListItem","position":2,"name":"Boutique","item":"https:\/\/www.tussockjumperwines.com\/fr\/boutique\/"},{"@type":"ListItem","position":3,"name":"Carmenere"}]},{"@type":"WebSite","@id":"https:\/\/www.tussockjumperwines.com\/#website","url":"https:\/\/www.tussockjumperwines.com\/","name":"Tussock Jumper Wines","description":"Jump around the wine world","potentialAction":[{"@type":"SearchAction","target":{"@type":"EntryPoint","urlTemplate":"https:\/\/www.tussockjumperwines.com\/?s={search_term_string}"},"query-input":{"@type":"PropertyValueSpecification","valueRequired":true,"valueName":"search_term_string"}}],"inLanguage":"fr-FR"}]}},"_links":{"self":[{"href":"https:\/\/www.tussockjumperwines.com\/fr\/wp-json\/wp\/v2\/product\/8235","targetHints":{"allow":["GET"]}}],"collection":[{"href":"https:\/\/www.tussockjumperwines.com\/fr\/wp-json\/wp\/v2\/product"}],"about":[{"href":"https:\/\/www.tussockjumperwines.com\/fr\/wp-json\/wp\/v2\/types\/product"}],"replies":[{"embeddable":true,"href":"https:\/\/www.tussockjumperwines.com\/fr\/wp-json\/wp\/v2\/comments?post=8235"}],"wp:featuredmedia":[{"embeddable":true,"href":"https:\/\/www.tussockjumperwines.com\/fr\/wp-json\/wp\/v2\/media\/2224"}],"wp:attachment":[{"href":"https:\/\/www.tussockjumperwines.com\/fr\/wp-json\/wp\/v2\/media?parent=8235"}],"wp:term":[{"taxonomy":"product_brand","embeddable":true,"href":"https:\/\/www.tussockjumperwines.com\/fr\/wp-json\/wp\/v2\/product_brand?post=8235"},{"taxonomy":"product_cat","embeddable":true,"href":"https:\/\/www.tussockjumperwines.com\/fr\/wp-json\/wp\/v2\/product_cat?post=8235"},{"taxonomy":"product_tag","embeddable":true,"href":"https:\/\/www.tussockjumperwines.com\/fr\/wp-json\/wp\/v2\/product_tag?post=8235"}],"curies":[{"name":"wp","href":"https:\/\/api.w.org\/{rel}","templated":true}]}}