{"id":6430,"date":"2018-11-12T15:42:20","date_gmt":"2018-11-12T15:42:20","guid":{"rendered":"https:\/\/www.tussockjumperwines.com\/our-wines\/sweat-cat\/"},"modified":"2023-06-02T15:08:00","modified_gmt":"2023-06-02T15:08:00","slug":"sweet-cat","status":"publish","type":"product","link":"https:\/\/www.tussockjumperwines.com\/fr\/nos-vins\/sweet-cat\/","title":{"rendered":"Sweet Cat"},"content":{"rendered":"<p><strong>MES RACINES<\/strong> <br \/>Mes trois c\u00e9pages sont vinifi\u00e9s dans des cuves s\u00e9par\u00e9es. Le processus de mac\u00e9ration, avec des peaux, dure 10 \u00e0 12 jours. Le processus de fermentation comprend des remontages et des malaxages quotidiens. La maturation dure 4 mois, dans des f\u00fbts de grande et moyenne tailles. Ensuite, les vins sont subtilement m\u00e9lang\u00e9s et pr\u00e9par\u00e9s pour la mise en bouteille.<\/p>\n<p><strong>APPELLATION<\/strong> <br \/>IGT V\u00e9rone<\/p>\n<p><strong>MON ANALYSE<\/strong> <br \/>Alcool : 12 % <br \/>Acidit\u00e9 totale : 3,6 g\/l <br \/>Sucre r\u00e9siduel : 26,0 g\/l<\/p>\n","protected":false},"excerpt":{"rendered":"<p><label>Caract\u00e9ristiques<\/label><\/p><ul><li>Robe rouge rubis profond<\/li><li>Notes de confiture de cerises, groseille, framboise<\/li><li>Doux et velout\u00e9 avec une finale longue et fruit\u00e9e<\/li><\/ul><p><label>Meilleurs assortiments<\/label><\/p><ul><li>Cuisine asiatique<\/li><li>Salades de fruits<\/li><li>Cr\u00e8me glac\u00e9e<\/li><\/ul>","protected":false},"featured_media":10508,"comment_status":"closed","ping_status":"closed","template":"","meta":[],"product_brand":[],"product_cat":[118],"product_tag":[],"class_list":{"0":"post-6430","1":"product","2":"type-product","3":"status-publish","4":"has-post-thumbnail","6":"product_cat-nos-vins","8":"first","9":"instock","10":"shipping-taxable","11":"product-type-simple"},"yoast_head":"<!-- This site is optimized with the Yoast SEO plugin v27.4 - https:\/\/yoast.com\/product\/yoast-seo-wordpress\/ -->\n<title>Sweet Cat - Tussock Jumper Wines<\/title>\n<meta name=\"robots\" content=\"index, follow, max-snippet:-1, max-image-preview:large, max-video-preview:-1\" \/>\n<link rel=\"canonical\" href=\"https:\/\/www.tussockjumperwines.com\/fr\/nos-vins\/sweet-cat\/\" \/>\n<meta property=\"og:locale\" content=\"fr_FR\" \/>\n<meta property=\"og:type\" content=\"article\" \/>\n<meta property=\"og:title\" content=\"Sweet Cat - Tussock Jumper Wines\" \/>\n<meta property=\"og:description\" content=\"Caract\u00e9ristiquesRobe rouge rubis profondNotes de confiture de cerises, groseille, framboiseDoux et velout\u00e9 avec une finale longue et fruit\u00e9eMeilleurs assortimentsCuisine asiatiqueSalades de fruitsCr\u00e8me glac\u00e9e\" \/>\n<meta property=\"og:url\" content=\"https:\/\/www.tussockjumperwines.com\/fr\/nos-vins\/sweet-cat\/\" \/>\n<meta property=\"og:site_name\" content=\"Tussock Jumper Wines\" \/>\n<meta property=\"article:modified_time\" content=\"2023-06-02T15:08:00+00:00\" \/>\n<meta property=\"og:image\" content=\"https:\/\/www.tussockjumperwines.com\/wp-content\/uploads\/2018\/11\/T-J-Sweet-Cat-red.png\" \/>\n\t<meta property=\"og:image:width\" content=\"280\" \/>\n\t<meta property=\"og:image:height\" content=\"990\" \/>\n\t<meta property=\"og:image:type\" content=\"image\/png\" \/>\n<meta name=\"twitter:card\" content=\"summary_large_image\" \/>\n<meta name=\"twitter:label1\" content=\"Dur\u00e9e de lecture estim\u00e9e\" \/>\n\t<meta name=\"twitter:data1\" content=\"1 minute\" \/>\n<script type=\"application\/ld+json\" class=\"yoast-schema-graph\">{\"@context\":\"https:\\\/\\\/schema.org\",\"@graph\":[{\"@type\":\"WebPage\",\"@id\":\"https:\\\/\\\/www.tussockjumperwines.com\\\/fr\\\/nos-vins\\\/sweet-cat\\\/\",\"url\":\"https:\\\/\\\/www.tussockjumperwines.com\\\/fr\\\/nos-vins\\\/sweet-cat\\\/\",\"name\":\"Sweet Cat - Tussock Jumper Wines\",\"isPartOf\":{\"@id\":\"https:\\\/\\\/www.tussockjumperwines.com\\\/#website\"},\"primaryImageOfPage\":{\"@id\":\"https:\\\/\\\/www.tussockjumperwines.com\\\/fr\\\/nos-vins\\\/sweet-cat\\\/#primaryimage\"},\"image\":{\"@id\":\"https:\\\/\\\/www.tussockjumperwines.com\\\/fr\\\/nos-vins\\\/sweet-cat\\\/#primaryimage\"},\"thumbnailUrl\":\"https:\\\/\\\/www.tussockjumperwines.com\\\/wp-content\\\/uploads\\\/2018\\\/11\\\/T-J-Sweet-Cat-red.png\",\"datePublished\":\"2018-11-12T15:42:20+00:00\",\"dateModified\":\"2023-06-02T15:08:00+00:00\",\"breadcrumb\":{\"@id\":\"https:\\\/\\\/www.tussockjumperwines.com\\\/fr\\\/nos-vins\\\/sweet-cat\\\/#breadcrumb\"},\"inLanguage\":\"fr-FR\",\"potentialAction\":[{\"@type\":\"ReadAction\",\"target\":[\"https:\\\/\\\/www.tussockjumperwines.com\\\/fr\\\/nos-vins\\\/sweet-cat\\\/\"]}]},{\"@type\":\"ImageObject\",\"inLanguage\":\"fr-FR\",\"@id\":\"https:\\\/\\\/www.tussockjumperwines.com\\\/fr\\\/nos-vins\\\/sweet-cat\\\/#primaryimage\",\"url\":\"https:\\\/\\\/www.tussockjumperwines.com\\\/wp-content\\\/uploads\\\/2018\\\/11\\\/T-J-Sweet-Cat-red.png\",\"contentUrl\":\"https:\\\/\\\/www.tussockjumperwines.com\\\/wp-content\\\/uploads\\\/2018\\\/11\\\/T-J-Sweet-Cat-red.png\",\"width\":280,\"height\":990},{\"@type\":\"BreadcrumbList\",\"@id\":\"https:\\\/\\\/www.tussockjumperwines.com\\\/fr\\\/nos-vins\\\/sweet-cat\\\/#breadcrumb\",\"itemListElement\":[{\"@type\":\"ListItem\",\"position\":1,\"name\":\"Home\",\"item\":\"https:\\\/\\\/www.tussockjumperwines.com\\\/fr\\\/\"},{\"@type\":\"ListItem\",\"position\":2,\"name\":\"Boutique\",\"item\":\"https:\\\/\\\/www.tussockjumperwines.com\\\/fr\\\/boutique\\\/\"},{\"@type\":\"ListItem\",\"position\":3,\"name\":\"Sweet Cat\"}]},{\"@type\":\"WebSite\",\"@id\":\"https:\\\/\\\/www.tussockjumperwines.com\\\/#website\",\"url\":\"https:\\\/\\\/www.tussockjumperwines.com\\\/\",\"name\":\"Tussock Jumper Wines\",\"description\":\"Jump around the wine world\",\"potentialAction\":[{\"@type\":\"SearchAction\",\"target\":{\"@type\":\"EntryPoint\",\"urlTemplate\":\"https:\\\/\\\/www.tussockjumperwines.com\\\/?s={search_term_string}\"},\"query-input\":{\"@type\":\"PropertyValueSpecification\",\"valueRequired\":true,\"valueName\":\"search_term_string\"}}],\"inLanguage\":\"fr-FR\"}]}<\/script>\n<!-- \/ Yoast SEO plugin. -->","yoast_head_json":{"title":"Sweet Cat - Tussock Jumper Wines","robots":{"index":"index","follow":"follow","max-snippet":"max-snippet:-1","max-image-preview":"max-image-preview:large","max-video-preview":"max-video-preview:-1"},"canonical":"https:\/\/www.tussockjumperwines.com\/fr\/nos-vins\/sweet-cat\/","og_locale":"fr_FR","og_type":"article","og_title":"Sweet Cat - Tussock Jumper Wines","og_description":"Caract\u00e9ristiquesRobe rouge rubis profondNotes de confiture de cerises, groseille, framboiseDoux et velout\u00e9 avec une finale longue et fruit\u00e9eMeilleurs assortimentsCuisine asiatiqueSalades de fruitsCr\u00e8me glac\u00e9e","og_url":"https:\/\/www.tussockjumperwines.com\/fr\/nos-vins\/sweet-cat\/","og_site_name":"Tussock Jumper Wines","article_modified_time":"2023-06-02T15:08:00+00:00","og_image":[{"width":280,"height":990,"url":"https:\/\/www.tussockjumperwines.com\/wp-content\/uploads\/2018\/11\/T-J-Sweet-Cat-red.png","type":"image\/png"}],"twitter_card":"summary_large_image","twitter_misc":{"Dur\u00e9e de lecture estim\u00e9e":"1 minute"},"schema":{"@context":"https:\/\/schema.org","@graph":[{"@type":"WebPage","@id":"https:\/\/www.tussockjumperwines.com\/fr\/nos-vins\/sweet-cat\/","url":"https:\/\/www.tussockjumperwines.com\/fr\/nos-vins\/sweet-cat\/","name":"Sweet Cat - Tussock Jumper Wines","isPartOf":{"@id":"https:\/\/www.tussockjumperwines.com\/#website"},"primaryImageOfPage":{"@id":"https:\/\/www.tussockjumperwines.com\/fr\/nos-vins\/sweet-cat\/#primaryimage"},"image":{"@id":"https:\/\/www.tussockjumperwines.com\/fr\/nos-vins\/sweet-cat\/#primaryimage"},"thumbnailUrl":"https:\/\/www.tussockjumperwines.com\/wp-content\/uploads\/2018\/11\/T-J-Sweet-Cat-red.png","datePublished":"2018-11-12T15:42:20+00:00","dateModified":"2023-06-02T15:08:00+00:00","breadcrumb":{"@id":"https:\/\/www.tussockjumperwines.com\/fr\/nos-vins\/sweet-cat\/#breadcrumb"},"inLanguage":"fr-FR","potentialAction":[{"@type":"ReadAction","target":["https:\/\/www.tussockjumperwines.com\/fr\/nos-vins\/sweet-cat\/"]}]},{"@type":"ImageObject","inLanguage":"fr-FR","@id":"https:\/\/www.tussockjumperwines.com\/fr\/nos-vins\/sweet-cat\/#primaryimage","url":"https:\/\/www.tussockjumperwines.com\/wp-content\/uploads\/2018\/11\/T-J-Sweet-Cat-red.png","contentUrl":"https:\/\/www.tussockjumperwines.com\/wp-content\/uploads\/2018\/11\/T-J-Sweet-Cat-red.png","width":280,"height":990},{"@type":"BreadcrumbList","@id":"https:\/\/www.tussockjumperwines.com\/fr\/nos-vins\/sweet-cat\/#breadcrumb","itemListElement":[{"@type":"ListItem","position":1,"name":"Home","item":"https:\/\/www.tussockjumperwines.com\/fr\/"},{"@type":"ListItem","position":2,"name":"Boutique","item":"https:\/\/www.tussockjumperwines.com\/fr\/boutique\/"},{"@type":"ListItem","position":3,"name":"Sweet Cat"}]},{"@type":"WebSite","@id":"https:\/\/www.tussockjumperwines.com\/#website","url":"https:\/\/www.tussockjumperwines.com\/","name":"Tussock Jumper Wines","description":"Jump around the wine world","potentialAction":[{"@type":"SearchAction","target":{"@type":"EntryPoint","urlTemplate":"https:\/\/www.tussockjumperwines.com\/?s={search_term_string}"},"query-input":{"@type":"PropertyValueSpecification","valueRequired":true,"valueName":"search_term_string"}}],"inLanguage":"fr-FR"}]}},"_links":{"self":[{"href":"https:\/\/www.tussockjumperwines.com\/fr\/wp-json\/wp\/v2\/product\/6430","targetHints":{"allow":["GET"]}}],"collection":[{"href":"https:\/\/www.tussockjumperwines.com\/fr\/wp-json\/wp\/v2\/product"}],"about":[{"href":"https:\/\/www.tussockjumperwines.com\/fr\/wp-json\/wp\/v2\/types\/product"}],"replies":[{"embeddable":true,"href":"https:\/\/www.tussockjumperwines.com\/fr\/wp-json\/wp\/v2\/comments?post=6430"}],"wp:featuredmedia":[{"embeddable":true,"href":"https:\/\/www.tussockjumperwines.com\/fr\/wp-json\/wp\/v2\/media\/10508"}],"wp:attachment":[{"href":"https:\/\/www.tussockjumperwines.com\/fr\/wp-json\/wp\/v2\/media?parent=6430"}],"wp:term":[{"taxonomy":"product_brand","embeddable":true,"href":"https:\/\/www.tussockjumperwines.com\/fr\/wp-json\/wp\/v2\/product_brand?post=6430"},{"taxonomy":"product_cat","embeddable":true,"href":"https:\/\/www.tussockjumperwines.com\/fr\/wp-json\/wp\/v2\/product_cat?post=6430"},{"taxonomy":"product_tag","embeddable":true,"href":"https:\/\/www.tussockjumperwines.com\/fr\/wp-json\/wp\/v2\/product_tag?post=6430"}],"curies":[{"name":"wp","href":"https:\/\/api.w.org\/{rel}","templated":true}]}}