{"id":8396,"date":"2021-09-27T11:41:32","date_gmt":"2021-09-27T11:41:32","guid":{"rendered":"https:\/\/www.tussockjumperwines.com\/realite-augmentee\/"},"modified":"2021-09-28T08:15:59","modified_gmt":"2021-09-28T08:15:59","slug":"realite-augmentee","status":"publish","type":"page","link":"https:\/\/www.tussockjumperwines.com\/fr\/realite-augmentee\/","title":{"rendered":"R\u00e9alit\u00e9 augment\u00e9e"},"content":{"rendered":"<div class=\"mp-row-fluid motopress-row mpce-dsbl-margin-left mpce-dsbl-margin-right\">\n<div class=\"mp-span12 motopress-clmn  mpce-dsbl-margin-left mpce-dsbl-margin-right\">\n<p style=\"text-align: center;\">Le troupeau Tussock Jumper ouvre un nouveau chapitre et fait appel \u00e0 la R\u00e9alit\u00e9 Augment\u00e9e (RA) pour vous en dire plus.<\/p>\n<p style=\"text-align: center;\">Les b\u00eates de Tussock Jumper ram\u00e8nent des histoires fascinantes du monde entier pour vous partager leur passion et leur amour du vin. Gr\u00e2ce \u00e0 eux, vous pourrez vous promener de pays en pays et de vins en vins.<\/p>\n<p style=\"text-align: center;\">Et &#8230; Ils vous aideront m\u00eame \u00e0 assortir vos plats et vos vins !<\/p>\n<p style=\"text-align: center;\">T\u00e9l\u00e9chargez l\u2019application Tussock Jumper Wines, visez l\u2019\u00e9tiquette de la bouteille, et d\u00e9couvrez comment nos b\u00eates s\u2019occupent de vos vins et de vos plats&#8230;<\/p>\n<p style=\"text-align: center;\">Ne leur donnez pas trop \u00e0 manger&#8230; !<\/p>\n<p>&nbsp;<\/p>\n<p style=\"text-align: center;\"><img loading=\"lazy\" decoding=\"async\" class=\"alignnone size-medium wp-image-1118\" src=\"https:\/\/www.tussockjumperwines.com\/wp-content\/uploads\/2018\/07\/TJ-Webimage-300x225.png\" alt=\"\" width=\"300\" height=\"225\" \/> <img loading=\"lazy\" decoding=\"async\" class=\"alignnone wp-image-1161\" src=\"https:\/\/www.tussockjumperwines.com\/wp-content\/uploads\/2018\/05\/IMG_8698-169x300.png\" alt=\"\" width=\"130\" height=\"231\" srcset=\"https:\/\/www.tussockjumperwines.com\/wp-content\/uploads\/2018\/05\/IMG_8698-169x300.png 169w, https:\/\/www.tussockjumperwines.com\/wp-content\/uploads\/2018\/05\/IMG_8698-600x1067.png 600w, https:\/\/www.tussockjumperwines.com\/wp-content\/uploads\/2018\/05\/IMG_8698-768x1365.png 768w, https:\/\/www.tussockjumperwines.com\/wp-content\/uploads\/2018\/05\/IMG_8698-576x1024.png 576w, https:\/\/www.tussockjumperwines.com\/wp-content\/uploads\/2018\/05\/IMG_8698-720x1280.png 720w, https:\/\/www.tussockjumperwines.com\/wp-content\/uploads\/2018\/05\/IMG_8698.png 1242w\" sizes=\"auto, (max-width: 130px) 100vw, 130px\" \/><img loading=\"lazy\" decoding=\"async\" class=\"alignnone size-medium wp-image-1120\" src=\"https:\/\/www.tussockjumperwines.com\/wp-content\/uploads\/2018\/07\/TJ-website-image-2-300x225.png\" alt=\"\" width=\"300\" height=\"225\" srcset=\"https:\/\/www.tussockjumperwines.com\/wp-content\/uploads\/2018\/07\/TJ-website-image-2-300x225.png 300w, https:\/\/www.tussockjumperwines.com\/wp-content\/uploads\/2018\/07\/TJ-website-image-2-600x450.png 600w, https:\/\/www.tussockjumperwines.com\/wp-content\/uploads\/2018\/07\/TJ-website-image-2-768x576.png 768w, https:\/\/www.tussockjumperwines.com\/wp-content\/uploads\/2018\/07\/TJ-website-image-2.png 1024w, https:\/\/www.tussockjumperwines.com\/wp-content\/uploads\/2018\/07\/TJ-website-image-2-720x540.png 720w\" sizes=\"auto, (max-width: 300px) 100vw, 300px\" \/><\/p>\n<\/div>\n<\/div>\n<div class=\"mp-row-fluid motopress-row mpce-dsbl-margin-left mpce-dsbl-margin-right\">\n<div class=\"mp-span12 motopress-clmn  mpce-dsbl-margin-left mpce-dsbl-margin-right\">\n<div class=\"motopress-button-obj motopress-text-align-center\"><a href=\"https:\/\/itunes.apple.com\/us\/app\/tussock-jumper-wines\/id1396402878?ls=1&amp;mt=8\" target=\"_self\" class=\"motopress-btn mp-theme-button-brand motopress-btn-size-middle motopress-btn-rounded motopress-btn-icon-indent-middle\"><i class=\"fa fa-download motopress-btn-icon-align-left\"><\/i>T\u00e9l\u00e9charger pour iPhone<\/a><\/div>\n<\/div>\n<\/div>\n<div class=\"mp-row-fluid motopress-row mpce-dsbl-margin-left mpce-dsbl-margin-right\">\n<div class=\"mp-span12 motopress-clmn  mpce-dsbl-margin-left mpce-dsbl-margin-right\">\n<div class=\"motopress-button-obj motopress-text-align-center\"><a href=\"https:\/\/play.google.com\/store\/apps\/details?id=com.tussockjumperwines.arbottles\" target=\"_self\" class=\"motopress-btn mp-theme-button-brand motopress-btn-size-middle motopress-btn-rounded motopress-btn-icon-indent-middle\"><i class=\"fa fa-download motopress-btn-icon-align-left\"><\/i>t\u00e9l\u00e9charger pour Android<\/a><\/div>\n<\/div>\n<\/div>\n<div class=\"galery_video_view9_cont_list\"\n     id=\"galery_video_view9_cont_list2\"\n     data-gallery-video-perpage=\"5\" data-gallery-video-id=\"2\">\n\t<div id=\"gallery_video_view9_cont_list2\" class=\"gallery_video_view9_cont_list view-blog-style-gallery\">\n\t\t<input type=\"hidden\" id=\"total\" value=\"1\"\/>\n\t\t\t\t\t\t<div class=\"video_view9_container\">\n\t\t\t\t\t<input type=\"hidden\" class=\"pagenum\" value=\"1\"\/>\n\t\t\t\t\t<h1 class=\"video_new_view_title\"><\/h1>\n\t\t\t\t\t<div class=\"video_view9_vid_wrapper\" data-id=\"16\">\n\n\t\t\t\t\t\t\t<div class=\"thumb_wrapper\">\n\t\t\t\t\t\t\t\t\t\t\t\t\t\t\t<div class=\"playbutton youtube-icon\"><\/div>\n\t\t\t\t\t\t\t<\/div>\n\t\t\t\t\t\t<div id=\"thevideo\" style=\"display: block;\">\n\t\t\t\t\t\t\t\t\t\t\t\t\t\t\t<iframe loading=\"lazy\" class=\"video_view9_img \"\n\t\t\t\t\t\t\t\t        width=\"100%\"\n\t\t\t\t\t\t\t\t        height=\"100%\"\n\t\t\t\t\t\t\t\t        src=\"\/\/www.youtube.com\/embed\/YeQ0YltnR5Y\" style=\"border: 0;\"\n\t\t\t\t\t\t\t\t        allowfullscreen><\/iframe>\n\t\t\t\t\t\t\t\t\t\t\t\t\t\t<\/div>\n\t\t\t\t\t<\/div>\n\t\t\t\t\t<div class=\"video_new_view_desc\"><\/div>\n\t\t\t\t<\/div>\n\t\t\t\t<div class=\"clear\"><\/div>\n\t\t\t\t\t<\/div>\n\t\n<\/div><style>\n.video_view9_container:nth-last-child(3){\n    margin-bottom: 0 !important;\n    padding-bottom: 0 !important;\n    border:none !important;\n\n}\n.video_view9_container{\n    width: 100%;\n    float:none;\nmargin:0 auto;;\n    margin-bottom: 0px !important;\n    padding-bottom: 0px !important;\n    border-bottom:  0px\n\n    dotted #010457;\n}\n.video_new_view_title{\n    font-size:18px !important;\n    color:#FFFFFF !important;\n;\ntext-align:left;;\n    background-color:#000000 !important;\nopacity:0.7;;\n}\n.video_new_view_desc ul{\n    list-style-type: none;\n}\n.video_new_view_desc{\n    margin-top: 15px;\n    line-height: 1.5;\n    font-size:14px !important;\n    color:#000000 !important;\n;\ntext-align:justify;;\n    background-color:#FFFFFF !important;\n;\n}\n.paginate{\n    font-size:22px !important;\n    color:#1046B3 !important;\n    text-align: center;\n}\n.paginate a{\n    border-bottom: none !important;\n    box-shadow: none !important;\n}\n.icon-style{\n    font-size: 18px !important;\n    color:#1046B3 !important;\n}\n.clear{\n    clear:both;\n}\n.video_view9_img{\n    display:block;\n    margin: 0 auto;\n}\n.video_view9_vid_wrapper .thumb_wrapper{\n    width: 100%;\n    height: 100%;\n}\n.video_view9_vid_wrapper #thevideo{\n    position: absolute;\n    top: 0;\n    width: 100%;\n    height: 100%;\n}\n.video_view9_vid_wrapper{\n    \/*width: px;\n    height: px;*\/\n    width: 100%;\n    position: relative;\n    margin-bottom: 15px;\n    display: inline-block;\n    float:none;\n    margin-right: 1%;\n    left: 50%;\n    transform: translateX(-50%);\n    max-width: 99%;\n}\n.video_view9_vid_wrapper iframe{\n    opacity: 1;\n    cursor: pointer;\n    max-width:100%;\n    max-height: 100%;\n}\n.video_view9_vid_wrapper iframe.iframe-thumb{\n    opacity: 0;\n}\n.thumb_image{\n    position: absolute;\n    width: 100%;\n    height: 100% !important;\n    z-index: 10;\n}\n.youtube-icon {background:url(https:\/\/www.tussockjumperwines.com\/wp-content\/plugins\/gallery-video\/assets\/images\/admin_images\/play.youtube.png) center center no-repeat;}\n.vimeo-icon {background:url(https:\/\/www.tussockjumperwines.com\/wp-content\/plugins\/gallery-video\/assets\/images\/admin_images\/play.vimeo.png) center center no-repeat;}\n.playbutton{\n    width: 100%;\n    height: 100%;\n    position: absolute;\n    z-index: 11;\n}\n\n.load_more {\n    margin: 10px 0;\n    position:relative;\n    text-align:center;\n\n    width:100%;\n\n\n}\n\n.load_more_button {\n    border-radius: 10px;\n    display:inline-block;\n    padding:5px 15px;\n    font-size:19px !important;\n    color:#FFFFFF !important;\n    background:#5CADFF !important;\n    cursor:pointer;\n    margin-top: 15px;\n\n}\n.load_more_button:hover{\n    color:#D9D9D9 !important;\n    background:#8F827C !important;\n}\n.loading {\n    display:none;\n}\n\n<\/style>\n","protected":false},"excerpt":{"rendered":"","protected":false},"author":4,"featured_media":0,"parent":0,"menu_order":0,"comment_status":"closed","ping_status":"closed","template":"","meta":{"footnotes":""},"class_list":["post-8396","page","type-page","status-publish","hentry"],"yoast_head":"<!-- This site is optimized with the Yoast SEO plugin v27.5 - https:\/\/yoast.com\/product\/yoast-seo-wordpress\/ -->\n<title>R\u00e9alit\u00e9 augment\u00e9e - Donner vie au vin gr\u00e2ce \u00e0 la r\u00e9alit\u00e9 augment\u00e9e<\/title>\n<meta name=\"description\" content=\"Le troupeau Tussock Jumper ouvre un nouveau chapitre et fait appel \u00e0 la technologie de r\u00e9alit\u00e9 augment\u00e9e (RA) pour vous en dire plus.\" \/>\n<meta name=\"robots\" content=\"index, follow, max-snippet:-1, max-image-preview:large, max-video-preview:-1\" \/>\n<link rel=\"canonical\" href=\"https:\/\/www.tussockjumperwines.com\/fr\/realite-augmentee\/\" \/>\n<meta property=\"og:locale\" content=\"fr_FR\" \/>\n<meta property=\"og:type\" content=\"article\" \/>\n<meta property=\"og:title\" content=\"R\u00e9alit\u00e9 augment\u00e9e - Donner vie au vin gr\u00e2ce \u00e0 la r\u00e9alit\u00e9 augment\u00e9e\" \/>\n<meta property=\"og:description\" content=\"Le troupeau Tussock Jumper ouvre un nouveau chapitre et fait appel \u00e0 la technologie de r\u00e9alit\u00e9 augment\u00e9e (RA) pour vous en dire plus.\" \/>\n<meta property=\"og:url\" content=\"https:\/\/www.tussockjumperwines.com\/fr\/realite-augmentee\/\" \/>\n<meta property=\"og:site_name\" content=\"Tussock Jumper Wines\" \/>\n<meta property=\"article:modified_time\" content=\"2021-09-28T08:15:59+00:00\" \/>\n<meta property=\"og:image\" content=\"https:\/\/www.tussockjumperwines.com\/wp-content\/uploads\/2018\/07\/TJ-Webimage-300x225.png\" \/>\n<meta name=\"twitter:card\" content=\"summary_large_image\" \/>\n<meta name=\"twitter:label1\" content=\"Dur\u00e9e de lecture estim\u00e9e\" \/>\n\t<meta name=\"twitter:data1\" content=\"1 minute\" \/>\n<script type=\"application\/ld+json\" class=\"yoast-schema-graph\">{\"@context\":\"https:\\\/\\\/schema.org\",\"@graph\":[{\"@type\":\"WebPage\",\"@id\":\"https:\\\/\\\/www.tussockjumperwines.com\\\/fr\\\/realite-augmentee\\\/\",\"url\":\"https:\\\/\\\/www.tussockjumperwines.com\\\/fr\\\/realite-augmentee\\\/\",\"name\":\"R\u00e9alit\u00e9 augment\u00e9e - Donner vie au vin gr\u00e2ce \u00e0 la r\u00e9alit\u00e9 augment\u00e9e\",\"isPartOf\":{\"@id\":\"https:\\\/\\\/www.tussockjumperwines.com\\\/#website\"},\"primaryImageOfPage\":{\"@id\":\"https:\\\/\\\/www.tussockjumperwines.com\\\/fr\\\/realite-augmentee\\\/#primaryimage\"},\"image\":{\"@id\":\"https:\\\/\\\/www.tussockjumperwines.com\\\/fr\\\/realite-augmentee\\\/#primaryimage\"},\"thumbnailUrl\":\"https:\\\/\\\/www.tussockjumperwines.com\\\/wp-content\\\/uploads\\\/2018\\\/07\\\/TJ-Webimage-300x225.png\",\"datePublished\":\"2021-09-27T11:41:32+00:00\",\"dateModified\":\"2021-09-28T08:15:59+00:00\",\"description\":\"Le troupeau Tussock Jumper ouvre un nouveau chapitre et fait appel \u00e0 la technologie de r\u00e9alit\u00e9 augment\u00e9e (RA) pour vous en dire plus.\",\"breadcrumb\":{\"@id\":\"https:\\\/\\\/www.tussockjumperwines.com\\\/fr\\\/realite-augmentee\\\/#breadcrumb\"},\"inLanguage\":\"fr-FR\",\"potentialAction\":[{\"@type\":\"ReadAction\",\"target\":[\"https:\\\/\\\/www.tussockjumperwines.com\\\/fr\\\/realite-augmentee\\\/\"]}]},{\"@type\":\"ImageObject\",\"inLanguage\":\"fr-FR\",\"@id\":\"https:\\\/\\\/www.tussockjumperwines.com\\\/fr\\\/realite-augmentee\\\/#primaryimage\",\"url\":\"https:\\\/\\\/www.tussockjumperwines.com\\\/wp-content\\\/uploads\\\/2018\\\/07\\\/TJ-Webimage-300x225.png\",\"contentUrl\":\"https:\\\/\\\/www.tussockjumperwines.com\\\/wp-content\\\/uploads\\\/2018\\\/07\\\/TJ-Webimage-300x225.png\"},{\"@type\":\"BreadcrumbList\",\"@id\":\"https:\\\/\\\/www.tussockjumperwines.com\\\/fr\\\/realite-augmentee\\\/#breadcrumb\",\"itemListElement\":[{\"@type\":\"ListItem\",\"position\":1,\"name\":\"Home\",\"item\":\"https:\\\/\\\/www.tussockjumperwines.com\\\/fr\\\/\"},{\"@type\":\"ListItem\",\"position\":2,\"name\":\"R\u00e9alit\u00e9 augment\u00e9e\"}]},{\"@type\":\"WebSite\",\"@id\":\"https:\\\/\\\/www.tussockjumperwines.com\\\/#website\",\"url\":\"https:\\\/\\\/www.tussockjumperwines.com\\\/\",\"name\":\"Tussock Jumper Wines\",\"description\":\"Jump around the wine world\",\"potentialAction\":[{\"@type\":\"SearchAction\",\"target\":{\"@type\":\"EntryPoint\",\"urlTemplate\":\"https:\\\/\\\/www.tussockjumperwines.com\\\/?s={search_term_string}\"},\"query-input\":{\"@type\":\"PropertyValueSpecification\",\"valueRequired\":true,\"valueName\":\"search_term_string\"}}],\"inLanguage\":\"fr-FR\"}]}<\/script>\n<!-- \/ Yoast SEO plugin. -->","yoast_head_json":{"title":"R\u00e9alit\u00e9 augment\u00e9e - Donner vie au vin gr\u00e2ce \u00e0 la r\u00e9alit\u00e9 augment\u00e9e","description":"Le troupeau Tussock Jumper ouvre un nouveau chapitre et fait appel \u00e0 la technologie de r\u00e9alit\u00e9 augment\u00e9e (RA) pour vous en dire plus.","robots":{"index":"index","follow":"follow","max-snippet":"max-snippet:-1","max-image-preview":"max-image-preview:large","max-video-preview":"max-video-preview:-1"},"canonical":"https:\/\/www.tussockjumperwines.com\/fr\/realite-augmentee\/","og_locale":"fr_FR","og_type":"article","og_title":"R\u00e9alit\u00e9 augment\u00e9e - Donner vie au vin gr\u00e2ce \u00e0 la r\u00e9alit\u00e9 augment\u00e9e","og_description":"Le troupeau Tussock Jumper ouvre un nouveau chapitre et fait appel \u00e0 la technologie de r\u00e9alit\u00e9 augment\u00e9e (RA) pour vous en dire plus.","og_url":"https:\/\/www.tussockjumperwines.com\/fr\/realite-augmentee\/","og_site_name":"Tussock Jumper Wines","article_modified_time":"2021-09-28T08:15:59+00:00","og_image":[{"url":"https:\/\/www.tussockjumperwines.com\/wp-content\/uploads\/2018\/07\/TJ-Webimage-300x225.png","type":"","width":"","height":""}],"twitter_card":"summary_large_image","twitter_misc":{"Dur\u00e9e de lecture estim\u00e9e":"1 minute"},"schema":{"@context":"https:\/\/schema.org","@graph":[{"@type":"WebPage","@id":"https:\/\/www.tussockjumperwines.com\/fr\/realite-augmentee\/","url":"https:\/\/www.tussockjumperwines.com\/fr\/realite-augmentee\/","name":"R\u00e9alit\u00e9 augment\u00e9e - Donner vie au vin gr\u00e2ce \u00e0 la r\u00e9alit\u00e9 augment\u00e9e","isPartOf":{"@id":"https:\/\/www.tussockjumperwines.com\/#website"},"primaryImageOfPage":{"@id":"https:\/\/www.tussockjumperwines.com\/fr\/realite-augmentee\/#primaryimage"},"image":{"@id":"https:\/\/www.tussockjumperwines.com\/fr\/realite-augmentee\/#primaryimage"},"thumbnailUrl":"https:\/\/www.tussockjumperwines.com\/wp-content\/uploads\/2018\/07\/TJ-Webimage-300x225.png","datePublished":"2021-09-27T11:41:32+00:00","dateModified":"2021-09-28T08:15:59+00:00","description":"Le troupeau Tussock Jumper ouvre un nouveau chapitre et fait appel \u00e0 la technologie de r\u00e9alit\u00e9 augment\u00e9e (RA) pour vous en dire plus.","breadcrumb":{"@id":"https:\/\/www.tussockjumperwines.com\/fr\/realite-augmentee\/#breadcrumb"},"inLanguage":"fr-FR","potentialAction":[{"@type":"ReadAction","target":["https:\/\/www.tussockjumperwines.com\/fr\/realite-augmentee\/"]}]},{"@type":"ImageObject","inLanguage":"fr-FR","@id":"https:\/\/www.tussockjumperwines.com\/fr\/realite-augmentee\/#primaryimage","url":"https:\/\/www.tussockjumperwines.com\/wp-content\/uploads\/2018\/07\/TJ-Webimage-300x225.png","contentUrl":"https:\/\/www.tussockjumperwines.com\/wp-content\/uploads\/2018\/07\/TJ-Webimage-300x225.png"},{"@type":"BreadcrumbList","@id":"https:\/\/www.tussockjumperwines.com\/fr\/realite-augmentee\/#breadcrumb","itemListElement":[{"@type":"ListItem","position":1,"name":"Home","item":"https:\/\/www.tussockjumperwines.com\/fr\/"},{"@type":"ListItem","position":2,"name":"R\u00e9alit\u00e9 augment\u00e9e"}]},{"@type":"WebSite","@id":"https:\/\/www.tussockjumperwines.com\/#website","url":"https:\/\/www.tussockjumperwines.com\/","name":"Tussock Jumper Wines","description":"Jump around the wine world","potentialAction":[{"@type":"SearchAction","target":{"@type":"EntryPoint","urlTemplate":"https:\/\/www.tussockjumperwines.com\/?s={search_term_string}"},"query-input":{"@type":"PropertyValueSpecification","valueRequired":true,"valueName":"search_term_string"}}],"inLanguage":"fr-FR"}]}},"_links":{"self":[{"href":"https:\/\/www.tussockjumperwines.com\/fr\/wp-json\/wp\/v2\/pages\/8396","targetHints":{"allow":["GET"]}}],"collection":[{"href":"https:\/\/www.tussockjumperwines.com\/fr\/wp-json\/wp\/v2\/pages"}],"about":[{"href":"https:\/\/www.tussockjumperwines.com\/fr\/wp-json\/wp\/v2\/types\/page"}],"author":[{"embeddable":true,"href":"https:\/\/www.tussockjumperwines.com\/fr\/wp-json\/wp\/v2\/users\/4"}],"replies":[{"embeddable":true,"href":"https:\/\/www.tussockjumperwines.com\/fr\/wp-json\/wp\/v2\/comments?post=8396"}],"version-history":[{"count":1,"href":"https:\/\/www.tussockjumperwines.com\/fr\/wp-json\/wp\/v2\/pages\/8396\/revisions"}],"predecessor-version":[{"id":8925,"href":"https:\/\/www.tussockjumperwines.com\/fr\/wp-json\/wp\/v2\/pages\/8396\/revisions\/8925"}],"wp:attachment":[{"href":"https:\/\/www.tussockjumperwines.com\/fr\/wp-json\/wp\/v2\/media?parent=8396"}],"curies":[{"name":"wp","href":"https:\/\/api.w.org\/{rel}","templated":true}]}}