{"id":8198,"date":"2021-09-27T11:41:15","date_gmt":"2021-09-27T11:41:15","guid":{"rendered":"https:\/\/www.tussockjumperwines.com\/mentions-legales\/"},"modified":"2021-09-28T08:15:44","modified_gmt":"2021-09-28T08:15:44","slug":"mentions-legales","status":"publish","type":"page","link":"https:\/\/www.tussockjumperwines.com\/fr\/mentions-legales\/","title":{"rendered":"Mentions l\u00e9gales"},"content":{"rendered":"<div class=\"mp-row-fluid motopress-row mpce-dsbl-margin-left mpce-dsbl-margin-right\">\n<div class=\"mp-span12 motopress-clmn  mpce-dsbl-margin-left mpce-dsbl-margin-right\">\n<div class=\"motopress-code-obj\">\n<header class=\"entry-header\">\n<h1 class=\"entry-title\">INFORMATION JURIDIQUE<\/h1>\n<div class=\"addtoany_shortcode\"><div class=\"a2a_kit a2a_kit_size_16 addtoany_list\" data-a2a-url=\"https:\/\/www.tussockjumperwines.com\/fr\/mentions-legales\/\" data-a2a-title=\"Mentions l\u00e9gales\"><a class=\"a2a_button_facebook\" href=\"https:\/\/www.addtoany.com\/add_to\/facebook?linkurl=https%3A%2F%2Fwww.tussockjumperwines.com%2Ffr%2Fmentions-legales%2F&amp;linkname=Mentions%20l%C3%A9gales\" title=\"Facebook\" rel=\"nofollow noopener\" target=\"_blank\"><\/a><a class=\"a2a_button_twitter\" href=\"https:\/\/www.addtoany.com\/add_to\/twitter?linkurl=https%3A%2F%2Fwww.tussockjumperwines.com%2Ffr%2Fmentions-legales%2F&amp;linkname=Mentions%20l%C3%A9gales\" title=\"Twitter\" rel=\"nofollow noopener\" target=\"_blank\"><\/a><a class=\"a2a_button_pinterest\" href=\"https:\/\/www.addtoany.com\/add_to\/pinterest?linkurl=https%3A%2F%2Fwww.tussockjumperwines.com%2Ffr%2Fmentions-legales%2F&amp;linkname=Mentions%20l%C3%A9gales\" title=\"Pinterest\" rel=\"nofollow noopener\" target=\"_blank\"><\/a><a class=\"a2a_dd addtoany_no_icon addtoany_share_save addtoany_share\" href=\"https:\/\/www.addtoany.com\/share\">+<\/a><\/div><\/div>\n<\/header>\n<\/div>\n<\/div>\n<\/div>\n<div class=\"mp-row-fluid motopress-row mpce-dsbl-margin-left mpce-dsbl-margin-right\">\n<div class=\"mp-span12 motopress-clmn  mpce-dsbl-margin-left mpce-dsbl-margin-right\">\n<div class=\"entry-content\">\n<p><strong>URL\u00a0du site internet<\/strong>: <a href=\"https:\/\/www.tussockjumperwines.com\/fr\/\">www.tussockjumperwines.com<\/a><\/p>\n<p><strong>Propri\u00e9taire du site internet<\/strong>:<br \/>\nWineforces S.A.R.L.<br \/>\n5 chemin de l\u2019\u00eele de Houat<br \/>\n56610 Arradon<br \/>\nFRANCE<br \/>\nT\u00e9l\u00e9phone: +33 29 76 11 62<br \/>\nSIRET: 51949758000018<\/p>\n<p><strong>\u00c9diteur de la publication<\/strong>\u00a0:\u00a0 M. Gert-Jan van Arkel &lt;<a href=\"mailto:gva@wineforces.com\">gva@wineforces.com<\/a>&gt;<\/p>\n<p><strong>H\u00e9berg\u00e9 par<\/strong>:<br \/>\nOVH<br \/>\nSAS au capital de 10\u00a0069\u00a0020\u00a0\u20ac\u00a0<br class=\"\" \/>RCS Lille M\u00e9tropole 424 761 419 00045<br class=\"\" \/>Code APE 2620Z<br class=\"\" \/>N\u00b0 TVA : FR 22 424 761 419<br class=\"\" \/>Si\u00e8ge social : 2 rue Kellermann &#8211; 59100 Roubaix &#8211; France.<\/p>\n<p>Le site nomm\u00e9 pr\u00e9c\u00e9demment est d\u00e9clar\u00e9 aupr\u00e8s de la CNIL sous le num\u00e9ro : 1655914.<\/p>\n<h2>CLAUSE DE NON-RESPONSABILIT\u00c9 DU SITE INTERNET<\/h2>\n<h3>ABSENCE DE GARANTIES<\/h3>\n<p>Le pr\u00e9sent site internet est fourni \u00ab\u00a0en l\u2019\u00e9tat\u00a0\u00bb, sans aucune d\u00e9claration ou garantie, explicite ou implicite. WINEFORCES S.A.R.L ne fait aucune d\u00e9claration or garantie concernant le pr\u00e9sent site internet, ni sur les informations et documents fournis sur le pr\u00e9sent site internet.<\/p>\n<p>Sans pr\u00e9judice de la port\u00e9e g\u00e9n\u00e9ral des paragraphes pr\u00e9c\u00e9dents, WINEFORCES S.A.R.L ne garantit pas que:<\/p>\n<ul>\n<li>le pr\u00e9sent site internet sera disponible, de mani\u00e8re constante ou autre\u00a0; ou<\/li>\n<li>les informations indiqu\u00e9es sur le pr\u00e9sent site internet sont compl\u00e8tes, sinc\u00e8res, pr\u00e9cises ou non-trompeuses.<\/li>\n<\/ul>\n<p>Rien, dans le pr\u00e9sent site internet, ne constitue, ni ne vaut un conseil de quelque sorte que ce soit.<\/p>\n<h3>LIMITATIONS DE RESPONSABILIT\u00c9<\/h3>\n<p>WINEFORCES S.A.R.L ne pourra \u00eatre tenu responsable envers vous (que ce soit en vertu du droit des contrats, du droit des d\u00e9lits ou de tout autre droit) en lien avec les contenus du pr\u00e9sent site, l\u2019utilisation desdits contenus, ou toute autre activit\u00e9 li\u00e9e \u00e0 ce site internet :<\/p>\n<ul>\n<li>[dans la mesure o\u00f9 le site est fourni gratuitement, pour toute perte directe ;]<\/li>\n<li>pour toute perte indirecte, sp\u00e9ciale ou substantielle ; ou<\/li>\n<li>pour toute perte commerciale, perte de revenus, perte de revenus, de b\u00e9n\u00e9fices ou d&rsquo;\u00e9conomies pr\u00e9vues, perte de contrats ou de relations d&rsquo;affaires, perte de r\u00e9putation ou de client\u00e8le, ou perte ou corruption d&rsquo;informations ou de donn\u00e9es.<\/li>\n<\/ul>\n<p>Ces limitations de responsabilit\u00e9 s\u2019appliquent m\u00eame si WINEFORCES S.A.R.L a \u00e9t\u00e9 explicitement pr\u00e9venu de ladite perte potentielle.<\/p>\n<h3>EXCEPTIONS<\/h3>\n<p>Rien, dans la pr\u00e9sente clause de non-responsabilit\u00e9 du site web, n&rsquo;exclut ni ne limite une garantie impliqu\u00e9e par la loi qu&rsquo;il serait ill\u00e9gal d&rsquo;exclure ou de limiter\u00a0; et rien, dans la pr\u00e9sente clause de non-responsabilit\u00e9, n\u2019exclut ni ne limite la responsabilit\u00e9 de WINEFORCES S.A.R.L en ce qui concerne les aspects suivants\u00a0:<\/p>\n<ul>\n<li>d\u00e9c\u00e8s ou blessure physique caus\u00e9s par la n\u00e9gligence de WINEFORCES S.A.R.L\u00a0;<\/li>\n<li>fraude or d\u00e9claration frauduleuse de la part de WINEFORCES S.A.R.L ou<\/li>\n<li>tout autre cas pour lequel il serait ill\u00e9gal ou illicite, pour WINEFORCES S.A.R.L, d\u2019exclure ou de limiter sa responsabilit\u00e9, ou de tenter ou de pr\u00e9tendre exclure ou limiter sa responsabilit\u00e9.<\/li>\n<\/ul>\n<h3>CARACT\u00c8RE RAISONNABLE<\/h3>\n<p>En utilisant le pr\u00e9sent site internet, vous reconnaissez que les exclusions et limitations de responsabilit\u00e9 qui sont d\u00e9finies dans la pr\u00e9sente clause de non-responsabilit\u00e9 sont raisonnables.<\/p>\n<p>Dans le cas contraire, vous ne devez pas utiliser le pr\u00e9sent site internet.<\/p>\n<h3>AUTRES PARTIES<\/h3>\n<p>Vous reconnaissez que, en tant qu\u2019entit\u00e9 \u00e0 responsabilit\u00e9 limit\u00e9e, WINEFORCES S.A.R.L. a int\u00e9r\u00eat \u00e0 limiter la responsabilit\u00e9 personnelle de ses dirigeants et de ses employ\u00e9s. Vous reconnaissez que vous n&rsquo;introduirez aucune revendication \u00e0 titre personnel \u00e0 l\u2019encontre des dirigeants ou employ\u00e9s de WINEFORCES S.A.R.L. relative \u00e0 toute perte que vous auriez pu subir en lien avec le pr\u00e9sent site internet.]<\/p>\n<p>Sans pr\u00e9judice du paragraphe pr\u00e9c\u00e9dent, vous reconnaissez que les limitations de garanties et de responsabilit\u00e9s d\u00e9finies dans la pr\u00e9sente clause de non-responsabilit\u00e9 prot\u00e8geront les dirigeants, employ\u00e9s, mandataires, filiales, successeurs, cessionnaires et sous-traitants de WINEFORCES S.A.R.L, ainsi que WINEFORCES S.A.R.L.<\/p>\n<h3>DISPOSITION NON-APPLICABLE<\/h3>\n<p>Si l\u2019une des dispositions de la pr\u00e9sente clause de non-responsabilit\u00e9 est ou s\u2019av\u00e8re non-applicable en vertu du droit en vigueur, cela n\u2019affectera pas l\u2019applicabilit\u00e9 des autres dispositions de la pr\u00e9sente clause de non-responsabilit\u00e9.<\/p>\n<h2>AVIS DE COPYRIGHT<\/h2>\n<p>Copyright \u00a9 2010 WINEFORCES S.A.R.L.<\/p>\n<h3>PROPRI\u00c9T\u00c9 DU COPYRIGHT<\/h3>\n<p>Le copyright du pr\u00e9sent site internet et des \u00e9l\u00e9ments qu&rsquo;il contient (y compris, sans limitation le texte, le code informatique, les illustrations, les photographies, les images, la musique, les documents audio, vid\u00e9o et audio-visuels du pr\u00e9sent site internet) est la propri\u00e9t\u00e9 de WINEFORCES S.A.R.L.<\/p>\n<h3>LICENCES RELATIVES AU COPYRIGHT<\/h3>\n<p>WINEFORCES S.A.R.L vous accorde une licence mondiale non-exclusive sans redevance et r\u00e9vocable de :<\/p>\n<ul>\n<li>consulter le pr\u00e9sent site internet et ses documents sur ordinateur ou sur appareil mobile au moyen d\u2019un navigateur internet ;<\/li>\n<li>copier et stocker le pr\u00e9sent site internet et les documents qu\u2019il contient dans la m\u00e9moire cache du navigateur internet ; et<\/li>\n<li>imprimer des pages du pr\u00e9sent site internet \u00e0 des fins d\u2019utilisation [personnel et non commercial] personnelle.<\/li>\n<\/ul>\n<p>WINEFORCES S.A.R.L ne vous conc\u00e8de aucun autre droit en relation avec le pr\u00e9sent site internet ou les documents fournis sur le pr\u00e9sent site internet. En d\u2019autres termes, tous les autres droits sont r\u00e9serv\u00e9s.<\/p>\n<p>Pour lever tout doute, vous ne devez pas adapter, \u00e9diter, changer, transformer, publier, republier, distribuer, redistribuer, diffuser, rediffuser ou montrer ou jouer en public ce site internet ou le mat\u00e9riel fourni sur ce site web (sous quelque forme ou m\u00e9dia que ce soit) sans l\u2019autorisation \u00e9crite pr\u00e9alable de WINEFORCES S.A.R.L.<\/p>\n<h3>EXTRACTION DE DONN\u00c9ES<\/h3>\n<p>La collecte automatis\u00e9e et\/ou syst\u00e9matique de donn\u00e9es \u00e0 partir de ce site web est interdite.<\/p>\n<h3>PERMISSIONS<\/h3>\n<p>Vous pouvez demander l&rsquo;autorisation d&rsquo;utiliser les documents prot\u00e9g\u00e9s par le droit d&rsquo;auteur sur ce site internet en \u00e9crivant \u00e0 l&rsquo;adresse suivante :<\/p>\n<p><a href=\"mailto:legal@wineforces.com\">legal@wineforces.com<\/a> ou \u00e0 WINEFORCES S.A.R.L. 5 CHEMIN DE L\u2019ILE DE HOUAT 56610 ARRADON FRANCE.<\/p>\n<h3>APPLICATION DU COPYRIGHT<\/h3>\n<p>WINEFORCES S.A.R.L. prend tr\u00e8s au s\u00e9rieux l\u2019application de ses copyrights.<\/p>\n<p>Si WINEFORCES S.A.R.L. d\u00e9couvre que vous avez utilis\u00e9 ses mat\u00e9riels prot\u00e9g\u00e9s par les copyrights d&rsquo;une mani\u00e8re qui contrevient, ou pourrait contrevenir, \u00e0 l\u2019autorisation susmentionn\u00e9e, WINEFORCES S.A.R.L. peut intenter une action en justice contre vous pour obtenir des dommages p\u00e9cuniaires et une injonction pour vous emp\u00eacher d&rsquo;utiliser ces mat\u00e9riels. Vous pourriez \u00e9galement \u00eatre condamn\u00e9 \u00e0 payer des frais de justice.<\/p>\n<p>Si vous avez connaissance de toute utilisation des mat\u00e9riels de WINEFORCES S.A.R.L., prot\u00e9g\u00e9s par le copyright, qui contrevienne, ou pourrait contrevenir, \u00e0 l\u2019autorisation susmentionn\u00e9e, veuillez le signaler par email \u00e0 legal@wineforces.com ou par courrier postal \u00e0 WINEFORCES S.A.R.L. 5 CHEMIN DE L\u2019ILE DE HOUAT 56610 ARRADON FRANCE.<\/p>\n<h3>COPIES ILLICITES<\/h3>\n<p>Si vous avez connaissance d&rsquo;un \u00e9l\u00e9ment du site Web qui, selon vous, porte atteinte \u00e0 vos droits d&rsquo;auteur ou \u00e0 ceux d&rsquo;une autre personne, veuillez le signaler par courrier \u00e9lectronique \u00e0 l&rsquo;adresse suivante legal@wineforces.com ou par courrier postal \u00e0 WINEFORCES S.A.R.L. 5 CHEMIN DE L\u2019ILE DE HOUAT 56610 ARRADON FRANCE.<\/p>\n<h2>D\u00c9CLARATION DE CONFIDENTIALIT\u00c9<\/h2>\n<p>Votre confidentialit\u00e9 est importante pour WINEFORCES S.A.R.L. La pr\u00e9sente d\u00e9claration de non-confidentialit\u00e9 fournit des informations concernant les informations personnelles que WINEFORCES S.A.R.L collecte, et sur la mani\u00e8re dont WINEFORCES S.A.R.L utilise lesdites informations personnelles.<\/p>\n<h3>COLLECTE D\u2019INFORMATIONS PERSONNELLES<\/h3>\n<p>WINEFORCES S.A.R.L peut collecter et utiliser les types d\u2019informations personnelles suivants :<\/p>\n<ul>\n<li>information sur votre utilisation du pr\u00e9sent site internet ;]<\/li>\n<li>information que vous fournissez pour vous inscrire sur le site internet<\/li>\n<li>information sur les transactions effectu\u00e9es \u00e0 travers ce site internet<\/li>\n<li>information que vous fournissez pour souscrire aux services de ce site internet<\/li>\n<li>toute autre information que vous envoyez \u00e0 WINEFORCES S.A.R.L<\/li>\n<\/ul>\n<h3>UTILISATION DES INFORMATIONS PERSONNELLES <\/h3>\n<p>WINEFORCES S.A.R.L peut utiliser vos informations personnelles pour :<\/p>\n<ul>\n<li>g\u00e9rer ce site internet<\/li>\n<li>permettre votre acc\u00e8s aux services de ce site internet ainsi que votre utilisation desdits services<\/li>\n<li>vous envoyer les produits que vous achetez<\/li>\n<li>vous fournir les services que vous achetez<\/li>\n<li>vous envoyer des relev\u00e9s et des factures<\/li>\n<li>recevoir vos paiements<\/li>\n<li>vous envoyer des communications commerciales.<\/li>\n<\/ul>\n<p>Lorsque WINEFORCES S.A.R.L divulgue vos informations personnelles \u00e0 ses agents ou sous-traitants \u00e0 ces fins, l&rsquo;agent ou le sous-traitant en question sera tenu d&rsquo;utiliser ces informations personnelles conform\u00e9ment aux termes de la pr\u00e9sente d\u00e9claration de confidentialit\u00e9.<\/p>\n<p>Outre les divulgations raisonnablement n\u00e9cessaires aux fins identifi\u00e9es ci-dessus, WINEFORCES S.A.R.L peut divulguer vos informations personnelles dans la mesure o\u00f9 la loi l&rsquo;y oblige, dans le cadre de toute proc\u00e9dure judiciaire ou de toute proc\u00e9dure judiciaire potentielle, et afin d&rsquo;\u00e9tablir, d&rsquo;exercer ou de d\u00e9fendre ses droits l\u00e9gaux.<\/p>\n<h3>SECURISATION DE VOS DONNEES<\/h3>\n<p>WINEFORCES S.A.R.L prendra les pr\u00e9cautions techniques et organisationnelles raisonnables pour \u00e9viter la perte, l&rsquo;utilisation abusive ou l&rsquo;alt\u00e9ration de vos informations personnelles.<\/p>\n<p>WINEFORCES S.A.R.L stockera les informations personnelles que vous fournissez sur des serveurs s\u00e9curis\u00e9s.<\/p>\n<h3>TRANSFERTS TRANSFRONTALIER DE DONN\u00c9ES<\/h3>\n<p>Les informations que WINEFORCES S.A.R.L collecte pourront \u00eatre stock\u00e9es et transf\u00e9r\u00e9es entre tous les pays dans lesquels WINEFORCES S.A.R.L exerce ses activit\u00e9s, afin de permettre l\u2019utilisation des informations en conformit\u00e9 avec la pr\u00e9sente politique de confidentialit\u00e9.<\/p>\n<p>En outre, les informations personnelles que vous soumettez \u00e0 des fins de publication sur le site internet seront publi\u00e9es sur internet et pourront \u00eatre disponibles dans le monde entier.<\/p>\n<p>Vous acceptez lesdits transferts transfrontaliers d\u2019informations personnelles.<\/p>\n<h3>MISE \u00c0 JOUR DE CETTE D\u00c9CLARATION<\/h3>\n<p>WINEFORCES S.A.R.L peut mettre \u00e0 jour la pr\u00e9sente politique de confidentialit\u00e9 en postant une nouvelle version sur le pr\u00e9sent site internet.<\/p>\n<p>Vous \u00eates invit\u00e9 \u00e0 consulter cette page de temps \u00e0 autre pour  v\u00e9rifier que vous \u00eates inform\u00e9 de tout changement.<\/p>\n<h3>AUTRES SITES INTERNET<\/h3>\n<p>Le pr\u00e9sent site internet contient des liens vers d\u2019autres sites internet.<\/p>\n<p>WINEFORCES S.A.R.L n\u2019est pas responsable des politiques ou pratiques de confidentialit\u00e9 de tiers.<\/p>\n<h3>CONTACTER WINEFORCES S.A.R.L<\/h3>\n<p>Pour toute question concernant cette politique de confidentialit\u00e9 ou sur le traitement de vos informations personnelles par  WINEFORCES S.A.R.L, veuillez \u00e9crire :<\/p>\n<ul>\n<li>par email <a href=\"mailto:legal@wineforces.com\">legal@wineforces.com<\/a>; ou<\/li>\n<li>par courrier \u00e0 WINEFORCES S.A.R.L 5 chemin de l\u2019ile de Houat 56610 Arradon France<\/li>\n<\/ul>\n<\/div>\n<\/div>\n<\/div>\n","protected":false},"excerpt":{"rendered":"","protected":false},"author":1,"featured_media":0,"parent":0,"menu_order":0,"comment_status":"closed","ping_status":"closed","template":"","meta":{"footnotes":""},"class_list":["post-8198","page","type-page","status-publish","hentry"],"yoast_head":"<!-- This site is optimized with the Yoast SEO plugin v27.4 - https:\/\/yoast.com\/product\/yoast-seo-wordpress\/ -->\n<title>Mentions l\u00e9gales - Clause de non-responsabilit\u00e9<\/title>\n<meta name=\"description\" content=\"En utilisant ce site Web, vous reconnaissez que les exclusions et limitations de responsabilit\u00e9 \u00e9nonc\u00e9es dans le pr\u00e9sent avis de non-responsabilit\u00e9 sont raisonnables.\" \/>\n<meta name=\"robots\" content=\"index, follow, max-snippet:-1, max-image-preview:large, max-video-preview:-1\" \/>\n<link rel=\"canonical\" href=\"https:\/\/www.tussockjumperwines.com\/fr\/mentions-legales\/\" \/>\n<meta property=\"og:locale\" content=\"fr_FR\" \/>\n<meta property=\"og:type\" content=\"article\" \/>\n<meta property=\"og:title\" content=\"Mentions l\u00e9gales - Clause de non-responsabilit\u00e9\" \/>\n<meta property=\"og:description\" content=\"En utilisant ce site Web, vous reconnaissez que les exclusions et limitations de responsabilit\u00e9 \u00e9nonc\u00e9es dans le pr\u00e9sent avis de non-responsabilit\u00e9 sont raisonnables.\" \/>\n<meta property=\"og:url\" content=\"https:\/\/www.tussockjumperwines.com\/fr\/mentions-legales\/\" \/>\n<meta property=\"og:site_name\" content=\"Tussock Jumper Wines\" \/>\n<meta property=\"article:modified_time\" content=\"2021-09-28T08:15:44+00:00\" \/>\n<meta name=\"twitter:card\" content=\"summary_large_image\" \/>\n<meta name=\"twitter:label1\" content=\"Dur\u00e9e de lecture estim\u00e9e\" \/>\n\t<meta name=\"twitter:data1\" content=\"9 minutes\" \/>\n<script type=\"application\/ld+json\" class=\"yoast-schema-graph\">{\"@context\":\"https:\\\/\\\/schema.org\",\"@graph\":[{\"@type\":\"WebPage\",\"@id\":\"https:\\\/\\\/www.tussockjumperwines.com\\\/fr\\\/mentions-legales\\\/\",\"url\":\"https:\\\/\\\/www.tussockjumperwines.com\\\/fr\\\/mentions-legales\\\/\",\"name\":\"Mentions l\u00e9gales - Clause de non-responsabilit\u00e9\",\"isPartOf\":{\"@id\":\"https:\\\/\\\/www.tussockjumperwines.com\\\/#website\"},\"datePublished\":\"2021-09-27T11:41:15+00:00\",\"dateModified\":\"2021-09-28T08:15:44+00:00\",\"description\":\"En utilisant ce site Web, vous reconnaissez que les exclusions et limitations de responsabilit\u00e9 \u00e9nonc\u00e9es dans le pr\u00e9sent avis de non-responsabilit\u00e9 sont raisonnables.\",\"breadcrumb\":{\"@id\":\"https:\\\/\\\/www.tussockjumperwines.com\\\/fr\\\/mentions-legales\\\/#breadcrumb\"},\"inLanguage\":\"fr-FR\",\"potentialAction\":[{\"@type\":\"ReadAction\",\"target\":[\"https:\\\/\\\/www.tussockjumperwines.com\\\/fr\\\/mentions-legales\\\/\"]}]},{\"@type\":\"BreadcrumbList\",\"@id\":\"https:\\\/\\\/www.tussockjumperwines.com\\\/fr\\\/mentions-legales\\\/#breadcrumb\",\"itemListElement\":[{\"@type\":\"ListItem\",\"position\":1,\"name\":\"Home\",\"item\":\"https:\\\/\\\/www.tussockjumperwines.com\\\/fr\\\/\"},{\"@type\":\"ListItem\",\"position\":2,\"name\":\"Mentions l\u00e9gales\"}]},{\"@type\":\"WebSite\",\"@id\":\"https:\\\/\\\/www.tussockjumperwines.com\\\/#website\",\"url\":\"https:\\\/\\\/www.tussockjumperwines.com\\\/\",\"name\":\"Tussock Jumper Wines\",\"description\":\"Jump around the wine world\",\"potentialAction\":[{\"@type\":\"SearchAction\",\"target\":{\"@type\":\"EntryPoint\",\"urlTemplate\":\"https:\\\/\\\/www.tussockjumperwines.com\\\/?s={search_term_string}\"},\"query-input\":{\"@type\":\"PropertyValueSpecification\",\"valueRequired\":true,\"valueName\":\"search_term_string\"}}],\"inLanguage\":\"fr-FR\"}]}<\/script>\n<!-- \/ Yoast SEO plugin. -->","yoast_head_json":{"title":"Mentions l\u00e9gales - Clause de non-responsabilit\u00e9","description":"En utilisant ce site Web, vous reconnaissez que les exclusions et limitations de responsabilit\u00e9 \u00e9nonc\u00e9es dans le pr\u00e9sent avis de non-responsabilit\u00e9 sont raisonnables.","robots":{"index":"index","follow":"follow","max-snippet":"max-snippet:-1","max-image-preview":"max-image-preview:large","max-video-preview":"max-video-preview:-1"},"canonical":"https:\/\/www.tussockjumperwines.com\/fr\/mentions-legales\/","og_locale":"fr_FR","og_type":"article","og_title":"Mentions l\u00e9gales - Clause de non-responsabilit\u00e9","og_description":"En utilisant ce site Web, vous reconnaissez que les exclusions et limitations de responsabilit\u00e9 \u00e9nonc\u00e9es dans le pr\u00e9sent avis de non-responsabilit\u00e9 sont raisonnables.","og_url":"https:\/\/www.tussockjumperwines.com\/fr\/mentions-legales\/","og_site_name":"Tussock Jumper Wines","article_modified_time":"2021-09-28T08:15:44+00:00","twitter_card":"summary_large_image","twitter_misc":{"Dur\u00e9e de lecture estim\u00e9e":"9 minutes"},"schema":{"@context":"https:\/\/schema.org","@graph":[{"@type":"WebPage","@id":"https:\/\/www.tussockjumperwines.com\/fr\/mentions-legales\/","url":"https:\/\/www.tussockjumperwines.com\/fr\/mentions-legales\/","name":"Mentions l\u00e9gales - Clause de non-responsabilit\u00e9","isPartOf":{"@id":"https:\/\/www.tussockjumperwines.com\/#website"},"datePublished":"2021-09-27T11:41:15+00:00","dateModified":"2021-09-28T08:15:44+00:00","description":"En utilisant ce site Web, vous reconnaissez que les exclusions et limitations de responsabilit\u00e9 \u00e9nonc\u00e9es dans le pr\u00e9sent avis de non-responsabilit\u00e9 sont raisonnables.","breadcrumb":{"@id":"https:\/\/www.tussockjumperwines.com\/fr\/mentions-legales\/#breadcrumb"},"inLanguage":"fr-FR","potentialAction":[{"@type":"ReadAction","target":["https:\/\/www.tussockjumperwines.com\/fr\/mentions-legales\/"]}]},{"@type":"BreadcrumbList","@id":"https:\/\/www.tussockjumperwines.com\/fr\/mentions-legales\/#breadcrumb","itemListElement":[{"@type":"ListItem","position":1,"name":"Home","item":"https:\/\/www.tussockjumperwines.com\/fr\/"},{"@type":"ListItem","position":2,"name":"Mentions l\u00e9gales"}]},{"@type":"WebSite","@id":"https:\/\/www.tussockjumperwines.com\/#website","url":"https:\/\/www.tussockjumperwines.com\/","name":"Tussock Jumper Wines","description":"Jump around the wine world","potentialAction":[{"@type":"SearchAction","target":{"@type":"EntryPoint","urlTemplate":"https:\/\/www.tussockjumperwines.com\/?s={search_term_string}"},"query-input":{"@type":"PropertyValueSpecification","valueRequired":true,"valueName":"search_term_string"}}],"inLanguage":"fr-FR"}]}},"_links":{"self":[{"href":"https:\/\/www.tussockjumperwines.com\/fr\/wp-json\/wp\/v2\/pages\/8198","targetHints":{"allow":["GET"]}}],"collection":[{"href":"https:\/\/www.tussockjumperwines.com\/fr\/wp-json\/wp\/v2\/pages"}],"about":[{"href":"https:\/\/www.tussockjumperwines.com\/fr\/wp-json\/wp\/v2\/types\/page"}],"author":[{"embeddable":true,"href":"https:\/\/www.tussockjumperwines.com\/fr\/wp-json\/wp\/v2\/users\/1"}],"replies":[{"embeddable":true,"href":"https:\/\/www.tussockjumperwines.com\/fr\/wp-json\/wp\/v2\/comments?post=8198"}],"version-history":[{"count":1,"href":"https:\/\/www.tussockjumperwines.com\/fr\/wp-json\/wp\/v2\/pages\/8198\/revisions"}],"predecessor-version":[{"id":8909,"href":"https:\/\/www.tussockjumperwines.com\/fr\/wp-json\/wp\/v2\/pages\/8198\/revisions\/8909"}],"wp:attachment":[{"href":"https:\/\/www.tussockjumperwines.com\/fr\/wp-json\/wp\/v2\/media?parent=8198"}],"curies":[{"name":"wp","href":"https:\/\/api.w.org\/{rel}","templated":true}]}}