{"id":8187,"date":"2021-09-27T11:41:14","date_gmt":"2021-09-27T11:41:14","guid":{"rendered":"https:\/\/www.tussockjumperwines.com\/medias\/"},"modified":"2021-09-28T08:15:43","modified_gmt":"2021-09-28T08:15:43","slug":"medias","status":"publish","type":"page","link":"https:\/\/www.tussockjumperwines.com\/fr\/medias\/","title":{"rendered":"M\u00e9dias"},"content":{"rendered":"<div class=\"mp-row-fluid motopress-row mp-row-fixed-width mpce-dsbl-margin-left mpce-dsbl-margin-right\">\n<div class=\"mp-span12 motopress-clmn  mpce-dsbl-margin-left mpce-dsbl-margin-right\">\n<div class=\"motopress-code-obj\">\n<h1 style=\"text-align: center;\">M\u00e9dias<\/h1>\n<h4 style=\"text-align: center;\">VID\u00c9O, IMAGES ET T\u00c9L\u00c9CHARGEMENTS<\/h4>\n<p style=\"text-align: center;\">Vous l\u2019aurez compris, nous aimons le vin. Et, comme vous le savez, c\u2019est du vin que naissent les histoires \u2013 des histoires en paroles, en images et en vid\u00e9os, que nous aimerions tant partager avec vous. Des histoires de nos amis \u00e0 quatre pattes, des pr\u00e9sentations de nouveaux vins, des voyages dans des vignobles int\u00e9ressants, des bavardages d\u2019experts viticoles du monde entier&#8230;<br \/>\nTout ce que vous pouvez imaginer, en lien avec des vins haut de gamme.<\/p>\n<div class=\"addtoany_shortcode\"><div class=\"a2a_kit a2a_kit_size_16 addtoany_list\" data-a2a-url=\"https:\/\/www.tussockjumperwines.com\/fr\/medias\/\" data-a2a-title=\"M\u00e9dias\"><a class=\"a2a_button_facebook\" href=\"https:\/\/www.addtoany.com\/add_to\/facebook?linkurl=https%3A%2F%2Fwww.tussockjumperwines.com%2Ffr%2Fmedias%2F&amp;linkname=M%C3%A9dias\" title=\"Facebook\" rel=\"nofollow noopener\" target=\"_blank\"><\/a><a class=\"a2a_button_twitter\" href=\"https:\/\/www.addtoany.com\/add_to\/twitter?linkurl=https%3A%2F%2Fwww.tussockjumperwines.com%2Ffr%2Fmedias%2F&amp;linkname=M%C3%A9dias\" title=\"Twitter\" rel=\"nofollow noopener\" target=\"_blank\"><\/a><a class=\"a2a_button_pinterest\" href=\"https:\/\/www.addtoany.com\/add_to\/pinterest?linkurl=https%3A%2F%2Fwww.tussockjumperwines.com%2Ffr%2Fmedias%2F&amp;linkname=M%C3%A9dias\" title=\"Pinterest\" rel=\"nofollow noopener\" target=\"_blank\"><\/a><a class=\"a2a_dd addtoany_no_icon addtoany_share_save addtoany_share\" href=\"https:\/\/www.addtoany.com\/share\">+<\/a><\/div><\/div>\n<\/div>\n<\/div>\n<\/div>\n<div class=\"mp-row-fluid motopress-row mpce-dsbl-margin-left mpce-dsbl-margin-right\">\n<div class=\"mp-span4 motopress-clmn  mpce-prvt-26-589dacacd0442 mpce-dsbl-margin-left mpce-dsbl-margin-right\">\n<div class=\"motopress-button-obj\"><a href=\"https:\/\/www.tussockjumperwines.com\/media\/videos\/\" target=\"_self\" class=\"motopress-btn motopress-btn-size-large media-button home-blokje motopress-btn-full-width\">VID\u00c9OS<\/a><\/div>\n<\/div>\n<div class=\"mp-span4 motopress-clmn  mpce-prvt-26-589dada7d04c6 mpce-dsbl-margin-left mpce-dsbl-margin-right\">\n<div class=\"motopress-button-obj\"><a href=\"https:\/\/www.tussockjumperwines.com\/media\/image-gallery\/\" target=\"_self\" class=\"motopress-btn media-button images-button home-blokje motopress-btn-full-width\">GALERIE D\u2019IMAGES<\/a><\/div>\n<\/div>\n<div class=\"mp-span4 motopress-clmn  mpce-prvt-26-589dade1d054a mpce-dsbl-margin-left mpce-dsbl-margin-right\">\n<div class=\"motopress-button-obj\"><a href=\"https:\/\/www.tussockjumperwines.com\/media\/download\/\" target=\"_self\" class=\"motopress-btn media-button downlaods-button home-blokje motopress-btn-full-width\">T\u00c9L\u00c9CHARGEMENTS<\/a><\/div>\n<\/div>\n<\/div>\n<div class=\"mp-row-fluid motopress-row mpce-dsbl-margin-left mpce-dsbl-margin-right\">\n<div class=\"mp-span12 motopress-clmn  mpce-dsbl-margin-left mpce-dsbl-margin-right  motopress-space\">\n<div class=\"motopress-space-obj mpce-dsbl-background-image-type mpce-dsbl-background-image mpce-dsbl-background-gradient mpce-dsbl-background-position mpce-dsbl-background-position-x mpce-dsbl-background-position-y mpce-dsbl-background-repeat mpce-dsbl-background-size mpce-dsbl-background-attachment mpce-dsbl-margin-left mpce-dsbl-margin-right mpce-dsbl-background-color mpce-dsbl-border-top-width mpce-dsbl-border-bottom-width mpce-dsbl-border-left-width mpce-dsbl-border-right-width mpce-dsbl-border-top-left-radius mpce-dsbl-border-top-right-radius mpce-dsbl-border-bottom-left-radius mpce-dsbl-border-bottom-right-radius mpce-dsbl-border-style mpce-dsbl-border-color mpce-dsbl-padding-left mpce-dsbl-padding-right mpce-dsbl-margin-top mpce-dsbl-margin-bottom mpce-dsbl-color\">\n<div><\/div>\n<\/div>\n<\/div>\n<\/div>\n<div data-stellar-background-ratio=\"0.5\" class=\"mp-row-fluid motopress-row motopress-row-parallax mp-row-fullwidth mpce-dsbl-margin-left mpce-dsbl-margin-right\" style=\"background-image:url(&quot;https:\/\/www.tussockjumperwines.com\/wp-content\/uploads\/2017\/01\/bg-image.jpg&quot;);\">\n<div class=\"mp-span12 motopress-clmn  mpce-dsbl-margin-left mpce-dsbl-margin-right\">\n<div class=\"mp-row-fluid motopress-row mp-row-fixed-width mpce-dsbl-margin-left mpce-dsbl-margin-right\">\n<div class=\"mp-span6 motopress-clmn mpce-dsbl-margin-left mpce-dsbl-margin-right motopress-margin-top-25 motopress-margin-bottom-25\">\n<div class=\"motopress-code-obj motopress-margin-top-50 motopress-margin-bottom-50 roboto\">\n<h3>LES MEILLEURS\u00a0<strong>VINS<br \/>\n<\/strong>SANS L\u2019OMBRE D\u2019UN DOUTE<\/h3>\n<ul>\n<li>Nous sommes des passionn\u00e9s de vins, et leurs origines nous passionnent !<\/li>\n<li>Nous ne voulons que les meilleurs vins<\/li>\n<li>Nos producteurs sont fiers de vous offrir leurs meilleurs vins<\/li>\n<\/ul>\n<\/div>\n<\/div>\n<div class=\"mp-span6 motopress-clmn mpce-dsbl-margin-left mpce-dsbl-margin-right motopress-margin-top-100\">\n<div class=\"motopress-button-obj motopress-text-align-left motopress-margin-top-100\"><a href=\"\/en\/our-wines\/\" target=\"_self\" class=\"motopress-btn mp-theme-button-brand motopress-btn-rounded motopress-btn-icon-indent-middle motopress-btn-size-large\">EN SAVOIR PLUS<\/a><\/div>\n<\/div>\n<\/div>\n<\/div>\n<\/div>\n<div class=\"mp-row-fluid motopress-row mpce-dsbl-margin-left mpce-dsbl-margin-right\">\n<div class=\"mp-span12 motopress-clmn  mpce-dsbl-margin-left mpce-dsbl-margin-right\">\n<p>&nbsp;<\/p>\n<p>&nbsp;<\/p>\n<\/div>\n<\/div>\n","protected":false},"excerpt":{"rendered":"","protected":false},"author":1,"featured_media":0,"parent":0,"menu_order":0,"comment_status":"closed","ping_status":"closed","template":"","meta":{"footnotes":""},"class_list":["post-8187","page","type-page","status-publish","hentry"],"yoast_head":"<!-- This site is optimized with the Yoast SEO plugin v27.3 - https:\/\/yoast.com\/product\/yoast-seo-wordpress\/ -->\n<title>M\u00e9dias - Nous aimons le vin. Et vous savez comment cela se passe, c\u2019est du vin que naissent les histoires<\/title>\n<meta name=\"description\" content=\"Nous aimons partager les histoires de nos amis \u00e0 quatre pattes, vous pr\u00e9senter de nouveaux vins, des voyages dans des vignobles int\u00e9ressants, des bavardages d\u2019experts viticoles du monde entier\u2026\" \/>\n<meta name=\"robots\" content=\"index, follow, max-snippet:-1, max-image-preview:large, max-video-preview:-1\" \/>\n<link rel=\"canonical\" href=\"https:\/\/www.tussockjumperwines.com\/fr\/medias\/\" \/>\n<meta property=\"og:locale\" content=\"fr_FR\" \/>\n<meta property=\"og:type\" content=\"article\" \/>\n<meta property=\"og:title\" content=\"M\u00e9dias - Nous aimons le vin. Et vous savez comment cela se passe, c\u2019est du vin que naissent les histoires\" \/>\n<meta property=\"og:description\" content=\"Nous aimons partager les histoires de nos amis \u00e0 quatre pattes, vous pr\u00e9senter de nouveaux vins, des voyages dans des vignobles int\u00e9ressants, des bavardages d\u2019experts viticoles du monde entier\u2026\" \/>\n<meta property=\"og:url\" content=\"https:\/\/www.tussockjumperwines.com\/fr\/medias\/\" \/>\n<meta property=\"og:site_name\" content=\"Tussock Jumper Wines\" \/>\n<meta property=\"article:modified_time\" content=\"2021-09-28T08:15:43+00:00\" \/>\n<meta name=\"twitter:card\" content=\"summary_large_image\" \/>\n<meta name=\"twitter:label1\" content=\"Dur\u00e9e de lecture estim\u00e9e\" \/>\n\t<meta name=\"twitter:data1\" content=\"2 minutes\" \/>\n<script type=\"application\/ld+json\" class=\"yoast-schema-graph\">{\"@context\":\"https:\\\/\\\/schema.org\",\"@graph\":[{\"@type\":\"WebPage\",\"@id\":\"https:\\\/\\\/www.tussockjumperwines.com\\\/fr\\\/medias\\\/\",\"url\":\"https:\\\/\\\/www.tussockjumperwines.com\\\/fr\\\/medias\\\/\",\"name\":\"M\u00e9dias - Nous aimons le vin. Et vous savez comment cela se passe, c\u2019est du vin que naissent les histoires\",\"isPartOf\":{\"@id\":\"https:\\\/\\\/www.tussockjumperwines.com\\\/#website\"},\"datePublished\":\"2021-09-27T11:41:14+00:00\",\"dateModified\":\"2021-09-28T08:15:43+00:00\",\"description\":\"Nous aimons partager les histoires de nos amis \u00e0 quatre pattes, vous pr\u00e9senter de nouveaux vins, des voyages dans des vignobles int\u00e9ressants, des bavardages d\u2019experts viticoles du monde entier\u2026\",\"breadcrumb\":{\"@id\":\"https:\\\/\\\/www.tussockjumperwines.com\\\/fr\\\/medias\\\/#breadcrumb\"},\"inLanguage\":\"fr-FR\",\"potentialAction\":[{\"@type\":\"ReadAction\",\"target\":[\"https:\\\/\\\/www.tussockjumperwines.com\\\/fr\\\/medias\\\/\"]}]},{\"@type\":\"BreadcrumbList\",\"@id\":\"https:\\\/\\\/www.tussockjumperwines.com\\\/fr\\\/medias\\\/#breadcrumb\",\"itemListElement\":[{\"@type\":\"ListItem\",\"position\":1,\"name\":\"Home\",\"item\":\"https:\\\/\\\/www.tussockjumperwines.com\\\/fr\\\/\"},{\"@type\":\"ListItem\",\"position\":2,\"name\":\"M\u00e9dias\"}]},{\"@type\":\"WebSite\",\"@id\":\"https:\\\/\\\/www.tussockjumperwines.com\\\/#website\",\"url\":\"https:\\\/\\\/www.tussockjumperwines.com\\\/\",\"name\":\"Tussock Jumper Wines\",\"description\":\"Jump around the wine world\",\"potentialAction\":[{\"@type\":\"SearchAction\",\"target\":{\"@type\":\"EntryPoint\",\"urlTemplate\":\"https:\\\/\\\/www.tussockjumperwines.com\\\/?s={search_term_string}\"},\"query-input\":{\"@type\":\"PropertyValueSpecification\",\"valueRequired\":true,\"valueName\":\"search_term_string\"}}],\"inLanguage\":\"fr-FR\"}]}<\/script>\n<!-- \/ Yoast SEO plugin. -->","yoast_head_json":{"title":"M\u00e9dias - Nous aimons le vin. Et vous savez comment cela se passe, c\u2019est du vin que naissent les histoires","description":"Nous aimons partager les histoires de nos amis \u00e0 quatre pattes, vous pr\u00e9senter de nouveaux vins, des voyages dans des vignobles int\u00e9ressants, des bavardages d\u2019experts viticoles du monde entier\u2026","robots":{"index":"index","follow":"follow","max-snippet":"max-snippet:-1","max-image-preview":"max-image-preview:large","max-video-preview":"max-video-preview:-1"},"canonical":"https:\/\/www.tussockjumperwines.com\/fr\/medias\/","og_locale":"fr_FR","og_type":"article","og_title":"M\u00e9dias - Nous aimons le vin. Et vous savez comment cela se passe, c\u2019est du vin que naissent les histoires","og_description":"Nous aimons partager les histoires de nos amis \u00e0 quatre pattes, vous pr\u00e9senter de nouveaux vins, des voyages dans des vignobles int\u00e9ressants, des bavardages d\u2019experts viticoles du monde entier\u2026","og_url":"https:\/\/www.tussockjumperwines.com\/fr\/medias\/","og_site_name":"Tussock Jumper Wines","article_modified_time":"2021-09-28T08:15:43+00:00","twitter_card":"summary_large_image","twitter_misc":{"Dur\u00e9e de lecture estim\u00e9e":"2 minutes"},"schema":{"@context":"https:\/\/schema.org","@graph":[{"@type":"WebPage","@id":"https:\/\/www.tussockjumperwines.com\/fr\/medias\/","url":"https:\/\/www.tussockjumperwines.com\/fr\/medias\/","name":"M\u00e9dias - Nous aimons le vin. Et vous savez comment cela se passe, c\u2019est du vin que naissent les histoires","isPartOf":{"@id":"https:\/\/www.tussockjumperwines.com\/#website"},"datePublished":"2021-09-27T11:41:14+00:00","dateModified":"2021-09-28T08:15:43+00:00","description":"Nous aimons partager les histoires de nos amis \u00e0 quatre pattes, vous pr\u00e9senter de nouveaux vins, des voyages dans des vignobles int\u00e9ressants, des bavardages d\u2019experts viticoles du monde entier\u2026","breadcrumb":{"@id":"https:\/\/www.tussockjumperwines.com\/fr\/medias\/#breadcrumb"},"inLanguage":"fr-FR","potentialAction":[{"@type":"ReadAction","target":["https:\/\/www.tussockjumperwines.com\/fr\/medias\/"]}]},{"@type":"BreadcrumbList","@id":"https:\/\/www.tussockjumperwines.com\/fr\/medias\/#breadcrumb","itemListElement":[{"@type":"ListItem","position":1,"name":"Home","item":"https:\/\/www.tussockjumperwines.com\/fr\/"},{"@type":"ListItem","position":2,"name":"M\u00e9dias"}]},{"@type":"WebSite","@id":"https:\/\/www.tussockjumperwines.com\/#website","url":"https:\/\/www.tussockjumperwines.com\/","name":"Tussock Jumper Wines","description":"Jump around the wine world","potentialAction":[{"@type":"SearchAction","target":{"@type":"EntryPoint","urlTemplate":"https:\/\/www.tussockjumperwines.com\/?s={search_term_string}"},"query-input":{"@type":"PropertyValueSpecification","valueRequired":true,"valueName":"search_term_string"}}],"inLanguage":"fr-FR"}]}},"_links":{"self":[{"href":"https:\/\/www.tussockjumperwines.com\/fr\/wp-json\/wp\/v2\/pages\/8187","targetHints":{"allow":["GET"]}}],"collection":[{"href":"https:\/\/www.tussockjumperwines.com\/fr\/wp-json\/wp\/v2\/pages"}],"about":[{"href":"https:\/\/www.tussockjumperwines.com\/fr\/wp-json\/wp\/v2\/types\/page"}],"author":[{"embeddable":true,"href":"https:\/\/www.tussockjumperwines.com\/fr\/wp-json\/wp\/v2\/users\/1"}],"replies":[{"embeddable":true,"href":"https:\/\/www.tussockjumperwines.com\/fr\/wp-json\/wp\/v2\/comments?post=8187"}],"version-history":[{"count":1,"href":"https:\/\/www.tussockjumperwines.com\/fr\/wp-json\/wp\/v2\/pages\/8187\/revisions"}],"predecessor-version":[{"id":8904,"href":"https:\/\/www.tussockjumperwines.com\/fr\/wp-json\/wp\/v2\/pages\/8187\/revisions\/8904"}],"wp:attachment":[{"href":"https:\/\/www.tussockjumperwines.com\/fr\/wp-json\/wp\/v2\/media?parent=8187"}],"curies":[{"name":"wp","href":"https:\/\/api.w.org\/{rel}","templated":true}]}}