{"id":8183,"date":"2021-09-27T11:41:14","date_gmt":"2021-09-27T11:41:14","guid":{"rendered":"https:\/\/www.tussockjumperwines.com\/nos-vins\/"},"modified":"2021-09-28T08:15:42","modified_gmt":"2021-09-28T08:15:42","slug":"nos-vins","status":"publish","type":"page","link":"https:\/\/www.tussockjumperwines.com\/fr\/nos-vins\/","title":{"rendered":"Nos vins"},"content":{"rendered":"<div class=\"mp-row-fluid motopress-row mp-row-fullwidth mpce-prvt-339-589dbeb684ad0 mpce-dsbl-margin-left mpce-dsbl-margin-right grey\">\n<div class=\"mp-span12 motopress-clmn  mpce-dsbl-margin-left mpce-dsbl-margin-right\">\n<div class=\"motopress-code-obj\">\n<h1 style=\"text-align: center;\">Voyagez de vin en vin<\/h1>\n<h2 style=\"text-align: center;\">DANS LE MONDE ENTIER<\/h2>\n<p>Il y a un vin Tussock Jumper pour chaque occasion. Vous rencontrez vos beaux-parents pour la premi\u00e8re fois ? Mettez un koala Shiraz australien sur la table et vous faites instantan\u00e9ment partie de la famille. Vous faites la f\u00eate avec plein d\u2019amis ? Recouvrez les tables de cabernet sauvignon Argentin et tout le monde sera de la f\u00eate ! Vous avez envie d\u2019un d\u00eener romantique \u00e0 la maison ? Versez un peu de Venizie Pinot Grigio dans votre verre et laissez-vous griser. Grrr. Tussock Jumper est beaucoup plus qu\u2019une marque de vin. C\u2019est une collection d\u2019histoires individuelles, toutes uniques par leur temp\u00e9rament et leur pedigree. Choisissez votre pr\u00e9f\u00e9r\u00e9 ou voyagez de vin en vin parmi les meilleurs vignobles du monde entier.<\/p>\n<p style=\"text-align: center;\"><div class=\"addtoany_shortcode\"><div class=\"a2a_kit a2a_kit_size_16 addtoany_list\" data-a2a-url=\"https:\/\/www.tussockjumperwines.com\/fr\/nos-vins\/\" data-a2a-title=\"Nos vins\"><a class=\"a2a_button_facebook\" href=\"https:\/\/www.addtoany.com\/add_to\/facebook?linkurl=https%3A%2F%2Fwww.tussockjumperwines.com%2Ffr%2Fnos-vins%2F&amp;linkname=Nos%20vins\" title=\"Facebook\" rel=\"nofollow noopener\" target=\"_blank\"><\/a><a class=\"a2a_button_twitter\" href=\"https:\/\/www.addtoany.com\/add_to\/twitter?linkurl=https%3A%2F%2Fwww.tussockjumperwines.com%2Ffr%2Fnos-vins%2F&amp;linkname=Nos%20vins\" title=\"Twitter\" rel=\"nofollow noopener\" target=\"_blank\"><\/a><a class=\"a2a_button_pinterest\" href=\"https:\/\/www.addtoany.com\/add_to\/pinterest?linkurl=https%3A%2F%2Fwww.tussockjumperwines.com%2Ffr%2Fnos-vins%2F&amp;linkname=Nos%20vins\" title=\"Pinterest\" rel=\"nofollow noopener\" target=\"_blank\"><\/a><a class=\"a2a_dd addtoany_no_icon addtoany_share_save addtoany_share\" href=\"https:\/\/www.addtoany.com\/share\">+<\/a><\/div><\/div><\/p>\n<\/div><\/div>\n<\/p><\/div>\n<div class=\"mp-row-fluid motopress-row mp-row-fullwidth-content mpce-dsbl-margin-left mpce-dsbl-margin-right\">\n<div class=\"mp-span12 motopress-clmn  mpce-dsbl-margin-left mpce-dsbl-margin-right\">  <div class=\"row winemap_sidebar\"><div class=\"col-xs-12 col-sm-12 col-md-12 col-lg-12\"><div class=\"worldmap\">\t\t\t<svg viewBox=\"0 16.65 100 66.7\" xmlns=\"http:\/\/www.w3.org\/2000\/svg\" xmlns:xlink=\"http:\/\/www.w3.org\/1999\/xlink\">\n\n\t\t\t\t<image xlink:href=\"https:\/\/www.tussockjumperwines.com\/wp-content\/themes\/tussock-jumper\/images\/worldmap.png\" x=\"0\" y=\"0\" height=\"100\" width=\"100\" \/>\n\t\t\t\t<g id=\"maplink_8434\" class=\"map_group\" stroke-width=\"0\"><a href=\"https:\/\/www.tussockjumperwines.com\/fr\/nos-vins\/prosecco-rose\/\" data-contextmenu=\"ctmenu_8434\" class=\"cmlink_8434\"><path d=\"M 50 41 L NAN NAN L NAN NAN\" fill=\"#c10d0d\" stroke=\"#c10d0d\" \/><circle class=\"mapcircle\" id=\"map_circle8434\" cx=\"60\" cy=\"30\" r=\"3\" fill=\"#c10d0d\" stroke=\"#c10d0d\" \/><image xlink:href=\"https:\/\/www.tussockjumperwines.com\/wp-content\/uploads\/2017\/02\/map-fox.png\" x=\"56.1\" y=\"26.1\" height=\"7.8\" width=\"7.8\" \/><\/a><\/g><g id=\"maplink_6430\" class=\"map_group\" stroke-width=\"0\"><a href=\"https:\/\/www.tussockjumperwines.com\/fr\/nos-vins\/sweet-cat\/\" ><path d=\"M 49 42 L NAN NAN L NAN NAN\" fill=\"#c10d0d\" stroke=\"#c10d0d\" \/><circle class=\"mapcircle\" id=\"map_circle6430\" cx=\"60\" cy=\"38\" r=\"3\" fill=\"#c10d0d\" stroke=\"#c10d0d\" \/><image xlink:href=\"https:\/\/www.tussockjumperwines.com\/wp-content\/uploads\/2018\/12\/map-catnew.png\" x=\"56.1\" y=\"34.1\" height=\"7.8\" width=\"7.8\" \/><\/a><\/g><g id=\"maplink_8381\" class=\"map_group\" stroke-width=\"0\"><a href=\"https:\/\/www.tussockjumperwines.com\/fr\/nos-vins\/vinho-verde\/\" data-contextmenu=\"ctmenu_8381\" class=\"cmlink_8381\"><path d=\"M 44.7 42.2 L NAN NAN L NAN NAN\" fill=\"#c10d0d\" stroke=\"#c10d0d\" \/><circle class=\"mapcircle\" id=\"map_circle8381\" cx=\"39\" cy=\"47\" r=\"3\" fill=\"#c10d0d\" stroke=\"#c10d0d\" \/><image xlink:href=\"https:\/\/www.tussockjumperwines.com\/wp-content\/uploads\/2017\/02\/map-donkey.png\" x=\"35.1\" y=\"43.1\" height=\"7.8\" width=\"7.8\" \/><\/a><\/g><g id=\"maplink_8286\" class=\"map_group\" stroke-width=\"0\"><a href=\"https:\/\/www.tussockjumperwines.com\/fr\/nos-vins\/blanc-moscato\/\" ><path d=\"M 46 44 L NAN NAN L NAN NAN\" fill=\"#c10d0d\" stroke=\"#c10d0d\" \/><circle class=\"mapcircle\" id=\"map_circle8286\" cx=\"45\" cy=\"50\" r=\"3\" fill=\"#c10d0d\" stroke=\"#c10d0d\" \/><image xlink:href=\"https:\/\/www.tussockjumperwines.com\/wp-content\/uploads\/2017\/02\/map-rabbit.png\" x=\"41.1\" y=\"46.1\" height=\"7.8\" width=\"7.8\" \/><\/a><\/g><g id=\"maplink_8283\" class=\"map_group\" stroke-width=\"0\"><a href=\"https:\/\/www.tussockjumperwines.com\/fr\/nos-vins\/sauvignon-blanc\/\" ><path d=\"M 95.2 75.5 L 92.442913985469 71.392715036328 L 93.557086014531 68.607284963672\" fill=\"#c10d0d\" stroke=\"#c10d0d\" \/><circle class=\"mapcircle\" id=\"map_circle8283\" cx=\"93\" cy=\"70\" r=\"3\" fill=\"#c10d0d\" stroke=\"#c10d0d\" \/><image xlink:href=\"https:\/\/www.tussockjumperwines.com\/wp-content\/uploads\/2017\/02\/map-sheep.png\" x=\"89.1\" y=\"66.1\" height=\"7.8\" width=\"7.8\" \/><\/a><\/g><g id=\"maplink_8274\" class=\"map_group\" stroke-width=\"0\"><a href=\"https:\/\/www.tussockjumperwines.com\/fr\/nos-vins\/chardonnay\/\" data-contextmenu=\"ctmenu_8274\" class=\"cmlink_8274\"><path d=\"M 48 40.5 L 53.17082039325 48.1583592135 L 51.82917960675 50.8416407865\" fill=\"#c10d0d\" stroke=\"#c10d0d\" \/><circle class=\"mapcircle\" id=\"map_circle8274\" cx=\"52.5\" cy=\"49.5\" r=\"3\" fill=\"#c10d0d\" stroke=\"#c10d0d\" \/><image xlink:href=\"https:\/\/www.tussockjumperwines.com\/wp-content\/uploads\/2017\/02\/map-pig.png\" x=\"48.6\" y=\"45.6\" height=\"7.8\" width=\"7.8\" \/><\/a><\/g><g id=\"maplink_8271\" class=\"map_group\" stroke-width=\"0\"><a href=\"https:\/\/www.tussockjumperwines.com\/fr\/nos-vins\/riesling\/\" ><path d=\"M 50 38 L 44.205001589995 31.271997456008 L 45.794998410005 28.728002543992\" fill=\"#c10d0d\" stroke=\"#c10d0d\" \/><circle class=\"mapcircle\" id=\"map_circle8271\" cx=\"45\" cy=\"30\" r=\"3\" fill=\"#c10d0d\" stroke=\"#c10d0d\" \/><image xlink:href=\"https:\/\/www.tussockjumperwines.com\/wp-content\/uploads\/2017\/02\/map-deer.png\" x=\"41.1\" y=\"26.1\" height=\"7.8\" width=\"7.8\" \/><\/a><\/g><g id=\"maplink_8265\" class=\"map_group\" stroke-width=\"0\"><a href=\"https:\/\/www.tussockjumperwines.com\/fr\/nos-vins\/pinot-noir\/\" data-contextmenu=\"ctmenu_8265\" class=\"cmlink_8265\"><path d=\"M 48 40.5 L 53.17082039325 48.1583592135 L 51.82917960675 50.8416407865\" fill=\"#c10d0d\" stroke=\"#c10d0d\" \/><circle class=\"mapcircle\" id=\"map_circle8265\" cx=\"52.5\" cy=\"49.5\" r=\"3\" fill=\"#c10d0d\" stroke=\"#c10d0d\" \/><image xlink:href=\"https:\/\/www.tussockjumperwines.com\/wp-content\/uploads\/2017\/02\/map-pig.png\" x=\"48.6\" y=\"45.6\" height=\"7.8\" width=\"7.8\" \/><\/a><\/g><g id=\"maplink_8262\" class=\"map_group\" stroke-width=\"0\"><a href=\"https:\/\/www.tussockjumperwines.com\/fr\/nos-vins\/malbec\/\" ><path d=\"M 28 72 L NAN NAN L NAN NAN\" fill=\"#c10d0d\" stroke=\"#c10d0d\" \/><circle class=\"mapcircle\" id=\"map_circle8262\" cx=\"30\" cy=\"64\" r=\"3\" fill=\"#c10d0d\" stroke=\"#c10d0d\" \/><image xlink:href=\"https:\/\/www.tussockjumperwines.com\/wp-content\/uploads\/2017\/02\/map-cow.png\" x=\"26.1\" y=\"60.1\" height=\"7.8\" width=\"7.8\" \/><\/a><\/g><g id=\"maplink_8256\" class=\"map_group\" stroke-width=\"0\"><a href=\"https:\/\/www.tussockjumperwines.com\/fr\/nos-vins\/zinfandel\/\" ><path d=\"M 16 46 L 8.5204091142518 45.246598480958 L 11.479590885748 44.753401519042\" fill=\"#c10d0d\" stroke=\"#c10d0d\" \/><circle class=\"mapcircle\" id=\"map_circle8256\" cx=\"10\" cy=\"45\" r=\"3\" fill=\"#c10d0d\" stroke=\"#c10d0d\" \/><image xlink:href=\"https:\/\/www.tussockjumperwines.com\/wp-content\/uploads\/2017\/02\/map-buffalo.png\" x=\"6.1\" y=\"41.1\" height=\"7.8\" width=\"7.8\" \/><\/a><\/g><g id=\"maplink_8250\" class=\"map_group\" stroke-width=\"0\"><a href=\"https:\/\/www.tussockjumperwines.com\/fr\/nos-vins\/tempranillo\/\" data-contextmenu=\"ctmenu_8250\" class=\"cmlink_8250\"><path d=\"M 44.7 42.2 L 36.574862289296 40.467955666201 L 39.425137710704 39.532044333799\" fill=\"#c10d0d\" stroke=\"#c10d0d\" \/><circle class=\"mapcircle\" id=\"map_circle8250\" cx=\"38\" cy=\"40\" r=\"3\" fill=\"#c10d0d\" stroke=\"#c10d0d\" \/><image xlink:href=\"https:\/\/www.tussockjumperwines.com\/wp-content\/uploads\/2017\/02\/map-bull.png\" x=\"34.1\" y=\"36.1\" height=\"7.8\" width=\"7.8\" \/><\/a><\/g><g id=\"maplink_8247\" class=\"map_group\" stroke-width=\"0\"><a href=\"https:\/\/www.tussockjumperwines.com\/fr\/nos-vins\/shiraz\/\" ><path d=\"M 87 72 L NAN NAN L NAN NAN\" fill=\"#c10d0d\" stroke=\"#c10d0d\" \/><circle class=\"mapcircle\" id=\"map_circle8247\" cx=\"83\" cy=\"78\" r=\"3\" fill=\"#c10d0d\" stroke=\"#c10d0d\" \/><image xlink:href=\"https:\/\/www.tussockjumperwines.com\/wp-content\/uploads\/2017\/02\/map-koala.png\" x=\"79.1\" y=\"74.1\" height=\"7.8\" width=\"7.8\" \/><\/a><\/g><g id=\"maplink_8244\" class=\"map_group\" stroke-width=\"0\"><a href=\"https:\/\/www.tussockjumperwines.com\/fr\/nos-vins\/prosecco\/\" data-contextmenu=\"ctmenu_8244\" class=\"cmlink_8244\"><path d=\"M 48 40.5 L NAN NAN L NAN NAN\" fill=\"#c10d0d\" stroke=\"#c10d0d\" \/><circle class=\"mapcircle\" id=\"map_circle8244\" cx=\"60\" cy=\"30\" r=\"3\" fill=\"#c10d0d\" stroke=\"#c10d0d\" \/><image xlink:href=\"https:\/\/www.tussockjumperwines.com\/wp-content\/uploads\/2017\/02\/map-fox.png\" x=\"56.1\" y=\"26.1\" height=\"7.8\" width=\"7.8\" \/><\/a><\/g><g id=\"maplink_8238\" class=\"map_group\" stroke-width=\"0\"><a href=\"https:\/\/www.tussockjumperwines.com\/fr\/nos-vins\/cabernet-sauvignon\/\" ><path d=\"M 28 72 L 21.828696785835 68.937042571332 L 24.171303214165 67.062957428668\" fill=\"#c10d0d\" stroke=\"#c10d0d\" \/><circle class=\"mapcircle\" id=\"map_circle8238\" cx=\"23\" cy=\"68\" r=\"3\" fill=\"#c10d0d\" stroke=\"#c10d0d\" \/><image xlink:href=\"https:\/\/www.tussockjumperwines.com\/wp-content\/uploads\/2017\/02\/map-penguin.png\" x=\"19.1\" y=\"64.1\" height=\"7.8\" width=\"7.8\" \/><\/a><\/g><g id=\"maplink_8235\" class=\"map_group\" stroke-width=\"0\"><a href=\"https:\/\/www.tussockjumperwines.com\/fr\/nos-vins\/carmenere\/\" ><path d=\"M 27 73.5 L 20.563260572168 74.56897817165 L 23.436739427832 75.43102182835\" fill=\"#c10d0d\" stroke=\"#c10d0d\" \/><circle class=\"mapcircle\" id=\"map_circle8235\" cx=\"22\" cy=\"75\" r=\"3\" fill=\"#c10d0d\" stroke=\"#c10d0d\" \/><image xlink:href=\"https:\/\/www.tussockjumperwines.com\/wp-content\/uploads\/2017\/02\/map-lama.png\" x=\"18.1\" y=\"71.1\" height=\"7.8\" width=\"7.8\" \/><\/a><\/g>\t\t\t<\/svg>\n\t\t<div class=\"contextmenu \"id=\"ctmenu_8434\"><ul><li style=\"background-color: #c10d0d;\"><a href=\"https:\/\/www.tussockjumperwines.com\/fr\/nos-vins\/prosecco-rose\/\"><img decoding=\"async\" src=\"https:\/\/www.tussockjumperwines.com\/wp-content\/uploads\/2020\/11\/T-J-Prosecco-Italia-Rose-scaled.jpg\">Prosecco Ros\u00e9<\/a><\/li><li style=\"background-color: #c10d0d;\"><a href=\"https:\/\/www.tussockjumperwines.com\/fr\/nos-vins\/prosecco\/\"><img decoding=\"async\" src=\"https:\/\/www.tussockjumperwines.com\/wp-content\/uploads\/2017\/02\/T-J-Prosecco-Italia-White.png\">Prosecco<\/a><\/li><\/ul><\/div>\n<div class=\"contextmenu \"id=\"ctmenu_8381\"><ul><li style=\"background-color: #c10d0d;\"><a href=\"https:\/\/www.tussockjumperwines.com\/fr\/nos-vins\/vinho-verde\/\"><img decoding=\"async\" src=\"https:\/\/www.tussockjumperwines.com\/wp-content\/uploads\/2018\/06\/T-J-Vinho-Verde-Portugal-scaled.jpg\">Vinho Verde<\/a><\/li><li style=\"background-color: #c10d0d;\"><a href=\"https:\/\/www.tussockjumperwines.com\/fr\/nos-vins\/red-blend\/\"><img decoding=\"async\" src=\"https:\/\/www.tussockjumperwines.com\/wp-content\/uploads\/2017\/02\/T-J-Red-Blend-Portugal-00-Red.png\">Red Blend<\/a><\/li><\/ul><\/div>\n<div class=\"contextmenu \"id=\"ctmenu_8274\"><ul><li style=\"background-color: #c10d0d;\"><a href=\"https:\/\/www.tussockjumperwines.com\/fr\/nos-vins\/chardonnay\/\"><img decoding=\"async\" src=\"https:\/\/www.tussockjumperwines.com\/wp-content\/uploads\/2017\/02\/T-J-Chardonnay-France-00-White.png\">Chardonnay<\/a><\/li><li style=\"background-color: #c10d0d;\"><a href=\"https:\/\/www.tussockjumperwines.com\/fr\/nos-vins\/pinot-noir\/\"><img decoding=\"async\" src=\"https:\/\/www.tussockjumperwines.com\/wp-content\/uploads\/2017\/02\/T-J-Pinot-Noir-France-00-Red.png\">Pinot noir<\/a><\/li><\/ul><\/div>\n<div class=\"contextmenu \"id=\"ctmenu_8265\"><ul><li style=\"background-color: #c10d0d;\"><a href=\"https:\/\/www.tussockjumperwines.com\/fr\/nos-vins\/pinot-noir\/\"><img decoding=\"async\" src=\"https:\/\/www.tussockjumperwines.com\/wp-content\/uploads\/2017\/02\/T-J-Pinot-Noir-France-00-Red.png\">Pinot noir<\/a><\/li><li style=\"background-color: #c10d0d;\"><a href=\"https:\/\/www.tussockjumperwines.com\/fr\/nos-vins\/merlot\/\"><img decoding=\"async\" src=\"https:\/\/www.tussockjumperwines.com\/wp-content\/uploads\/2017\/02\/T-J-Merlot-France-00-Red.png\">Merlot<\/a><\/li><li style=\"background-color: #c10d0d;\"><a href=\"https:\/\/www.tussockjumperwines.com\/fr\/nos-vins\/gamay\/\"><img decoding=\"async\" src=\"https:\/\/www.tussockjumperwines.com\/wp-content\/uploads\/2018\/11\/T-J-Gamay-France-00-Red-LR.png\">Gamay<\/a><\/li><li style=\"background-color: #c10d0d;\"><a href=\"https:\/\/www.tussockjumperwines.com\/fr\/nos-vins\/chardonnay\/\"><img decoding=\"async\" src=\"https:\/\/www.tussockjumperwines.com\/wp-content\/uploads\/2017\/02\/T-J-Chardonnay-France-00-White.png\">Chardonnay<\/a><\/li><li style=\"background-color: #c10d0d;\"><a href=\"https:\/\/www.tussockjumperwines.com\/fr\/nos-vins\/grenache\/\"><img decoding=\"async\" src=\"https:\/\/www.tussockjumperwines.com\/wp-content\/uploads\/2017\/02\/T-J-Grenache-Rose-ORG.png\">Grenache<\/a><\/li><\/ul><\/div>\n<div class=\"contextmenu \"id=\"ctmenu_8250\"><ul><li style=\"background-color: #c10d0d;\"><a href=\"https:\/\/www.tussockjumperwines.com\/fr\/nos-vins\/tempranillo\/\"><img decoding=\"async\" src=\"https:\/\/www.tussockjumperwines.com\/wp-content\/uploads\/2017\/02\/T-J-Tempranillo-ORG-1.png\">Tempranillo<\/a><\/li><li style=\"background-color: #c10d0d;\"><a href=\"https:\/\/www.tussockjumperwines.com\/fr\/nos-vins\/cava\/\"><img decoding=\"async\" src=\"https:\/\/www.tussockjumperwines.com\/wp-content\/uploads\/2020\/09\/Tussock-Jumper-Cava-Brut-Reserva-2.png\">Cava<\/a><\/li><li style=\"background-color: #8ac945;\"><a href=\"https:\/\/www.tussockjumperwines.com\/fr\/nos-vins\/monastrell-organic\/\"><img decoding=\"async\" src=\"https:\/\/www.tussockjumperwines.com\/wp-content\/uploads\/2017\/02\/T-J-Monastrell-Spain-00-Red.png\">Monastrell Organic<\/a><\/li><li style=\"background-color: #c10d0d;\"><a href=\"https:\/\/www.tussockjumperwines.com\/fr\/nos-vins\/verdejo-organic\/\"><img decoding=\"async\" src=\"https:\/\/www.tussockjumperwines.com\/wp-content\/uploads\/2021\/03\/T-J-Verdejo-ORG-1.png\">Verdejo Organic<\/a><\/li><\/ul><\/div>\n<div class=\"contextmenu \"id=\"ctmenu_8244\"><ul><li style=\"background-color: #c10d0d;\"><a href=\"https:\/\/www.tussockjumperwines.com\/fr\/nos-vins\/prosecco\/\"><img decoding=\"async\" src=\"https:\/\/www.tussockjumperwines.com\/wp-content\/uploads\/2017\/02\/T-J-Prosecco-Italia-White.png\">Prosecco<\/a><\/li><li style=\"background-color: #c10d0d;\"><a href=\"https:\/\/www.tussockjumperwines.com\/fr\/nos-vins\/prosecco-rose\/\"><img decoding=\"async\" src=\"https:\/\/www.tussockjumperwines.com\/wp-content\/uploads\/2020\/11\/T-J-Prosecco-Italia-Rose-scaled.jpg\">Prosecco Ros\u00e9<\/a><\/li><\/ul><\/div><\/div><\/div><\/div>  <\/div>\n<\/p><\/div>\n<div class=\"mp-row-fluid motopress-row mp-row-fullwidth mpce-dsbl-margin-left mpce-dsbl-margin-right banner-below-map\"><\/div>\n<div class=\"mp-span6 motopress-clmn  mpce-dsbl-margin-left mpce-dsbl-margin-right\"><\/div>\n<div class=\"mp-row-fluid motopress-row mpce-dsbl-margin-left mpce-dsbl-margin-right\"><\/div>\n<div class=\"mp-span12 motopress-clmn mpce-dsbl-margin-left mpce-dsbl-margin-right\"><\/div>\n<div class=\"motopress-code-obj motopress-margin-top-25 roboto\"><\/div><\/p>\n","protected":false},"excerpt":{"rendered":"","protected":false},"author":1,"featured_media":0,"parent":0,"menu_order":0,"comment_status":"closed","ping_status":"closed","template":"","meta":{"footnotes":""},"class_list":["post-8183","page","type-page","status-publish","hentry"],"yoast_head":"<!-- This site is optimized with the Yoast SEO plugin v27.6 - https:\/\/yoast.com\/product\/yoast-seo-wordpress\/ -->\n<title>Nos vins - Un vin Tussock Jumper pour toutes les occasions<\/title>\n<meta name=\"description\" content=\"Choisissez votre vin Tussock Jumper pr\u00e9f\u00e9r\u00e9 parmi les meilleurs vignobles du monde et voyagez de vin en vin dans le monde entier.\" \/>\n<meta name=\"robots\" content=\"index, follow, max-snippet:-1, max-image-preview:large, max-video-preview:-1\" \/>\n<link rel=\"canonical\" href=\"https:\/\/www.tussockjumperwines.com\/fr\/nos-vins\/\" \/>\n<meta property=\"og:locale\" content=\"fr_FR\" \/>\n<meta property=\"og:type\" content=\"article\" \/>\n<meta property=\"og:title\" content=\"Nos vins - Un vin Tussock Jumper pour toutes les occasions\" \/>\n<meta property=\"og:description\" content=\"Choisissez votre vin Tussock Jumper pr\u00e9f\u00e9r\u00e9 parmi les meilleurs vignobles du monde et voyagez de vin en vin dans le monde entier.\" \/>\n<meta property=\"og:url\" content=\"https:\/\/www.tussockjumperwines.com\/fr\/nos-vins\/\" \/>\n<meta property=\"og:site_name\" content=\"Tussock Jumper Wines\" \/>\n<meta property=\"article:modified_time\" content=\"2021-09-28T08:15:42+00:00\" \/>\n<meta name=\"twitter:card\" content=\"summary_large_image\" \/>\n<meta name=\"twitter:label1\" content=\"Dur\u00e9e de lecture estim\u00e9e\" \/>\n\t<meta name=\"twitter:data1\" content=\"1 minute\" \/>\n<script type=\"application\/ld+json\" class=\"yoast-schema-graph\">{\"@context\":\"https:\\\/\\\/schema.org\",\"@graph\":[{\"@type\":\"WebPage\",\"@id\":\"https:\\\/\\\/www.tussockjumperwines.com\\\/fr\\\/nos-vins\\\/\",\"url\":\"https:\\\/\\\/www.tussockjumperwines.com\\\/fr\\\/nos-vins\\\/\",\"name\":\"Nos vins - Un vin Tussock Jumper pour toutes les occasions\",\"isPartOf\":{\"@id\":\"https:\\\/\\\/www.tussockjumperwines.com\\\/#website\"},\"datePublished\":\"2021-09-27T11:41:14+00:00\",\"dateModified\":\"2021-09-28T08:15:42+00:00\",\"description\":\"Choisissez votre vin Tussock Jumper pr\u00e9f\u00e9r\u00e9 parmi les meilleurs vignobles du monde et voyagez de vin en vin dans le monde entier.\",\"breadcrumb\":{\"@id\":\"https:\\\/\\\/www.tussockjumperwines.com\\\/fr\\\/nos-vins\\\/#breadcrumb\"},\"inLanguage\":\"fr-FR\",\"potentialAction\":[{\"@type\":\"ReadAction\",\"target\":[\"https:\\\/\\\/www.tussockjumperwines.com\\\/fr\\\/nos-vins\\\/\"]}]},{\"@type\":\"BreadcrumbList\",\"@id\":\"https:\\\/\\\/www.tussockjumperwines.com\\\/fr\\\/nos-vins\\\/#breadcrumb\",\"itemListElement\":[{\"@type\":\"ListItem\",\"position\":1,\"name\":\"Home\",\"item\":\"https:\\\/\\\/www.tussockjumperwines.com\\\/fr\\\/\"},{\"@type\":\"ListItem\",\"position\":2,\"name\":\"Nos vins\"}]},{\"@type\":\"WebSite\",\"@id\":\"https:\\\/\\\/www.tussockjumperwines.com\\\/#website\",\"url\":\"https:\\\/\\\/www.tussockjumperwines.com\\\/\",\"name\":\"Tussock Jumper Wines\",\"description\":\"Jump around the wine world\",\"potentialAction\":[{\"@type\":\"SearchAction\",\"target\":{\"@type\":\"EntryPoint\",\"urlTemplate\":\"https:\\\/\\\/www.tussockjumperwines.com\\\/?s={search_term_string}\"},\"query-input\":{\"@type\":\"PropertyValueSpecification\",\"valueRequired\":true,\"valueName\":\"search_term_string\"}}],\"inLanguage\":\"fr-FR\"}]}<\/script>\n<!-- \/ Yoast SEO plugin. -->","yoast_head_json":{"title":"Nos vins - Un vin Tussock Jumper pour toutes les occasions","description":"Choisissez votre vin Tussock Jumper pr\u00e9f\u00e9r\u00e9 parmi les meilleurs vignobles du monde et voyagez de vin en vin dans le monde entier.","robots":{"index":"index","follow":"follow","max-snippet":"max-snippet:-1","max-image-preview":"max-image-preview:large","max-video-preview":"max-video-preview:-1"},"canonical":"https:\/\/www.tussockjumperwines.com\/fr\/nos-vins\/","og_locale":"fr_FR","og_type":"article","og_title":"Nos vins - Un vin Tussock Jumper pour toutes les occasions","og_description":"Choisissez votre vin Tussock Jumper pr\u00e9f\u00e9r\u00e9 parmi les meilleurs vignobles du monde et voyagez de vin en vin dans le monde entier.","og_url":"https:\/\/www.tussockjumperwines.com\/fr\/nos-vins\/","og_site_name":"Tussock Jumper Wines","article_modified_time":"2021-09-28T08:15:42+00:00","twitter_card":"summary_large_image","twitter_misc":{"Dur\u00e9e de lecture estim\u00e9e":"1 minute"},"schema":{"@context":"https:\/\/schema.org","@graph":[{"@type":"WebPage","@id":"https:\/\/www.tussockjumperwines.com\/fr\/nos-vins\/","url":"https:\/\/www.tussockjumperwines.com\/fr\/nos-vins\/","name":"Nos vins - Un vin Tussock Jumper pour toutes les occasions","isPartOf":{"@id":"https:\/\/www.tussockjumperwines.com\/#website"},"datePublished":"2021-09-27T11:41:14+00:00","dateModified":"2021-09-28T08:15:42+00:00","description":"Choisissez votre vin Tussock Jumper pr\u00e9f\u00e9r\u00e9 parmi les meilleurs vignobles du monde et voyagez de vin en vin dans le monde entier.","breadcrumb":{"@id":"https:\/\/www.tussockjumperwines.com\/fr\/nos-vins\/#breadcrumb"},"inLanguage":"fr-FR","potentialAction":[{"@type":"ReadAction","target":["https:\/\/www.tussockjumperwines.com\/fr\/nos-vins\/"]}]},{"@type":"BreadcrumbList","@id":"https:\/\/www.tussockjumperwines.com\/fr\/nos-vins\/#breadcrumb","itemListElement":[{"@type":"ListItem","position":1,"name":"Home","item":"https:\/\/www.tussockjumperwines.com\/fr\/"},{"@type":"ListItem","position":2,"name":"Nos vins"}]},{"@type":"WebSite","@id":"https:\/\/www.tussockjumperwines.com\/#website","url":"https:\/\/www.tussockjumperwines.com\/","name":"Tussock Jumper Wines","description":"Jump around the wine world","potentialAction":[{"@type":"SearchAction","target":{"@type":"EntryPoint","urlTemplate":"https:\/\/www.tussockjumperwines.com\/?s={search_term_string}"},"query-input":{"@type":"PropertyValueSpecification","valueRequired":true,"valueName":"search_term_string"}}],"inLanguage":"fr-FR"}]}},"_links":{"self":[{"href":"https:\/\/www.tussockjumperwines.com\/fr\/wp-json\/wp\/v2\/pages\/8183","targetHints":{"allow":["GET"]}}],"collection":[{"href":"https:\/\/www.tussockjumperwines.com\/fr\/wp-json\/wp\/v2\/pages"}],"about":[{"href":"https:\/\/www.tussockjumperwines.com\/fr\/wp-json\/wp\/v2\/types\/page"}],"author":[{"embeddable":true,"href":"https:\/\/www.tussockjumperwines.com\/fr\/wp-json\/wp\/v2\/users\/1"}],"replies":[{"embeddable":true,"href":"https:\/\/www.tussockjumperwines.com\/fr\/wp-json\/wp\/v2\/comments?post=8183"}],"version-history":[{"count":1,"href":"https:\/\/www.tussockjumperwines.com\/fr\/wp-json\/wp\/v2\/pages\/8183\/revisions"}],"predecessor-version":[{"id":8902,"href":"https:\/\/www.tussockjumperwines.com\/fr\/wp-json\/wp\/v2\/pages\/8183\/revisions\/8902"}],"wp:attachment":[{"href":"https:\/\/www.tussockjumperwines.com\/fr\/wp-json\/wp\/v2\/media?parent=8183"}],"curies":[{"name":"wp","href":"https:\/\/api.w.org\/{rel}","templated":true}]}}