{"id":8174,"date":"2021-09-27T11:41:13","date_gmt":"2021-09-27T11:41:13","guid":{"rendered":"https:\/\/www.tussockjumperwines.com\/qui-sommes-nous\/"},"modified":"2021-09-28T08:15:42","modified_gmt":"2021-09-28T08:15:42","slug":"qui-sommes-nous","status":"publish","type":"page","link":"https:\/\/www.tussockjumperwines.com\/fr\/qui-sommes-nous\/","title":{"rendered":"Qui sommes-nous ?"},"content":{"rendered":"<div class=\"mp-row-fluid motopress-row mp-row-fullwidth-content mpce-dsbl-margin-left mpce-dsbl-margin-right noeffect\">\n<div class=\"mp-span12 motopress-clmn  mpce-dsbl-margin-left mpce-dsbl-margin-right\">\n<div class=\"motopress-image-obj motopress-text-align-left\"><img decoding=\"async\" src=\"https:\/\/www.tussockjumperwines.com\/wp-content\/uploads\/2017\/01\/About-us.jpg\" alt=\"bottles of wine\" class=\"motopress-image-obj-basic mpce-dsbl-margin-left mpce-dsbl-margin-right mpce-dsbl-margin-top mpce-dsbl-margin-bottom\" \/><\/div>\n<\/div>\n<\/div>\n<div class=\"mp-row-fluid motopress-row mp-row-fixed-width mpce-dsbl-margin-left mpce-dsbl-margin-right\">\n<div class=\"mp-span12 motopress-clmn  mpce-dsbl-margin-left mpce-dsbl-margin-right\">\n<div class=\"motopress-code-obj\">\n<h2 style=\"text-align: center;\">\u00c0 propos de NOUS<\/h2>\n<h4 style=\"text-align: center; margin-top: -20px;\">Une histoire de passion et de fiert\u00e9<\/h4>\n<p style=\"text-align: center;\">Tussock Jumper est une marque de vins haut de gamme n\u00e9e de la passion partag\u00e9e d&rsquo;\u0153nologues originaires de onze pays diff\u00e9rents.<br \/>\nNotre ambition est de rassembler les meilleurs vins du monde sous une seule marque de qualit\u00e9, reconnaissable entre toutes : le tricot rouge de Tussock Jumper. Vous pouvez ainsi voyager de vin en vin, dans le monde entier. Ce qui fait notre originalit\u00e9, c\u2019est que tous nos vins sont mis en bouteille \u00e0 la source \u2013 \u00e0 l\u2019endroit m\u00eame o\u00f9 les raisins sont r\u00e9colt\u00e9s. Et comme nos producteurs appr\u00e9cient notre passion pour le vin, ils se r\u00e9jouissent de nous fournir leurs meilleurs produits.<br \/>\nVous savez quoi ? C\u2019est l\u00e0 notre plus grande fiert\u00e9.<\/p>\n<h4 style=\"text-align: center;\"><\/h4>\n<h4 style=\"text-align: center;\"><strong>Un tricot \u00e0 quatre faces<\/strong><\/h4>\n<h5 style=\"text-align: center;\"><span style=\"color: #ff0000;\">PASSION<\/span><\/h5>\n<p style=\"text-align: center;\">Le vin est notre passion. C\u2019est pourquoi nous ne voulons vous offrir que les meilleurs vins. Nous ne sommes propri\u00e9taires d\u2019aucun vignoble, d\u2019aucune entreprise viticole. Nous nous consacrons simplement \u00e0 parcourir le monde, \u00e0 s\u00e9lectionner les meilleurs vins aux meilleurs prix, et \u00e0 les partager avec vous. Chacun porte l&rsquo;image d\u2019un animal natif du terroir de chaque vin. Consid\u00e9rez-les comme les ambassadeurs de Tussock Jumper pour chacun de ces pays.<\/p>\n<h5 style=\"text-align: center;\"><span style=\"color: #ff0000;\">CONVICTION<\/span><\/h5>\n<p style=\"text-align: center;\">Pourquoi les origines de nos vins nous importent-elles tant ? Car un vin ne sera jamais meilleur que son terroir. Et en mettant le vin en bouteille \u00e0 sa source, nous vous garantissons la meilleure qualit\u00e9 possible. Nous travaillons en collaboration avec les meilleurs producteurs du monde entier, et nous les connaissons tous personnellement. Comme ils appr\u00e9cient les valeurs que d\u00e9fend la marque Tussock Jumper, ils se r\u00e9jouissent de nous fournir en vins d\u2019excellence.<\/p>\n<h5 style=\"text-align: center;\"><span style=\"color: #ff0000;\">NATURE<\/span><\/h5>\n<p style=\"text-align: center;\">\u2018Tussock\u2019 signifie touffe d\u2019herbe et d\u00e9signe un genre d\u2019herbe filandreuse que l&rsquo;on trouve dans le monde entier. Ce terme symbolise nos r\u00e9f\u00e9rences et notre engagement envers la protection de l\u2019environnement. Nous sommes tr\u00e8s attentifs \u00e0 ce que nos vins se d\u00e9veloppent et soient produits dans les conditions les meilleures et les plus durables. Cela vous garantit d\u2019excellents vins tout en prot\u00e9geant leur approvisionnement futur.<\/p>\n<h5 style=\"text-align: center;\"><span style=\"color: #ff0000;\">QUALIT\u00c9<\/span><\/h5>\n<p style=\"text-align: center;\">Nos \u00e9tiquettes de vins orn\u00e9es d\u2019animaux en tricot ne sont pas juste une pirouette ou un concept marketing pour nous faire remarquer sur les \u00e9tag\u00e8res d\u00e9j\u00e0 pleines de votre caviste. C\u2019est bien plus que cela. Ce tricot est un sceau d\u2019authenticit\u00e9 qui vous garantit que tout a \u00e9t\u00e9 mis en \u0153uvre pour vous offrir une qualit\u00e9 optimale, un vin extraordinaire.<\/p>\n<p><img loading=\"lazy\" decoding=\"async\" class=\"size-full wp-image-155 aligncenter\" src=\"https:\/\/www.tussockjumperwines.com\/wp-content\/uploads\/2017\/01\/all-animalls-small_03.png\" alt=\"\" width=\"826\" height=\"116\" srcset=\"https:\/\/www.tussockjumperwines.com\/wp-content\/uploads\/2017\/01\/all-animalls-small_03.png 826w, https:\/\/www.tussockjumperwines.com\/wp-content\/uploads\/2017\/01\/all-animalls-small_03-600x84.png 600w, https:\/\/www.tussockjumperwines.com\/wp-content\/uploads\/2017\/01\/all-animalls-small_03-300x42.png 300w, https:\/\/www.tussockjumperwines.com\/wp-content\/uploads\/2017\/01\/all-animalls-small_03-768x108.png 768w, https:\/\/www.tussockjumperwines.com\/wp-content\/uploads\/2017\/01\/all-animalls-small_03-720x101.png 720w\" sizes=\"auto, (max-width: 826px) 100vw, 826px\" \/><\/p>\n<p style=\"text-align: center;\"><div class=\"addtoany_shortcode\"><div class=\"a2a_kit a2a_kit_size_16 addtoany_list\" data-a2a-url=\"https:\/\/www.tussockjumperwines.com\/fr\/qui-sommes-nous\/\" data-a2a-title=\"Qui sommes-nous ?\"><a class=\"a2a_button_facebook\" href=\"https:\/\/www.addtoany.com\/add_to\/facebook?linkurl=https%3A%2F%2Fwww.tussockjumperwines.com%2Ffr%2Fqui-sommes-nous%2F&amp;linkname=Qui%20sommes-nous%20%3F\" title=\"Facebook\" rel=\"nofollow noopener\" target=\"_blank\"><\/a><a class=\"a2a_button_twitter\" href=\"https:\/\/www.addtoany.com\/add_to\/twitter?linkurl=https%3A%2F%2Fwww.tussockjumperwines.com%2Ffr%2Fqui-sommes-nous%2F&amp;linkname=Qui%20sommes-nous%20%3F\" title=\"Twitter\" rel=\"nofollow noopener\" target=\"_blank\"><\/a><a class=\"a2a_button_pinterest\" href=\"https:\/\/www.addtoany.com\/add_to\/pinterest?linkurl=https%3A%2F%2Fwww.tussockjumperwines.com%2Ffr%2Fqui-sommes-nous%2F&amp;linkname=Qui%20sommes-nous%20%3F\" title=\"Pinterest\" rel=\"nofollow noopener\" target=\"_blank\"><\/a><a class=\"a2a_dd addtoany_no_icon addtoany_share_save addtoany_share\" href=\"https:\/\/www.addtoany.com\/share\">+<\/a><\/div><\/div><\/p>\n<\/div>\n<\/div>\n<\/div>\n<div class=\"mp-row-fluid motopress-row mp-row-fullwidth mpce-prvt-20-58a1c917a823e mpce-dsbl-margin-left mpce-dsbl-margin-right\">\n<div class=\"mp-span1 motopress-clmn  mpce-dsbl-margin-left mpce-dsbl-margin-right  motopress-space\">\n<div class=\"motopress-space-obj mpce-dsbl-background-image-type mpce-dsbl-background-image mpce-dsbl-background-gradient mpce-dsbl-background-position mpce-dsbl-background-position-x mpce-dsbl-background-position-y mpce-dsbl-background-repeat mpce-dsbl-background-size mpce-dsbl-background-attachment mpce-dsbl-margin-left mpce-dsbl-margin-right mpce-dsbl-background-color mpce-dsbl-border-top-width mpce-dsbl-border-bottom-width mpce-dsbl-border-left-width mpce-dsbl-border-right-width mpce-dsbl-border-top-left-radius mpce-dsbl-border-top-right-radius mpce-dsbl-border-bottom-left-radius mpce-dsbl-border-bottom-right-radius mpce-dsbl-border-style mpce-dsbl-border-color mpce-dsbl-padding-left mpce-dsbl-padding-right mpce-dsbl-margin-top mpce-dsbl-margin-bottom mpce-dsbl-color\">\n<div><\/div>\n<\/div>\n<\/div>\n<div class=\"mp-span11 motopress-clmn  mpce-dsbl-margin-left mpce-dsbl-margin-right\">\n<div class=\"mp-row-fluid motopress-row mpce-dsbl-margin-left mpce-dsbl-margin-right\">\n<div class=\"mp-span12 motopress-clmn mpce-dsbl-margin-left mpce-dsbl-margin-right  motopress-space\">\n<div class=\"motopress-space-obj mpce-dsbl-background-image-type mpce-dsbl-background-image mpce-dsbl-background-gradient mpce-dsbl-background-position mpce-dsbl-background-position-x mpce-dsbl-background-position-y mpce-dsbl-background-repeat mpce-dsbl-background-size mpce-dsbl-background-attachment mpce-dsbl-margin-left mpce-dsbl-margin-right mpce-dsbl-background-color mpce-dsbl-border-top-width mpce-dsbl-border-bottom-width mpce-dsbl-border-left-width mpce-dsbl-border-right-width mpce-dsbl-border-top-left-radius mpce-dsbl-border-top-right-radius mpce-dsbl-border-bottom-left-radius mpce-dsbl-border-bottom-right-radius mpce-dsbl-border-style mpce-dsbl-border-color mpce-dsbl-padding-left mpce-dsbl-padding-right mpce-dsbl-margin-top mpce-dsbl-margin-bottom mpce-dsbl-color\">\n<div><\/div>\n<\/div>\n<\/div>\n<\/div>\n<div data-stellar-background-ratio=\"0.5\" class=\"mp-row-fluid motopress-row motopress-row-parallax mp-row-fixed-width mpce-dsbl-margin-left mpce-dsbl-margin-right\" style=\"background-image:url(&quot;https:\/\/www.tussockjumperwines.com\/wp-content\/uploads\/2018\/07\/TJ-website-image-3-1024x350_new.jpg&quot;);\">\n<div class=\"mp-span6 motopress-clmn mpce-dsbl-margin-left mpce-dsbl-margin-right motopress-margin-top-25 motopress-margin-bottom-25\">\n<div class=\"motopress-code-obj motopress-margin-top-50 motopress-margin-bottom-50 roboto\">\n<h3>Faites vivre votre vin<\/h3>\n<p>T\u00e9l\u00e9chargez l\u2019application Tussock Jumper Wines App et<\/p>\n<p>profitez des conseils de l&rsquo;un de nos animaux !<\/p>\n<\/div>\n<\/div>\n<div class=\"mp-span6 motopress-clmn mpce-dsbl-margin-left mpce-dsbl-margin-right motopress-margin-top-100\">\n<div class=\"motopress-button-obj motopress-text-align-left motopress-margin-top-100\"><a href=\"https:\/\/www.youtube.com\/watch?v=YeQ0YltnR5Y\" target=\"_blank\" class=\"motopress-btn mp-theme-button-brand motopress-btn-rounded motopress-btn-icon-indent-middle motopress-btn-size-large\">Regarder la vid\u00e9o<\/a><\/div>\n<\/div>\n<\/div>\n<\/div>\n<\/div>\n","protected":false},"excerpt":{"rendered":"","protected":false},"author":1,"featured_media":0,"parent":0,"menu_order":0,"comment_status":"closed","ping_status":"closed","template":"","meta":{"footnotes":""},"class_list":["post-8174","page","type-page","status-publish","hentry"],"yoast_head":"<!-- This site is optimized with the Yoast SEO plugin v27.6 - https:\/\/yoast.com\/product\/yoast-seo-wordpress\/ -->\n<title>\u00c0 propos de nous - Tussock Jumper est une marque de vins haut de gamme<\/title>\n<meta name=\"description\" content=\"Notre objectif est de r\u00e9unir les meilleurs vins du monde sous un m\u00eame label de qualit\u00e9 unique : le tricot rouge de Tussock Jumper.\" \/>\n<meta name=\"robots\" content=\"index, follow, max-snippet:-1, max-image-preview:large, max-video-preview:-1\" \/>\n<link rel=\"canonical\" href=\"https:\/\/www.tussockjumperwines.com\/fr\/qui-sommes-nous\/\" \/>\n<meta property=\"og:locale\" content=\"fr_FR\" \/>\n<meta property=\"og:type\" content=\"article\" \/>\n<meta property=\"og:title\" content=\"\u00c0 propos de nous - Tussock Jumper est une marque de vins haut de gamme\" \/>\n<meta property=\"og:description\" content=\"Notre objectif est de r\u00e9unir les meilleurs vins du monde sous un m\u00eame label de qualit\u00e9 unique : le tricot rouge de Tussock Jumper.\" \/>\n<meta property=\"og:url\" content=\"https:\/\/www.tussockjumperwines.com\/fr\/qui-sommes-nous\/\" \/>\n<meta property=\"og:site_name\" content=\"Tussock Jumper Wines\" \/>\n<meta property=\"article:modified_time\" content=\"2021-09-28T08:15:42+00:00\" \/>\n<meta property=\"og:image\" content=\"https:\/\/www.tussockjumperwines.com\/wp-content\/uploads\/2017\/01\/all-animalls-small_03.png\" \/>\n<meta name=\"twitter:card\" content=\"summary_large_image\" \/>\n<meta name=\"twitter:label1\" content=\"Dur\u00e9e de lecture estim\u00e9e\" \/>\n\t<meta name=\"twitter:data1\" content=\"3 minutes\" \/>\n<script type=\"application\/ld+json\" class=\"yoast-schema-graph\">{\"@context\":\"https:\\\/\\\/schema.org\",\"@graph\":[{\"@type\":\"WebPage\",\"@id\":\"https:\\\/\\\/www.tussockjumperwines.com\\\/fr\\\/qui-sommes-nous\\\/\",\"url\":\"https:\\\/\\\/www.tussockjumperwines.com\\\/fr\\\/qui-sommes-nous\\\/\",\"name\":\"\u00c0 propos de nous - Tussock Jumper est une marque de vins haut de gamme\",\"isPartOf\":{\"@id\":\"https:\\\/\\\/www.tussockjumperwines.com\\\/#website\"},\"primaryImageOfPage\":{\"@id\":\"https:\\\/\\\/www.tussockjumperwines.com\\\/fr\\\/qui-sommes-nous\\\/#primaryimage\"},\"image\":{\"@id\":\"https:\\\/\\\/www.tussockjumperwines.com\\\/fr\\\/qui-sommes-nous\\\/#primaryimage\"},\"thumbnailUrl\":\"https:\\\/\\\/www.tussockjumperwines.com\\\/wp-content\\\/uploads\\\/2017\\\/01\\\/all-animalls-small_03.png\",\"datePublished\":\"2021-09-27T11:41:13+00:00\",\"dateModified\":\"2021-09-28T08:15:42+00:00\",\"description\":\"Notre objectif est de r\u00e9unir les meilleurs vins du monde sous un m\u00eame label de qualit\u00e9 unique : le tricot rouge de Tussock Jumper.\",\"breadcrumb\":{\"@id\":\"https:\\\/\\\/www.tussockjumperwines.com\\\/fr\\\/qui-sommes-nous\\\/#breadcrumb\"},\"inLanguage\":\"fr-FR\",\"potentialAction\":[{\"@type\":\"ReadAction\",\"target\":[\"https:\\\/\\\/www.tussockjumperwines.com\\\/fr\\\/qui-sommes-nous\\\/\"]}]},{\"@type\":\"ImageObject\",\"inLanguage\":\"fr-FR\",\"@id\":\"https:\\\/\\\/www.tussockjumperwines.com\\\/fr\\\/qui-sommes-nous\\\/#primaryimage\",\"url\":\"https:\\\/\\\/www.tussockjumperwines.com\\\/wp-content\\\/uploads\\\/2017\\\/01\\\/all-animalls-small_03.png\",\"contentUrl\":\"https:\\\/\\\/www.tussockjumperwines.com\\\/wp-content\\\/uploads\\\/2017\\\/01\\\/all-animalls-small_03.png\"},{\"@type\":\"BreadcrumbList\",\"@id\":\"https:\\\/\\\/www.tussockjumperwines.com\\\/fr\\\/qui-sommes-nous\\\/#breadcrumb\",\"itemListElement\":[{\"@type\":\"ListItem\",\"position\":1,\"name\":\"Home\",\"item\":\"https:\\\/\\\/www.tussockjumperwines.com\\\/fr\\\/\"},{\"@type\":\"ListItem\",\"position\":2,\"name\":\"Qui sommes-nous ?\"}]},{\"@type\":\"WebSite\",\"@id\":\"https:\\\/\\\/www.tussockjumperwines.com\\\/#website\",\"url\":\"https:\\\/\\\/www.tussockjumperwines.com\\\/\",\"name\":\"Tussock Jumper Wines\",\"description\":\"Jump around the wine world\",\"potentialAction\":[{\"@type\":\"SearchAction\",\"target\":{\"@type\":\"EntryPoint\",\"urlTemplate\":\"https:\\\/\\\/www.tussockjumperwines.com\\\/?s={search_term_string}\"},\"query-input\":{\"@type\":\"PropertyValueSpecification\",\"valueRequired\":true,\"valueName\":\"search_term_string\"}}],\"inLanguage\":\"fr-FR\"}]}<\/script>\n<!-- \/ Yoast SEO plugin. -->","yoast_head_json":{"title":"\u00c0 propos de nous - Tussock Jumper est une marque de vins haut de gamme","description":"Notre objectif est de r\u00e9unir les meilleurs vins du monde sous un m\u00eame label de qualit\u00e9 unique : le tricot rouge de Tussock Jumper.","robots":{"index":"index","follow":"follow","max-snippet":"max-snippet:-1","max-image-preview":"max-image-preview:large","max-video-preview":"max-video-preview:-1"},"canonical":"https:\/\/www.tussockjumperwines.com\/fr\/qui-sommes-nous\/","og_locale":"fr_FR","og_type":"article","og_title":"\u00c0 propos de nous - Tussock Jumper est une marque de vins haut de gamme","og_description":"Notre objectif est de r\u00e9unir les meilleurs vins du monde sous un m\u00eame label de qualit\u00e9 unique : le tricot rouge de Tussock Jumper.","og_url":"https:\/\/www.tussockjumperwines.com\/fr\/qui-sommes-nous\/","og_site_name":"Tussock Jumper Wines","article_modified_time":"2021-09-28T08:15:42+00:00","og_image":[{"url":"https:\/\/www.tussockjumperwines.com\/wp-content\/uploads\/2017\/01\/all-animalls-small_03.png","type":"","width":"","height":""}],"twitter_card":"summary_large_image","twitter_misc":{"Dur\u00e9e de lecture estim\u00e9e":"3 minutes"},"schema":{"@context":"https:\/\/schema.org","@graph":[{"@type":"WebPage","@id":"https:\/\/www.tussockjumperwines.com\/fr\/qui-sommes-nous\/","url":"https:\/\/www.tussockjumperwines.com\/fr\/qui-sommes-nous\/","name":"\u00c0 propos de nous - Tussock Jumper est une marque de vins haut de gamme","isPartOf":{"@id":"https:\/\/www.tussockjumperwines.com\/#website"},"primaryImageOfPage":{"@id":"https:\/\/www.tussockjumperwines.com\/fr\/qui-sommes-nous\/#primaryimage"},"image":{"@id":"https:\/\/www.tussockjumperwines.com\/fr\/qui-sommes-nous\/#primaryimage"},"thumbnailUrl":"https:\/\/www.tussockjumperwines.com\/wp-content\/uploads\/2017\/01\/all-animalls-small_03.png","datePublished":"2021-09-27T11:41:13+00:00","dateModified":"2021-09-28T08:15:42+00:00","description":"Notre objectif est de r\u00e9unir les meilleurs vins du monde sous un m\u00eame label de qualit\u00e9 unique : le tricot rouge de Tussock Jumper.","breadcrumb":{"@id":"https:\/\/www.tussockjumperwines.com\/fr\/qui-sommes-nous\/#breadcrumb"},"inLanguage":"fr-FR","potentialAction":[{"@type":"ReadAction","target":["https:\/\/www.tussockjumperwines.com\/fr\/qui-sommes-nous\/"]}]},{"@type":"ImageObject","inLanguage":"fr-FR","@id":"https:\/\/www.tussockjumperwines.com\/fr\/qui-sommes-nous\/#primaryimage","url":"https:\/\/www.tussockjumperwines.com\/wp-content\/uploads\/2017\/01\/all-animalls-small_03.png","contentUrl":"https:\/\/www.tussockjumperwines.com\/wp-content\/uploads\/2017\/01\/all-animalls-small_03.png"},{"@type":"BreadcrumbList","@id":"https:\/\/www.tussockjumperwines.com\/fr\/qui-sommes-nous\/#breadcrumb","itemListElement":[{"@type":"ListItem","position":1,"name":"Home","item":"https:\/\/www.tussockjumperwines.com\/fr\/"},{"@type":"ListItem","position":2,"name":"Qui sommes-nous ?"}]},{"@type":"WebSite","@id":"https:\/\/www.tussockjumperwines.com\/#website","url":"https:\/\/www.tussockjumperwines.com\/","name":"Tussock Jumper Wines","description":"Jump around the wine world","potentialAction":[{"@type":"SearchAction","target":{"@type":"EntryPoint","urlTemplate":"https:\/\/www.tussockjumperwines.com\/?s={search_term_string}"},"query-input":{"@type":"PropertyValueSpecification","valueRequired":true,"valueName":"search_term_string"}}],"inLanguage":"fr-FR"}]}},"_links":{"self":[{"href":"https:\/\/www.tussockjumperwines.com\/fr\/wp-json\/wp\/v2\/pages\/8174","targetHints":{"allow":["GET"]}}],"collection":[{"href":"https:\/\/www.tussockjumperwines.com\/fr\/wp-json\/wp\/v2\/pages"}],"about":[{"href":"https:\/\/www.tussockjumperwines.com\/fr\/wp-json\/wp\/v2\/types\/page"}],"author":[{"embeddable":true,"href":"https:\/\/www.tussockjumperwines.com\/fr\/wp-json\/wp\/v2\/users\/1"}],"replies":[{"embeddable":true,"href":"https:\/\/www.tussockjumperwines.com\/fr\/wp-json\/wp\/v2\/comments?post=8174"}],"version-history":[{"count":1,"href":"https:\/\/www.tussockjumperwines.com\/fr\/wp-json\/wp\/v2\/pages\/8174\/revisions"}],"predecessor-version":[{"id":8901,"href":"https:\/\/www.tussockjumperwines.com\/fr\/wp-json\/wp\/v2\/pages\/8174\/revisions\/8901"}],"wp:attachment":[{"href":"https:\/\/www.tussockjumperwines.com\/fr\/wp-json\/wp\/v2\/media?parent=8174"}],"curies":[{"name":"wp","href":"https:\/\/api.w.org\/{rel}","templated":true}]}}